{"id":52596,"date":"2024-01-24T13:08:30","date_gmt":"2024-01-24T13:08:30","guid":{"rendered":"https:\/\/bellfire.ee\/uncategorized\/slim-line-tumba\/"},"modified":"2024-01-24T13:08:30","modified_gmt":"2024-01-24T13:08:30","slug":"slim-line-tumba","status":"publish","type":"product","link":"https:\/\/bellfire.ee\/en\/outlet-en\/outlet-ottomans\/slim-line-tumba\/","title":{"rendered":"Slim Line tumba"},"content":{"rendered":"<p>The <em>Slim Line<\/em> ottoman is available immediately and is located at the<a href=\"https:\/\/www.google.com\/maps\/place\/Antsu+tee+6,+Allikmaa,+90811+L%C3%A4%C3%A4ne+maakond\/@58.9705555,23.8603984,17z\/data=!3m1!4b1!4m6!3m5!1s0x46ed50fe91ca258f:0x27257ccf4329a4aa!8m2!3d58.9705528!4d23.8629733!16s%2Fg%2F11crvq81r2?entry=tts\"> Bellfire factory in Palivere.<\/a><\/p>\n<p>Quantity: 1<\/p>\n<p>The <em>Slim Line<\/em> ottoman features a classic design with a practical armrest, and its standout feature is the soft, feather-lined polyurethane foam seat. The ottoman has a sturdy pinewood and birch plywood construction, high-quality upholstery fabric, and tall legs.<\/p>\n<p><strong>Dimensions:<\/strong><\/p>\n<ul>\n<li>Seat height: 45 cm<\/li>\n<li>Armrest width: 4 cm<\/li>\n<li>Legs: 16 cm<\/li>\n<\/ul>\n<p>&nbsp;<\/p>\n<p><img fetchpriority=\"high\" decoding=\"async\" class=\"alignnone size-full wp-image-52070\" src=\"https:\/\/bellfire.ee\/wp-content\/uploads\/2024\/11\/Slim_line_kt_tumba-measurements.jpg\" alt=\"\" width=\"301\" height=\"214\" \/><\/p>\n<p class=\"p1\">You can explore the full fabric selection at our showroom at <a href=\"https:\/\/maps.app.goo.gl\/PgyjmcJaAairgt4G7\"><span class=\"s1\">Riia 142, Tartu<\/span><\/a>.<\/p>\n<p class=\"p1\"><b>Please note that the actual color may vary from what appears on the screen. We recommend checking the colors in our showroom.<\/b><\/p>\n","protected":false},"excerpt":{"rendered":"<p>The <em>Slim Line<\/em> ottoman is available immediately and is located at the<a href=\"https:\/\/www.google.com\/maps\/place\/Antsu+tee+6,+Allikmaa,+90811+L%C3%A4%C3%A4ne+maakond\/@58.9705555,23.8603984,17z\/data=!3m1!4b1!4m6!3m5!1s0x46ed50fe91ca258f:0x27257ccf4329a4aa!8m2!3d58.9705528!4d23.8629733!16s%2Fg%2F11crvq81r2?entry=tts\"> Bellfire factory in Palivere.<\/a><\/p>\n<p>Quantity: 1<\/p>\n<p>The <em>Slim Line<\/em> ottoman features a classic design with a practical armrest, and its standout feature is the soft, feather-lined polyurethane foam seat. The ottoman has a sturdy pinewood and birch plywood construction, high-quality upholstery fabric, and tall legs.<\/p>\n<p><strong>Dimensions:<\/strong><\/p>\n<ul>\n<li>Seat height: 45 cm<\/li>\n<li>Armrest width: 4 cm<\/li>\n<li>Legs: 16 cm<\/li>\n<\/ul>\n<p>&nbsp;<\/p>\n<p><img fetchpriority=\"high\" decoding=\"async\" class=\"alignnone size-full wp-image-52070\" src=\"https:\/\/bellfire.ee\/wp-content\/uploads\/2024\/11\/Slim_line_kt_tumba-measurements.jpg\" alt=\"\" width=\"301\" height=\"214\" \/><\/p>\n<p class=\"p1\">You can explore the full fabric selection at our showroom at <a href=\"https:\/\/maps.app.goo.gl\/PgyjmcJaAairgt4G7\"><span class=\"s1\">Riia 142, Tartu<\/span><\/a>.<\/p>\n<p class=\"p1\"><b>Please note that the actual color may vary from what appears on the screen. We recommend checking the colors in our showroom.<\/b><\/p>\n","protected":false},"featured_media":43894,"template":"","meta":{"_acf_changed":false},"wpc-attribute-group":[],"product_brand":[],"product_cat":[987,1001],"product_tag":[],"class_list":{"0":"post-52596","1":"product","2":"type-product","3":"status-publish","4":"has-post-thumbnail","6":"product_cat-outlet-en","7":"product_cat-outlet-ottomans","8":"pa_e-poe-kangavalik-hometown-02-sky-en","10":"first","11":"instock","12":"sale","13":"sold-individually","14":"taxable","15":"shipping-taxable","16":"purchasable","17":"product-type-variable","18":"add-to-wishlist-after_add_to_cart"},"acf":[],"yoast_head":"<!-- This site is optimized with the Yoast SEO plugin v26.1 - https:\/\/yoast.com\/wordpress\/plugins\/seo\/ -->\n<title>Slim Line tumba - Bellfire<\/title>\n<meta name=\"robots\" content=\"index, follow, max-snippet:-1, max-image-preview:large, max-video-preview:-1\" \/>\n<link rel=\"canonical\" href=\"https:\/\/bellfire.ee\/en\/outlet-en\/outlet-ottomans\/slim-line-tumba\/\" \/>\n<meta property=\"og:locale\" content=\"en_US\" \/>\n<meta property=\"og:type\" content=\"article\" \/>\n<meta property=\"og:title\" content=\"Slim Line tumba - Bellfire\" \/>\n<meta property=\"og:description\" content=\"The Slim Line ottoman is available immediately and is located at the Bellfire factory in Palivere.  Quantity: 1  The Slim Line ottoman features a classic design with a practical armrest, and its standout feature is the soft, feather-lined polyurethane foam seat. The ottoman has a sturdy pinewood and birch plywood construction, high-quality upholstery fabric, and tall legs.  Dimensions:   Seat height: 45 cm  Armrest width: 4 cm  Legs: 16 cm  &nbsp;   You can explore the full fabric selection at our showroom at Riia 142, Tartu. Please note that the actual color may vary from what appears on the screen. We recommend checking the colors in our showroom.\" \/>\n<meta property=\"og:url\" content=\"https:\/\/bellfire.ee\/en\/outlet-en\/outlet-ottomans\/slim-line-tumba\/\" \/>\n<meta property=\"og:site_name\" content=\"Bellfire\" \/>\n<meta property=\"og:image\" content=\"https:\/\/bellfire.ee\/wp-content\/uploads\/2024\/10\/Slimline_FS_kaetoega_tumba_hometown_02_1920x1080.jpg\" \/>\n\t<meta property=\"og:image:width\" content=\"1920\" \/>\n\t<meta property=\"og:image:height\" content=\"1080\" \/>\n\t<meta property=\"og:image:type\" content=\"image\/jpeg\" \/>\n<meta name=\"twitter:card\" content=\"summary_large_image\" \/>\n<meta name=\"twitter:label1\" content=\"Est. reading time\" \/>\n\t<meta name=\"twitter:data1\" content=\"1 minute\" \/>\n<script type=\"application\/ld+json\" class=\"yoast-schema-graph\">{\"@context\":\"https:\/\/schema.org\",\"@graph\":[{\"@type\":\"WebPage\",\"@id\":\"https:\/\/bellfire.ee\/en\/outlet-en\/outlet-ottomans\/slim-line-tumba\/\",\"url\":\"https:\/\/bellfire.ee\/en\/outlet-en\/outlet-ottomans\/slim-line-tumba\/\",\"name\":\"Slim Line tumba - Bellfire\",\"isPartOf\":{\"@id\":\"https:\/\/bellfire.ee\/en\/#website\"},\"primaryImageOfPage\":{\"@id\":\"https:\/\/bellfire.ee\/en\/outlet-en\/outlet-ottomans\/slim-line-tumba\/#primaryimage\"},\"image\":{\"@id\":\"https:\/\/bellfire.ee\/en\/outlet-en\/outlet-ottomans\/slim-line-tumba\/#primaryimage\"},\"thumbnailUrl\":\"https:\/\/bellfire.ee\/wp-content\/uploads\/2024\/10\/Slimline_FS_kaetoega_tumba_hometown_02_1920x1080.jpg\",\"datePublished\":\"2024-01-24T13:08:30+00:00\",\"breadcrumb\":{\"@id\":\"https:\/\/bellfire.ee\/en\/outlet-en\/outlet-ottomans\/slim-line-tumba\/#breadcrumb\"},\"inLanguage\":\"en-US\",\"potentialAction\":[{\"@type\":\"ReadAction\",\"target\":[\"https:\/\/bellfire.ee\/en\/outlet-en\/outlet-ottomans\/slim-line-tumba\/\"]}]},{\"@type\":\"ImageObject\",\"inLanguage\":\"en-US\",\"@id\":\"https:\/\/bellfire.ee\/en\/outlet-en\/outlet-ottomans\/slim-line-tumba\/#primaryimage\",\"url\":\"https:\/\/bellfire.ee\/wp-content\/uploads\/2024\/10\/Slimline_FS_kaetoega_tumba_hometown_02_1920x1080.jpg\",\"contentUrl\":\"https:\/\/bellfire.ee\/wp-content\/uploads\/2024\/10\/Slimline_FS_kaetoega_tumba_hometown_02_1920x1080.jpg\",\"width\":1920,\"height\":1080},{\"@type\":\"BreadcrumbList\",\"@id\":\"https:\/\/bellfire.ee\/en\/outlet-en\/outlet-ottomans\/slim-line-tumba\/#breadcrumb\",\"itemListElement\":[{\"@type\":\"ListItem\",\"position\":1,\"name\":\"Avaleht\",\"item\":\"https:\/\/bellfire.ee\/en\/\"},{\"@type\":\"ListItem\",\"position\":2,\"name\":\"Furniture\",\"item\":\"https:\/\/bellfire.ee\/en\/furniture\/\"},{\"@type\":\"ListItem\",\"position\":3,\"name\":\"Slim Line tumba\"}]},{\"@type\":\"WebSite\",\"@id\":\"https:\/\/bellfire.ee\/en\/#website\",\"url\":\"https:\/\/bellfire.ee\/en\/\",\"name\":\"Bellfire\",\"description\":\"Disainm\u00f6\u00f6bel Sinu koju Eesti pehme m\u00f6\u00f6bli tootjal\",\"publisher\":{\"@id\":\"https:\/\/bellfire.ee\/en\/#organization\"},\"potentialAction\":[{\"@type\":\"SearchAction\",\"target\":{\"@type\":\"EntryPoint\",\"urlTemplate\":\"https:\/\/bellfire.ee\/en\/?s={search_term_string}\"},\"query-input\":{\"@type\":\"PropertyValueSpecification\",\"valueRequired\":true,\"valueName\":\"search_term_string\"}}],\"inLanguage\":\"en-US\"},{\"@type\":\"Organization\",\"@id\":\"https:\/\/bellfire.ee\/en\/#organization\",\"name\":\"Bellfire\",\"url\":\"https:\/\/bellfire.ee\/en\/\",\"logo\":{\"@type\":\"ImageObject\",\"inLanguage\":\"en-US\",\"@id\":\"https:\/\/bellfire.ee\/en\/#\/schema\/logo\/image\/\",\"url\":\"https:\/\/bellfire.ee\/wp-content\/uploads\/2024\/10\/Site-logo.svg\",\"contentUrl\":\"https:\/\/bellfire.ee\/wp-content\/uploads\/2024\/10\/Site-logo.svg\",\"width\":55,\"height\":64,\"caption\":\"Bellfire\"},\"image\":{\"@id\":\"https:\/\/bellfire.ee\/en\/#\/schema\/logo\/image\/\"}}]}<\/script>\n<!-- \/ Yoast SEO plugin. -->","yoast_head_json":{"title":"Slim Line tumba - Bellfire","robots":{"index":"index","follow":"follow","max-snippet":"max-snippet:-1","max-image-preview":"max-image-preview:large","max-video-preview":"max-video-preview:-1"},"canonical":"https:\/\/bellfire.ee\/en\/outlet-en\/outlet-ottomans\/slim-line-tumba\/","og_locale":"en_US","og_type":"article","og_title":"Slim Line tumba - Bellfire","og_description":"The Slim Line ottoman is available immediately and is located at the Bellfire factory in Palivere.  Quantity: 1  The Slim Line ottoman features a classic design with a practical armrest, and its standout feature is the soft, feather-lined polyurethane foam seat. The ottoman has a sturdy pinewood and birch plywood construction, high-quality upholstery fabric, and tall legs.  Dimensions:   Seat height: 45 cm  Armrest width: 4 cm  Legs: 16 cm  &nbsp;   You can explore the full fabric selection at our showroom at Riia 142, Tartu. Please note that the actual color may vary from what appears on the screen. We recommend checking the colors in our showroom.","og_url":"https:\/\/bellfire.ee\/en\/outlet-en\/outlet-ottomans\/slim-line-tumba\/","og_site_name":"Bellfire","og_image":[{"width":1920,"height":1080,"url":"https:\/\/bellfire.ee\/wp-content\/uploads\/2024\/10\/Slimline_FS_kaetoega_tumba_hometown_02_1920x1080.jpg","type":"image\/jpeg"}],"twitter_card":"summary_large_image","twitter_misc":{"Est. reading time":"1 minute"},"schema":{"@context":"https:\/\/schema.org","@graph":[{"@type":"WebPage","@id":"https:\/\/bellfire.ee\/en\/outlet-en\/outlet-ottomans\/slim-line-tumba\/","url":"https:\/\/bellfire.ee\/en\/outlet-en\/outlet-ottomans\/slim-line-tumba\/","name":"Slim Line tumba - Bellfire","isPartOf":{"@id":"https:\/\/bellfire.ee\/en\/#website"},"primaryImageOfPage":{"@id":"https:\/\/bellfire.ee\/en\/outlet-en\/outlet-ottomans\/slim-line-tumba\/#primaryimage"},"image":{"@id":"https:\/\/bellfire.ee\/en\/outlet-en\/outlet-ottomans\/slim-line-tumba\/#primaryimage"},"thumbnailUrl":"https:\/\/bellfire.ee\/wp-content\/uploads\/2024\/10\/Slimline_FS_kaetoega_tumba_hometown_02_1920x1080.jpg","datePublished":"2024-01-24T13:08:30+00:00","breadcrumb":{"@id":"https:\/\/bellfire.ee\/en\/outlet-en\/outlet-ottomans\/slim-line-tumba\/#breadcrumb"},"inLanguage":"en-US","potentialAction":[{"@type":"ReadAction","target":["https:\/\/bellfire.ee\/en\/outlet-en\/outlet-ottomans\/slim-line-tumba\/"]}]},{"@type":"ImageObject","inLanguage":"en-US","@id":"https:\/\/bellfire.ee\/en\/outlet-en\/outlet-ottomans\/slim-line-tumba\/#primaryimage","url":"https:\/\/bellfire.ee\/wp-content\/uploads\/2024\/10\/Slimline_FS_kaetoega_tumba_hometown_02_1920x1080.jpg","contentUrl":"https:\/\/bellfire.ee\/wp-content\/uploads\/2024\/10\/Slimline_FS_kaetoega_tumba_hometown_02_1920x1080.jpg","width":1920,"height":1080},{"@type":"BreadcrumbList","@id":"https:\/\/bellfire.ee\/en\/outlet-en\/outlet-ottomans\/slim-line-tumba\/#breadcrumb","itemListElement":[{"@type":"ListItem","position":1,"name":"Avaleht","item":"https:\/\/bellfire.ee\/en\/"},{"@type":"ListItem","position":2,"name":"Furniture","item":"https:\/\/bellfire.ee\/en\/furniture\/"},{"@type":"ListItem","position":3,"name":"Slim Line tumba"}]},{"@type":"WebSite","@id":"https:\/\/bellfire.ee\/en\/#website","url":"https:\/\/bellfire.ee\/en\/","name":"Bellfire","description":"Disainm\u00f6\u00f6bel Sinu koju Eesti pehme m\u00f6\u00f6bli tootjal","publisher":{"@id":"https:\/\/bellfire.ee\/en\/#organization"},"potentialAction":[{"@type":"SearchAction","target":{"@type":"EntryPoint","urlTemplate":"https:\/\/bellfire.ee\/en\/?s={search_term_string}"},"query-input":{"@type":"PropertyValueSpecification","valueRequired":true,"valueName":"search_term_string"}}],"inLanguage":"en-US"},{"@type":"Organization","@id":"https:\/\/bellfire.ee\/en\/#organization","name":"Bellfire","url":"https:\/\/bellfire.ee\/en\/","logo":{"@type":"ImageObject","inLanguage":"en-US","@id":"https:\/\/bellfire.ee\/en\/#\/schema\/logo\/image\/","url":"https:\/\/bellfire.ee\/wp-content\/uploads\/2024\/10\/Site-logo.svg","contentUrl":"https:\/\/bellfire.ee\/wp-content\/uploads\/2024\/10\/Site-logo.svg","width":55,"height":64,"caption":"Bellfire"},"image":{"@id":"https:\/\/bellfire.ee\/en\/#\/schema\/logo\/image\/"}}]}},"_links":{"self":[{"href":"https:\/\/bellfire.ee\/en\/wp-json\/wp\/v2\/product\/52596","targetHints":{"allow":["GET"]}}],"collection":[{"href":"https:\/\/bellfire.ee\/en\/wp-json\/wp\/v2\/product"}],"about":[{"href":"https:\/\/bellfire.ee\/en\/wp-json\/wp\/v2\/types\/product"}],"wp:featuredmedia":[{"embeddable":true,"href":"https:\/\/bellfire.ee\/en\/wp-json\/wp\/v2\/media\/43894"}],"wp:attachment":[{"href":"https:\/\/bellfire.ee\/en\/wp-json\/wp\/v2\/media?parent=52596"}],"wp:term":[{"taxonomy":"wpc-attribute-group","embeddable":true,"href":"https:\/\/bellfire.ee\/en\/wp-json\/wp\/v2\/wpc-attribute-group?post=52596"},{"taxonomy":"product_brand","embeddable":true,"href":"https:\/\/bellfire.ee\/en\/wp-json\/wp\/v2\/product_brand?post=52596"},{"taxonomy":"product_cat","embeddable":true,"href":"https:\/\/bellfire.ee\/en\/wp-json\/wp\/v2\/product_cat?post=52596"},{"taxonomy":"product_tag","embeddable":true,"href":"https:\/\/bellfire.ee\/en\/wp-json\/wp\/v2\/product_tag?post=52596"}],"curies":[{"name":"wp","href":"https:\/\/api.w.org\/{rel}","templated":true}]}}