{"id":52594,"date":"2024-03-08T09:17:14","date_gmt":"2024-03-08T09:17:14","guid":{"rendered":"https:\/\/bellfire.ee\/uncategorized\/round-tumba-37x60\/"},"modified":"2024-03-08T09:17:14","modified_gmt":"2024-03-08T09:17:14","slug":"round-tumba-37x60","status":"publish","type":"product","link":"https:\/\/bellfire.ee\/en\/outlet-en\/outlet-ottomans\/round-tumba-37x60\/","title":{"rendered":"Round tumba, 37&#215;60"},"content":{"rendered":"<div class=\"flex-shrink-0 flex flex-col relative items-end\">\n<div>\n<div class=\"pt-0\">\n<div class=\"gizmo-bot-avatar flex h-8 w-8 items-center justify-center overflow-hidden rounded-full\">\n<div class=\"relative p-1 rounded-sm flex items-center justify-center bg-token-main-surface-primary text-token-text-primary h-8 w-8\">The ottoman is available immediately and is located at our <a href=\"https:\/\/www.google.com\/maps\/place\/Bellfire+O%C3%9C\/@58.3551488,26.680653,17z\/data=!3m1!4b1!4m6!3m5!1s0x46eb3730b5e297d1:0x1242945c1a1e6259!8m2!3d58.355146!4d26.6832279!16s%2Fg%2F1tdshgnk?entry=tts\">Tartu showroom.<\/a><\/div>\n<\/div>\n<\/div>\n<\/div>\n<\/div>\n<div class=\"group\/conversation-turn relative flex w-full min-w-0 flex-col agent-turn\">\n<div class=\"flex-col gap-1 md:gap-3\">\n<div class=\"flex max-w-full flex-col flex-grow\">\n<div class=\"min-h-8 text-message flex w-full flex-col items-end gap-2 whitespace-normal break-words [.text-message+&amp;]:mt-5\" dir=\"auto\" data-message-author-role=\"assistant\" data-message-id=\"2c1b3dc7-669b-4850-9b0d-eb30af9ca454\" data-message-model-slug=\"gpt-4o-mini\">\n<div class=\"flex w-full flex-col gap-1 empty:hidden first:pt-[3px]\">\n<div class=\"markdown prose w-full break-words dark:prose-invert dark\">\n<p>Quantity: 1<\/p>\n<p><strong>Dimensions:<\/strong><\/p>\n<ul>\n<li>Height: 37 cm<\/li>\n<li>Width: 60 cm<\/li>\n<\/ul>\n<p>This velvet-covered ottoman is an excellent choice for a wardrobe, bedroom, or hallway. It can be used as a footrest, extra seat, or modern table.<\/p>\n<p class=\"p1\">You can explore the full fabric selection at our showroom at <a href=\"https:\/\/maps.app.goo.gl\/PgyjmcJaAairgt4G7\"><span class=\"s1\">Riia 142, Tartu<\/span><\/a>.<\/p>\n<p class=\"p1\"><b>Please note that the actual color may vary from what appears on the screen. We recommend checking the colors in our showroom.<\/b><\/p>\n<\/div>\n<\/div>\n<\/div>\n<\/div>\n<\/div>\n<\/div>\n<p>&nbsp;<\/p>\n","protected":false},"excerpt":{"rendered":"<div class=\"flex-shrink-0 flex flex-col relative items-end\">\n<div>\n<div class=\"pt-0\">\n<div class=\"gizmo-bot-avatar flex h-8 w-8 items-center justify-center overflow-hidden rounded-full\">\n<div class=\"relative p-1 rounded-sm flex items-center justify-center bg-token-main-surface-primary text-token-text-primary h-8 w-8\">The ottoman is available immediately and is located at our <a href=\"https:\/\/www.google.com\/maps\/place\/Bellfire+O%C3%9C\/@58.3551488,26.680653,17z\/data=!3m1!4b1!4m6!3m5!1s0x46eb3730b5e297d1:0x1242945c1a1e6259!8m2!3d58.355146!4d26.6832279!16s%2Fg%2F1tdshgnk?entry=tts\">Tartu showroom.<\/a><\/div>\n<\/div>\n<\/div>\n<\/div>\n<\/div>\n<div class=\"group\/conversation-turn relative flex w-full min-w-0 flex-col agent-turn\">\n<div class=\"flex-col gap-1 md:gap-3\">\n<div class=\"flex max-w-full flex-col flex-grow\">\n<div class=\"min-h-8 text-message flex w-full flex-col items-end gap-2 whitespace-normal break-words [.text-message+&amp;]:mt-5\" dir=\"auto\" data-message-author-role=\"assistant\" data-message-id=\"2c1b3dc7-669b-4850-9b0d-eb30af9ca454\" data-message-model-slug=\"gpt-4o-mini\">\n<div class=\"flex w-full flex-col gap-1 empty:hidden first:pt-[3px]\">\n<div class=\"markdown prose w-full break-words dark:prose-invert dark\">\n<p>Quantity: 1<\/p>\n<p><strong>Dimensions:<\/strong><\/p>\n<ul>\n<li>Height: 37 cm<\/li>\n<li>Width: 60 cm<\/li>\n<\/ul>\n<p>This velvet-covered ottoman is an excellent choice for a wardrobe, bedroom, or hallway. It can be used as a footrest, extra seat, or modern table.<\/p>\n<p class=\"p1\">You can explore the full fabric selection at our showroom at <a href=\"https:\/\/maps.app.goo.gl\/PgyjmcJaAairgt4G7\"><span class=\"s1\">Riia 142, Tartu<\/span><\/a>.<\/p>\n<p class=\"p1\"><b>Please note that the actual color may vary from what appears on the screen. We recommend checking the colors in our showroom.<\/b><\/p>\n<\/div>\n<\/div>\n<\/div>\n<\/div>\n<\/div>\n<\/div>\n","protected":false},"featured_media":44300,"template":"","meta":{"_acf_changed":false},"wpc-attribute-group":[],"product_brand":[],"product_cat":[1001,987],"product_tag":[],"class_list":{"0":"post-52594","1":"product","2":"type-product","3":"status-publish","4":"has-post-thumbnail","6":"product_cat-outlet-ottomans","7":"product_cat-outlet-en","8":"pa_e-poe-kangavalik-matt-velvet-06-en","10":"first","11":"instock","12":"sale","13":"sold-individually","14":"taxable","15":"shipping-taxable","16":"purchasable","17":"product-type-variable","18":"add-to-wishlist-after_add_to_cart"},"acf":[],"yoast_head":"<!-- This site is optimized with the Yoast SEO plugin v26.1 - https:\/\/yoast.com\/wordpress\/plugins\/seo\/ -->\n<title>Round tumba, 37x60 - Bellfire<\/title>\n<meta name=\"robots\" content=\"index, follow, max-snippet:-1, max-image-preview:large, max-video-preview:-1\" \/>\n<link rel=\"canonical\" href=\"https:\/\/bellfire.ee\/en\/outlet-en\/outlet-ottomans\/round-tumba-37x60\/\" \/>\n<meta property=\"og:locale\" content=\"en_US\" \/>\n<meta property=\"og:type\" content=\"article\" \/>\n<meta property=\"og:title\" content=\"Round tumba, 37x60 - Bellfire\" \/>\n<meta property=\"og:description\" content=\"The ottoman is available immediately and is located at our Tartu showroom.            Quantity: 1  Dimensions:   Height: 37 cm  Width: 60 cm  This velvet-covered ottoman is an excellent choice for a wardrobe, bedroom, or hallway. It can be used as a footrest, extra seat, or modern table. You can explore the full fabric selection at our showroom at Riia 142, Tartu. Please note that the actual color may vary from what appears on the screen. We recommend checking the colors in our showroom.\" \/>\n<meta property=\"og:url\" content=\"https:\/\/bellfire.ee\/en\/outlet-en\/outlet-ottomans\/round-tumba-37x60\/\" \/>\n<meta property=\"og:site_name\" content=\"Bellfire\" \/>\n<meta property=\"og:image\" content=\"https:\/\/bellfire.ee\/wp-content\/uploads\/2024\/10\/Round_80_tumba_Matt_velvet_2.jpg\" \/>\n\t<meta property=\"og:image:width\" content=\"1920\" \/>\n\t<meta property=\"og:image:height\" content=\"1080\" \/>\n\t<meta property=\"og:image:type\" content=\"image\/jpeg\" \/>\n<meta name=\"twitter:card\" content=\"summary_large_image\" \/>\n<script type=\"application\/ld+json\" class=\"yoast-schema-graph\">{\"@context\":\"https:\/\/schema.org\",\"@graph\":[{\"@type\":\"WebPage\",\"@id\":\"https:\/\/bellfire.ee\/en\/outlet-en\/outlet-ottomans\/round-tumba-37x60\/\",\"url\":\"https:\/\/bellfire.ee\/en\/outlet-en\/outlet-ottomans\/round-tumba-37x60\/\",\"name\":\"Round tumba, 37x60 - Bellfire\",\"isPartOf\":{\"@id\":\"https:\/\/bellfire.ee\/en\/#website\"},\"primaryImageOfPage\":{\"@id\":\"https:\/\/bellfire.ee\/en\/outlet-en\/outlet-ottomans\/round-tumba-37x60\/#primaryimage\"},\"image\":{\"@id\":\"https:\/\/bellfire.ee\/en\/outlet-en\/outlet-ottomans\/round-tumba-37x60\/#primaryimage\"},\"thumbnailUrl\":\"https:\/\/bellfire.ee\/wp-content\/uploads\/2024\/10\/Round_80_tumba_Matt_velvet_2.jpg\",\"datePublished\":\"2024-03-08T09:17:14+00:00\",\"breadcrumb\":{\"@id\":\"https:\/\/bellfire.ee\/en\/outlet-en\/outlet-ottomans\/round-tumba-37x60\/#breadcrumb\"},\"inLanguage\":\"en-US\",\"potentialAction\":[{\"@type\":\"ReadAction\",\"target\":[\"https:\/\/bellfire.ee\/en\/outlet-en\/outlet-ottomans\/round-tumba-37x60\/\"]}]},{\"@type\":\"ImageObject\",\"inLanguage\":\"en-US\",\"@id\":\"https:\/\/bellfire.ee\/en\/outlet-en\/outlet-ottomans\/round-tumba-37x60\/#primaryimage\",\"url\":\"https:\/\/bellfire.ee\/wp-content\/uploads\/2024\/10\/Round_80_tumba_Matt_velvet_2.jpg\",\"contentUrl\":\"https:\/\/bellfire.ee\/wp-content\/uploads\/2024\/10\/Round_80_tumba_Matt_velvet_2.jpg\",\"width\":1920,\"height\":1080},{\"@type\":\"BreadcrumbList\",\"@id\":\"https:\/\/bellfire.ee\/en\/outlet-en\/outlet-ottomans\/round-tumba-37x60\/#breadcrumb\",\"itemListElement\":[{\"@type\":\"ListItem\",\"position\":1,\"name\":\"Avaleht\",\"item\":\"https:\/\/bellfire.ee\/en\/\"},{\"@type\":\"ListItem\",\"position\":2,\"name\":\"Furniture\",\"item\":\"https:\/\/bellfire.ee\/en\/furniture\/\"},{\"@type\":\"ListItem\",\"position\":3,\"name\":\"Round tumba, 37&#215;60\"}]},{\"@type\":\"WebSite\",\"@id\":\"https:\/\/bellfire.ee\/en\/#website\",\"url\":\"https:\/\/bellfire.ee\/en\/\",\"name\":\"Bellfire\",\"description\":\"Disainm\u00f6\u00f6bel Sinu koju Eesti pehme m\u00f6\u00f6bli tootjal\",\"publisher\":{\"@id\":\"https:\/\/bellfire.ee\/en\/#organization\"},\"potentialAction\":[{\"@type\":\"SearchAction\",\"target\":{\"@type\":\"EntryPoint\",\"urlTemplate\":\"https:\/\/bellfire.ee\/en\/?s={search_term_string}\"},\"query-input\":{\"@type\":\"PropertyValueSpecification\",\"valueRequired\":true,\"valueName\":\"search_term_string\"}}],\"inLanguage\":\"en-US\"},{\"@type\":\"Organization\",\"@id\":\"https:\/\/bellfire.ee\/en\/#organization\",\"name\":\"Bellfire\",\"url\":\"https:\/\/bellfire.ee\/en\/\",\"logo\":{\"@type\":\"ImageObject\",\"inLanguage\":\"en-US\",\"@id\":\"https:\/\/bellfire.ee\/en\/#\/schema\/logo\/image\/\",\"url\":\"https:\/\/bellfire.ee\/wp-content\/uploads\/2024\/10\/Site-logo.svg\",\"contentUrl\":\"https:\/\/bellfire.ee\/wp-content\/uploads\/2024\/10\/Site-logo.svg\",\"width\":55,\"height\":64,\"caption\":\"Bellfire\"},\"image\":{\"@id\":\"https:\/\/bellfire.ee\/en\/#\/schema\/logo\/image\/\"}}]}<\/script>\n<!-- \/ Yoast SEO plugin. -->","yoast_head_json":{"title":"Round tumba, 37x60 - Bellfire","robots":{"index":"index","follow":"follow","max-snippet":"max-snippet:-1","max-image-preview":"max-image-preview:large","max-video-preview":"max-video-preview:-1"},"canonical":"https:\/\/bellfire.ee\/en\/outlet-en\/outlet-ottomans\/round-tumba-37x60\/","og_locale":"en_US","og_type":"article","og_title":"Round tumba, 37x60 - Bellfire","og_description":"The ottoman is available immediately and is located at our Tartu showroom.            Quantity: 1  Dimensions:   Height: 37 cm  Width: 60 cm  This velvet-covered ottoman is an excellent choice for a wardrobe, bedroom, or hallway. It can be used as a footrest, extra seat, or modern table. You can explore the full fabric selection at our showroom at Riia 142, Tartu. Please note that the actual color may vary from what appears on the screen. We recommend checking the colors in our showroom.","og_url":"https:\/\/bellfire.ee\/en\/outlet-en\/outlet-ottomans\/round-tumba-37x60\/","og_site_name":"Bellfire","og_image":[{"width":1920,"height":1080,"url":"https:\/\/bellfire.ee\/wp-content\/uploads\/2024\/10\/Round_80_tumba_Matt_velvet_2.jpg","type":"image\/jpeg"}],"twitter_card":"summary_large_image","schema":{"@context":"https:\/\/schema.org","@graph":[{"@type":"WebPage","@id":"https:\/\/bellfire.ee\/en\/outlet-en\/outlet-ottomans\/round-tumba-37x60\/","url":"https:\/\/bellfire.ee\/en\/outlet-en\/outlet-ottomans\/round-tumba-37x60\/","name":"Round tumba, 37x60 - Bellfire","isPartOf":{"@id":"https:\/\/bellfire.ee\/en\/#website"},"primaryImageOfPage":{"@id":"https:\/\/bellfire.ee\/en\/outlet-en\/outlet-ottomans\/round-tumba-37x60\/#primaryimage"},"image":{"@id":"https:\/\/bellfire.ee\/en\/outlet-en\/outlet-ottomans\/round-tumba-37x60\/#primaryimage"},"thumbnailUrl":"https:\/\/bellfire.ee\/wp-content\/uploads\/2024\/10\/Round_80_tumba_Matt_velvet_2.jpg","datePublished":"2024-03-08T09:17:14+00:00","breadcrumb":{"@id":"https:\/\/bellfire.ee\/en\/outlet-en\/outlet-ottomans\/round-tumba-37x60\/#breadcrumb"},"inLanguage":"en-US","potentialAction":[{"@type":"ReadAction","target":["https:\/\/bellfire.ee\/en\/outlet-en\/outlet-ottomans\/round-tumba-37x60\/"]}]},{"@type":"ImageObject","inLanguage":"en-US","@id":"https:\/\/bellfire.ee\/en\/outlet-en\/outlet-ottomans\/round-tumba-37x60\/#primaryimage","url":"https:\/\/bellfire.ee\/wp-content\/uploads\/2024\/10\/Round_80_tumba_Matt_velvet_2.jpg","contentUrl":"https:\/\/bellfire.ee\/wp-content\/uploads\/2024\/10\/Round_80_tumba_Matt_velvet_2.jpg","width":1920,"height":1080},{"@type":"BreadcrumbList","@id":"https:\/\/bellfire.ee\/en\/outlet-en\/outlet-ottomans\/round-tumba-37x60\/#breadcrumb","itemListElement":[{"@type":"ListItem","position":1,"name":"Avaleht","item":"https:\/\/bellfire.ee\/en\/"},{"@type":"ListItem","position":2,"name":"Furniture","item":"https:\/\/bellfire.ee\/en\/furniture\/"},{"@type":"ListItem","position":3,"name":"Round tumba, 37&#215;60"}]},{"@type":"WebSite","@id":"https:\/\/bellfire.ee\/en\/#website","url":"https:\/\/bellfire.ee\/en\/","name":"Bellfire","description":"Disainm\u00f6\u00f6bel Sinu koju Eesti pehme m\u00f6\u00f6bli tootjal","publisher":{"@id":"https:\/\/bellfire.ee\/en\/#organization"},"potentialAction":[{"@type":"SearchAction","target":{"@type":"EntryPoint","urlTemplate":"https:\/\/bellfire.ee\/en\/?s={search_term_string}"},"query-input":{"@type":"PropertyValueSpecification","valueRequired":true,"valueName":"search_term_string"}}],"inLanguage":"en-US"},{"@type":"Organization","@id":"https:\/\/bellfire.ee\/en\/#organization","name":"Bellfire","url":"https:\/\/bellfire.ee\/en\/","logo":{"@type":"ImageObject","inLanguage":"en-US","@id":"https:\/\/bellfire.ee\/en\/#\/schema\/logo\/image\/","url":"https:\/\/bellfire.ee\/wp-content\/uploads\/2024\/10\/Site-logo.svg","contentUrl":"https:\/\/bellfire.ee\/wp-content\/uploads\/2024\/10\/Site-logo.svg","width":55,"height":64,"caption":"Bellfire"},"image":{"@id":"https:\/\/bellfire.ee\/en\/#\/schema\/logo\/image\/"}}]}},"_links":{"self":[{"href":"https:\/\/bellfire.ee\/en\/wp-json\/wp\/v2\/product\/52594","targetHints":{"allow":["GET"]}}],"collection":[{"href":"https:\/\/bellfire.ee\/en\/wp-json\/wp\/v2\/product"}],"about":[{"href":"https:\/\/bellfire.ee\/en\/wp-json\/wp\/v2\/types\/product"}],"wp:featuredmedia":[{"embeddable":true,"href":"https:\/\/bellfire.ee\/en\/wp-json\/wp\/v2\/media\/44300"}],"wp:attachment":[{"href":"https:\/\/bellfire.ee\/en\/wp-json\/wp\/v2\/media?parent=52594"}],"wp:term":[{"taxonomy":"wpc-attribute-group","embeddable":true,"href":"https:\/\/bellfire.ee\/en\/wp-json\/wp\/v2\/wpc-attribute-group?post=52594"},{"taxonomy":"product_brand","embeddable":true,"href":"https:\/\/bellfire.ee\/en\/wp-json\/wp\/v2\/product_brand?post=52594"},{"taxonomy":"product_cat","embeddable":true,"href":"https:\/\/bellfire.ee\/en\/wp-json\/wp\/v2\/product_cat?post=52594"},{"taxonomy":"product_tag","embeddable":true,"href":"https:\/\/bellfire.ee\/en\/wp-json\/wp\/v2\/product_tag?post=52594"}],"curies":[{"name":"wp","href":"https:\/\/api.w.org\/{rel}","templated":true}]}}