{"id":52549,"date":"2020-07-01T06:48:37","date_gmt":"2020-07-01T06:48:37","guid":{"rendered":"https:\/\/bellfire.ee\/uncategorized\/sun-lounger\/"},"modified":"2020-07-01T06:48:37","modified_gmt":"2020-07-01T06:48:37","slug":"sun-lounger","status":"publish","type":"product","link":"https:\/\/bellfire.ee\/en\/garden-furniture\/sun-lounger\/","title":{"rendered":"Sun lounger"},"content":{"rendered":"<div class=\"flex-shrink-0 flex flex-col relative items-end\">\n<div>\n<div class=\"pt-0\">\n<div class=\"gizmo-bot-avatar flex h-8 w-8 items-center justify-center overflow-hidden rounded-full\">\n<div class=\"relative p-1 rounded-sm flex items-center justify-center bg-token-main-surface-primary text-token-text-primary h-8 w-8\">The elegant Atlantico sun lounger with an adjustable backrest makes every outdoor relaxation moment a true pleasure.<\/div>\n<\/div>\n<\/div>\n<\/div>\n<\/div>\n<div class=\"group\/conversation-turn relative flex w-full min-w-0 flex-col agent-turn\">\n<div class=\"flex-col gap-1 md:gap-3\">\n<div class=\"flex max-w-full flex-col flex-grow\">\n<div class=\"min-h-8 text-message flex w-full flex-col items-end gap-2 whitespace-normal break-words [.text-message+&amp;]:mt-5\" dir=\"auto\" data-message-author-role=\"assistant\" data-message-id=\"7c44524e-34f9-4d97-bb2b-64b1b8fa7985\" data-message-model-slug=\"gpt-4o-mini\">\n<div class=\"flex w-full flex-col gap-1 empty:hidden first:pt-[3px]\">\n<div class=\"markdown prose w-full break-words dark:prose-invert dark\">\n<p>This Italian-made sun lounger is covered with high-quality, breathable fabric. The chair legs feature a non-slip coating, minimizing movement even on slippery surfaces. The lounger is easy to move thanks to its light weight (16 kg) and two wheels on the back legs. The frame is made from high-quality fiberglass polypropylene, ensuring the chair&#8217;s durability against UV rays and other weather conditions.<\/p>\n<p>Enjoy summer with Italian design and quality.<\/p>\n<p>Sun lounger dimensions: Length: 171 cm with raised backrest, 204 cm in full length when flat Width: 70 cm<\/p>\n<p>Seat height: 35 cm Height with raised backrest: 99 cm<\/p>\n<\/div>\n<\/div>\n<\/div>\n<\/div>\n<\/div>\n<\/div>\n<p>&nbsp;<\/p>\n<p><img decoding=\"async\" class=\"alignleft wp-image-55299\" src=\"https:\/\/bellfire.ee\/wp-content\/uploads\/2020\/07\/Sun_lounger_measurements-1-300x148.jpg\" alt=\"\" width=\"284\" height=\"140\" \/><\/p>\n<p>&nbsp;<\/p>\n<h5>Products available immediately.<\/h5>\n<p>&nbsp;<\/p>\n<p>Stock availability:<\/p>\n<p>Antracite: 2 pcs<br \/>\nCoffee: 3 pcs<br \/>\nWhite: 7 pcs<\/p>\n<p>Larger quantities can be ordered upon request.<\/p>\n","protected":false},"excerpt":{"rendered":"<div class=\"flex-shrink-0 flex flex-col relative items-end\">\n<div>\n<div class=\"pt-0\">\n<div class=\"gizmo-bot-avatar flex h-8 w-8 items-center justify-center overflow-hidden rounded-full\">\n<div class=\"relative p-1 rounded-sm flex items-center justify-center bg-token-main-surface-primary text-token-text-primary h-8 w-8\">The elegant Atlantico sun lounger with an adjustable backrest makes every outdoor relaxation moment a true pleasure.<\/div>\n<\/div>\n<\/div>\n<\/div>\n<\/div>\n<div class=\"group\/conversation-turn relative flex w-full min-w-0 flex-col agent-turn\">\n<div class=\"flex-col gap-1 md:gap-3\">\n<div class=\"flex max-w-full flex-col flex-grow\">\n<div class=\"min-h-8 text-message flex w-full flex-col items-end gap-2 whitespace-normal break-words [.text-message+&amp;]:mt-5\" dir=\"auto\" data-message-author-role=\"assistant\" data-message-id=\"7c44524e-34f9-4d97-bb2b-64b1b8fa7985\" data-message-model-slug=\"gpt-4o-mini\">\n<div class=\"flex w-full flex-col gap-1 empty:hidden first:pt-[3px]\">\n<div class=\"markdown prose w-full break-words dark:prose-invert dark\">\n<p>This Italian-made sun lounger is covered with high-quality, breathable fabric. The chair legs feature a non-slip coating, minimizing movement even on slippery surfaces. The lounger is easy to move thanks to its light weight (16 kg) and two wheels on the back legs. The frame is made from high-quality fiberglass polypropylene, ensuring the chair&#8217;s durability against UV rays and other weather conditions.<\/p>\n<p>Enjoy summer with Italian design and quality.<\/p>\n<p>Sun lounger dimensions: Length: 171 cm with raised backrest, 204 cm in full length when flat Width: 70 cm<\/p>\n<p>Seat height: 35 cm Height with raised backrest: 99 cm<\/p>\n<\/div>\n<\/div>\n<\/div>\n<\/div>\n<\/div>\n<\/div>\n<p>&nbsp;<\/p>\n<p><img decoding=\"async\" class=\"alignleft wp-image-55299\" src=\"https:\/\/bellfire.ee\/wp-content\/uploads\/2020\/07\/Sun_lounger_measurements-1-300x148.jpg\" alt=\"\" width=\"284\" height=\"140\" \/><\/p>\n<p>&nbsp;<\/p>\n<h5>Products available immediately.<\/h5>\n<p>&nbsp;<\/p>\n<p>Stock availability:<\/p>\n<p>Antracite: 2 pcs<br \/>\nCoffee: 3 pcs<br \/>\nWhite: 7 pcs<\/p>\n<p>Larger quantities can be ordered upon request.<\/p>\n","protected":false},"featured_media":50643,"template":"","meta":{"_acf_changed":false},"wpc-attribute-group":[],"product_brand":[],"product_cat":[982],"product_tag":[],"class_list":{"0":"post-52549","1":"product","2":"type-product","3":"status-publish","4":"has-post-thumbnail","6":"product_cat-garden-furniture","7":"pa_e-poe-kangavalik-paevitustooli-kangas-en","9":"first","10":"instock","11":"taxable","12":"shipping-taxable","13":"purchasable","14":"product-type-variable","15":"add-to-wishlist-after_add_to_cart"},"acf":[],"yoast_head":"<!-- This site is optimized with the Yoast SEO plugin v26.1 - https:\/\/yoast.com\/wordpress\/plugins\/seo\/ -->\n<title>Sun lounger - Bellfire<\/title>\n<meta name=\"robots\" content=\"index, follow, max-snippet:-1, max-image-preview:large, max-video-preview:-1\" \/>\n<link rel=\"canonical\" href=\"https:\/\/bellfire.ee\/en\/garden-furniture\/sun-lounger\/\" \/>\n<meta property=\"og:locale\" content=\"en_US\" \/>\n<meta property=\"og:type\" content=\"article\" \/>\n<meta property=\"og:title\" content=\"Sun lounger - Bellfire\" \/>\n<meta property=\"og:description\" content=\"The elegant Atlantico sun lounger with an adjustable backrest makes every outdoor relaxation moment a true pleasure.            This Italian-made sun lounger is covered with high-quality, breathable fabric. The chair legs feature a non-slip coating, minimizing movement even on slippery surfaces. The lounger is easy to move thanks to its light weight (16 kg) and two wheels on the back legs. The frame is made from high-quality fiberglass polypropylene, ensuring the chair&#039;s durability against UV rays and other weather conditions.  Enjoy summer with Italian design and quality.  Sun lounger dimensions: Length: 171 cm with raised backrest, 204 cm in full length when flat Width: 70 cm  Seat height: 35 cm Height with raised backrest: 99 cm        &nbsp;    &nbsp; Products available immediately. &nbsp;  Stock availability:  Antracite: 2 pcs Coffee: 3 pcs White: 7 pcs  Larger quantities can be ordered upon request.\" \/>\n<meta property=\"og:url\" content=\"https:\/\/bellfire.ee\/en\/garden-furniture\/sun-lounger\/\" \/>\n<meta property=\"og:site_name\" content=\"Bellfire\" \/>\n<meta property=\"og:image\" content=\"https:\/\/bellfire.ee\/wp-content\/uploads\/2020\/07\/lamamistool-ikoon.jpg\" \/>\n\t<meta property=\"og:image:width\" content=\"1031\" \/>\n\t<meta property=\"og:image:height\" content=\"581\" \/>\n\t<meta property=\"og:image:type\" content=\"image\/jpeg\" \/>\n<meta name=\"twitter:card\" content=\"summary_large_image\" \/>\n<meta name=\"twitter:label1\" content=\"Est. reading time\" \/>\n\t<meta name=\"twitter:data1\" content=\"1 minute\" \/>\n<script type=\"application\/ld+json\" class=\"yoast-schema-graph\">{\"@context\":\"https:\/\/schema.org\",\"@graph\":[{\"@type\":\"WebPage\",\"@id\":\"https:\/\/bellfire.ee\/en\/garden-furniture\/sun-lounger\/\",\"url\":\"https:\/\/bellfire.ee\/en\/garden-furniture\/sun-lounger\/\",\"name\":\"Sun lounger - Bellfire\",\"isPartOf\":{\"@id\":\"https:\/\/bellfire.ee\/en\/#website\"},\"primaryImageOfPage\":{\"@id\":\"https:\/\/bellfire.ee\/en\/garden-furniture\/sun-lounger\/#primaryimage\"},\"image\":{\"@id\":\"https:\/\/bellfire.ee\/en\/garden-furniture\/sun-lounger\/#primaryimage\"},\"thumbnailUrl\":\"https:\/\/bellfire.ee\/wp-content\/uploads\/2020\/07\/lamamistool-ikoon.jpg\",\"datePublished\":\"2020-07-01T06:48:37+00:00\",\"breadcrumb\":{\"@id\":\"https:\/\/bellfire.ee\/en\/garden-furniture\/sun-lounger\/#breadcrumb\"},\"inLanguage\":\"en-US\",\"potentialAction\":[{\"@type\":\"ReadAction\",\"target\":[\"https:\/\/bellfire.ee\/en\/garden-furniture\/sun-lounger\/\"]}]},{\"@type\":\"ImageObject\",\"inLanguage\":\"en-US\",\"@id\":\"https:\/\/bellfire.ee\/en\/garden-furniture\/sun-lounger\/#primaryimage\",\"url\":\"https:\/\/bellfire.ee\/wp-content\/uploads\/2020\/07\/lamamistool-ikoon.jpg\",\"contentUrl\":\"https:\/\/bellfire.ee\/wp-content\/uploads\/2020\/07\/lamamistool-ikoon.jpg\",\"width\":1031,\"height\":581},{\"@type\":\"BreadcrumbList\",\"@id\":\"https:\/\/bellfire.ee\/en\/garden-furniture\/sun-lounger\/#breadcrumb\",\"itemListElement\":[{\"@type\":\"ListItem\",\"position\":1,\"name\":\"Avaleht\",\"item\":\"https:\/\/bellfire.ee\/en\/\"},{\"@type\":\"ListItem\",\"position\":2,\"name\":\"Furniture\",\"item\":\"https:\/\/bellfire.ee\/en\/furniture\/\"},{\"@type\":\"ListItem\",\"position\":3,\"name\":\"Sun lounger\"}]},{\"@type\":\"WebSite\",\"@id\":\"https:\/\/bellfire.ee\/en\/#website\",\"url\":\"https:\/\/bellfire.ee\/en\/\",\"name\":\"Bellfire\",\"description\":\"Disainm\u00f6\u00f6bel Sinu koju Eesti pehme m\u00f6\u00f6bli tootjal\",\"publisher\":{\"@id\":\"https:\/\/bellfire.ee\/en\/#organization\"},\"potentialAction\":[{\"@type\":\"SearchAction\",\"target\":{\"@type\":\"EntryPoint\",\"urlTemplate\":\"https:\/\/bellfire.ee\/en\/?s={search_term_string}\"},\"query-input\":{\"@type\":\"PropertyValueSpecification\",\"valueRequired\":true,\"valueName\":\"search_term_string\"}}],\"inLanguage\":\"en-US\"},{\"@type\":\"Organization\",\"@id\":\"https:\/\/bellfire.ee\/en\/#organization\",\"name\":\"Bellfire\",\"url\":\"https:\/\/bellfire.ee\/en\/\",\"logo\":{\"@type\":\"ImageObject\",\"inLanguage\":\"en-US\",\"@id\":\"https:\/\/bellfire.ee\/en\/#\/schema\/logo\/image\/\",\"url\":\"https:\/\/bellfire.ee\/wp-content\/uploads\/2024\/10\/Site-logo.svg\",\"contentUrl\":\"https:\/\/bellfire.ee\/wp-content\/uploads\/2024\/10\/Site-logo.svg\",\"width\":55,\"height\":64,\"caption\":\"Bellfire\"},\"image\":{\"@id\":\"https:\/\/bellfire.ee\/en\/#\/schema\/logo\/image\/\"}}]}<\/script>\n<!-- \/ Yoast SEO plugin. -->","yoast_head_json":{"title":"Sun lounger - Bellfire","robots":{"index":"index","follow":"follow","max-snippet":"max-snippet:-1","max-image-preview":"max-image-preview:large","max-video-preview":"max-video-preview:-1"},"canonical":"https:\/\/bellfire.ee\/en\/garden-furniture\/sun-lounger\/","og_locale":"en_US","og_type":"article","og_title":"Sun lounger - Bellfire","og_description":"The elegant Atlantico sun lounger with an adjustable backrest makes every outdoor relaxation moment a true pleasure.            This Italian-made sun lounger is covered with high-quality, breathable fabric. The chair legs feature a non-slip coating, minimizing movement even on slippery surfaces. The lounger is easy to move thanks to its light weight (16 kg) and two wheels on the back legs. The frame is made from high-quality fiberglass polypropylene, ensuring the chair's durability against UV rays and other weather conditions.  Enjoy summer with Italian design and quality.  Sun lounger dimensions: Length: 171 cm with raised backrest, 204 cm in full length when flat Width: 70 cm  Seat height: 35 cm Height with raised backrest: 99 cm        &nbsp;    &nbsp; Products available immediately. &nbsp;  Stock availability:  Antracite: 2 pcs Coffee: 3 pcs White: 7 pcs  Larger quantities can be ordered upon request.","og_url":"https:\/\/bellfire.ee\/en\/garden-furniture\/sun-lounger\/","og_site_name":"Bellfire","og_image":[{"width":1031,"height":581,"url":"https:\/\/bellfire.ee\/wp-content\/uploads\/2020\/07\/lamamistool-ikoon.jpg","type":"image\/jpeg"}],"twitter_card":"summary_large_image","twitter_misc":{"Est. reading time":"1 minute"},"schema":{"@context":"https:\/\/schema.org","@graph":[{"@type":"WebPage","@id":"https:\/\/bellfire.ee\/en\/garden-furniture\/sun-lounger\/","url":"https:\/\/bellfire.ee\/en\/garden-furniture\/sun-lounger\/","name":"Sun lounger - Bellfire","isPartOf":{"@id":"https:\/\/bellfire.ee\/en\/#website"},"primaryImageOfPage":{"@id":"https:\/\/bellfire.ee\/en\/garden-furniture\/sun-lounger\/#primaryimage"},"image":{"@id":"https:\/\/bellfire.ee\/en\/garden-furniture\/sun-lounger\/#primaryimage"},"thumbnailUrl":"https:\/\/bellfire.ee\/wp-content\/uploads\/2020\/07\/lamamistool-ikoon.jpg","datePublished":"2020-07-01T06:48:37+00:00","breadcrumb":{"@id":"https:\/\/bellfire.ee\/en\/garden-furniture\/sun-lounger\/#breadcrumb"},"inLanguage":"en-US","potentialAction":[{"@type":"ReadAction","target":["https:\/\/bellfire.ee\/en\/garden-furniture\/sun-lounger\/"]}]},{"@type":"ImageObject","inLanguage":"en-US","@id":"https:\/\/bellfire.ee\/en\/garden-furniture\/sun-lounger\/#primaryimage","url":"https:\/\/bellfire.ee\/wp-content\/uploads\/2020\/07\/lamamistool-ikoon.jpg","contentUrl":"https:\/\/bellfire.ee\/wp-content\/uploads\/2020\/07\/lamamistool-ikoon.jpg","width":1031,"height":581},{"@type":"BreadcrumbList","@id":"https:\/\/bellfire.ee\/en\/garden-furniture\/sun-lounger\/#breadcrumb","itemListElement":[{"@type":"ListItem","position":1,"name":"Avaleht","item":"https:\/\/bellfire.ee\/en\/"},{"@type":"ListItem","position":2,"name":"Furniture","item":"https:\/\/bellfire.ee\/en\/furniture\/"},{"@type":"ListItem","position":3,"name":"Sun lounger"}]},{"@type":"WebSite","@id":"https:\/\/bellfire.ee\/en\/#website","url":"https:\/\/bellfire.ee\/en\/","name":"Bellfire","description":"Disainm\u00f6\u00f6bel Sinu koju Eesti pehme m\u00f6\u00f6bli tootjal","publisher":{"@id":"https:\/\/bellfire.ee\/en\/#organization"},"potentialAction":[{"@type":"SearchAction","target":{"@type":"EntryPoint","urlTemplate":"https:\/\/bellfire.ee\/en\/?s={search_term_string}"},"query-input":{"@type":"PropertyValueSpecification","valueRequired":true,"valueName":"search_term_string"}}],"inLanguage":"en-US"},{"@type":"Organization","@id":"https:\/\/bellfire.ee\/en\/#organization","name":"Bellfire","url":"https:\/\/bellfire.ee\/en\/","logo":{"@type":"ImageObject","inLanguage":"en-US","@id":"https:\/\/bellfire.ee\/en\/#\/schema\/logo\/image\/","url":"https:\/\/bellfire.ee\/wp-content\/uploads\/2024\/10\/Site-logo.svg","contentUrl":"https:\/\/bellfire.ee\/wp-content\/uploads\/2024\/10\/Site-logo.svg","width":55,"height":64,"caption":"Bellfire"},"image":{"@id":"https:\/\/bellfire.ee\/en\/#\/schema\/logo\/image\/"}}]}},"_links":{"self":[{"href":"https:\/\/bellfire.ee\/en\/wp-json\/wp\/v2\/product\/52549","targetHints":{"allow":["GET"]}}],"collection":[{"href":"https:\/\/bellfire.ee\/en\/wp-json\/wp\/v2\/product"}],"about":[{"href":"https:\/\/bellfire.ee\/en\/wp-json\/wp\/v2\/types\/product"}],"wp:featuredmedia":[{"embeddable":true,"href":"https:\/\/bellfire.ee\/en\/wp-json\/wp\/v2\/media\/50643"}],"wp:attachment":[{"href":"https:\/\/bellfire.ee\/en\/wp-json\/wp\/v2\/media?parent=52549"}],"wp:term":[{"taxonomy":"wpc-attribute-group","embeddable":true,"href":"https:\/\/bellfire.ee\/en\/wp-json\/wp\/v2\/wpc-attribute-group?post=52549"},{"taxonomy":"product_brand","embeddable":true,"href":"https:\/\/bellfire.ee\/en\/wp-json\/wp\/v2\/product_brand?post=52549"},{"taxonomy":"product_cat","embeddable":true,"href":"https:\/\/bellfire.ee\/en\/wp-json\/wp\/v2\/product_cat?post=52549"},{"taxonomy":"product_tag","embeddable":true,"href":"https:\/\/bellfire.ee\/en\/wp-json\/wp\/v2\/product_tag?post=52549"}],"curies":[{"name":"wp","href":"https:\/\/api.w.org\/{rel}","templated":true}]}}