{"id":52215,"date":"2021-08-16T08:25:09","date_gmt":"2021-08-16T08:25:09","guid":{"rendered":"https:\/\/bellfire.ee\/uncategorized\/foam-topper\/"},"modified":"2021-08-16T08:25:09","modified_gmt":"2021-08-16T08:25:09","slug":"foam-topper","status":"publish","type":"product","link":"https:\/\/bellfire.ee\/en\/bedroom\/mattress-toppers\/foam-topper\/","title":{"rendered":"Foam topper"},"content":{"rendered":"<p>A good topper provides extra support and comfort while helping extend the life of your bed. The HR foam topper is soft and has antibacterial properties.<\/p>\n<p>Foam, or polyurethane foam, is a soft and elastic material. It is odorless, breathable, and durable. Additionally, it prevents the growth of bedbugs, making it ideal for people with allergies.<\/p>\n<p>HR foam \u2013 High Resiliency Foam \u2013 High durability elastic foam.<\/p>\n<p>The foam topper is available in 5cm and 7cm heights.<\/p>\n<p>Made in Estonia \u2013 All our toppers are handcrafted by local artisans.<\/p>\n","protected":false},"excerpt":{"rendered":"<p>A good topper provides extra support and comfort while helping extend the life of your bed. The HR foam topper is soft and has antibacterial properties.<\/p>\n<p>Foam, or polyurethane foam, is a soft and elastic material. It is odorless, breathable, and durable. Additionally, it prevents the growth of bedbugs, making it ideal for people with allergies.<\/p>\n<p>HR foam \u2013 High Resiliency Foam \u2013 High durability elastic foam.<\/p>\n<p>The foam topper is available in 5cm and 7cm heights.<\/p>\n<p>Made in Estonia \u2013 All our toppers are handcrafted by local artisans.<\/p>\n","protected":false},"featured_media":55009,"template":"","meta":{"_acf_changed":false},"wpc-attribute-group":[],"product_brand":[],"product_cat":[1003],"product_tag":[],"class_list":{"0":"post-52215","1":"product","2":"type-product","3":"status-publish","4":"has-post-thumbnail","6":"product_cat-mattress-toppers","8":"first","9":"instock","10":"taxable","11":"shipping-taxable","12":"purchasable","13":"product-type-variable","14":"add-to-wishlist-after_add_to_cart"},"acf":[],"yoast_head":"<!-- This site is optimized with the Yoast SEO plugin v26.1 - https:\/\/yoast.com\/wordpress\/plugins\/seo\/ -->\n<title>Foam topper - Bellfire<\/title>\n<meta name=\"robots\" content=\"index, follow, max-snippet:-1, max-image-preview:large, max-video-preview:-1\" \/>\n<link rel=\"canonical\" href=\"https:\/\/bellfire.ee\/en\/bedroom\/mattress-toppers\/foam-topper\/\" \/>\n<meta property=\"og:locale\" content=\"en_US\" \/>\n<meta property=\"og:type\" content=\"article\" \/>\n<meta property=\"og:title\" content=\"Foam topper - Bellfire\" \/>\n<meta property=\"og:description\" content=\"A good topper provides extra support and comfort while helping extend the life of your bed. The HR foam topper is soft and has antibacterial properties.  Foam, or polyurethane foam, is a soft and elastic material. It is odorless, breathable, and durable. Additionally, it prevents the growth of bedbugs, making it ideal for people with allergies.  HR foam \u2013 High Resiliency Foam \u2013 High durability elastic foam.  The foam topper is available in 5cm and 7cm heights.  Made in Estonia \u2013 All our toppers are handcrafted by local artisans.\" \/>\n<meta property=\"og:url\" content=\"https:\/\/bellfire.ee\/en\/bedroom\/mattress-toppers\/foam-topper\/\" \/>\n<meta property=\"og:site_name\" content=\"Bellfire\" \/>\n<meta property=\"og:image\" content=\"https:\/\/bellfire.ee\/wp-content\/uploads\/2021\/08\/kattemadrats-ikoon-3-scaled.jpg\" \/>\n\t<meta property=\"og:image:width\" content=\"2560\" \/>\n\t<meta property=\"og:image:height\" content=\"1716\" \/>\n\t<meta property=\"og:image:type\" content=\"image\/jpeg\" \/>\n<meta name=\"twitter:card\" content=\"summary_large_image\" \/>\n<script type=\"application\/ld+json\" class=\"yoast-schema-graph\">{\"@context\":\"https:\/\/schema.org\",\"@graph\":[{\"@type\":\"WebPage\",\"@id\":\"https:\/\/bellfire.ee\/en\/bedroom\/mattress-toppers\/foam-topper\/\",\"url\":\"https:\/\/bellfire.ee\/en\/bedroom\/mattress-toppers\/foam-topper\/\",\"name\":\"Foam topper - Bellfire\",\"isPartOf\":{\"@id\":\"https:\/\/bellfire.ee\/en\/#website\"},\"primaryImageOfPage\":{\"@id\":\"https:\/\/bellfire.ee\/en\/bedroom\/mattress-toppers\/foam-topper\/#primaryimage\"},\"image\":{\"@id\":\"https:\/\/bellfire.ee\/en\/bedroom\/mattress-toppers\/foam-topper\/#primaryimage\"},\"thumbnailUrl\":\"https:\/\/bellfire.ee\/wp-content\/uploads\/2021\/08\/kattemadrats-ikoon-3-scaled.jpg\",\"datePublished\":\"2021-08-16T08:25:09+00:00\",\"breadcrumb\":{\"@id\":\"https:\/\/bellfire.ee\/en\/bedroom\/mattress-toppers\/foam-topper\/#breadcrumb\"},\"inLanguage\":\"en-US\",\"potentialAction\":[{\"@type\":\"ReadAction\",\"target\":[\"https:\/\/bellfire.ee\/en\/bedroom\/mattress-toppers\/foam-topper\/\"]}]},{\"@type\":\"ImageObject\",\"inLanguage\":\"en-US\",\"@id\":\"https:\/\/bellfire.ee\/en\/bedroom\/mattress-toppers\/foam-topper\/#primaryimage\",\"url\":\"https:\/\/bellfire.ee\/wp-content\/uploads\/2021\/08\/kattemadrats-ikoon-3-scaled.jpg\",\"contentUrl\":\"https:\/\/bellfire.ee\/wp-content\/uploads\/2021\/08\/kattemadrats-ikoon-3-scaled.jpg\",\"width\":2560,\"height\":1716},{\"@type\":\"BreadcrumbList\",\"@id\":\"https:\/\/bellfire.ee\/en\/bedroom\/mattress-toppers\/foam-topper\/#breadcrumb\",\"itemListElement\":[{\"@type\":\"ListItem\",\"position\":1,\"name\":\"Avaleht\",\"item\":\"https:\/\/bellfire.ee\/en\/\"},{\"@type\":\"ListItem\",\"position\":2,\"name\":\"Furniture\",\"item\":\"https:\/\/bellfire.ee\/en\/furniture\/\"},{\"@type\":\"ListItem\",\"position\":3,\"name\":\"Foam topper\"}]},{\"@type\":\"WebSite\",\"@id\":\"https:\/\/bellfire.ee\/en\/#website\",\"url\":\"https:\/\/bellfire.ee\/en\/\",\"name\":\"Bellfire\",\"description\":\"Disainm\u00f6\u00f6bel Sinu koju Eesti pehme m\u00f6\u00f6bli tootjal\",\"publisher\":{\"@id\":\"https:\/\/bellfire.ee\/en\/#organization\"},\"potentialAction\":[{\"@type\":\"SearchAction\",\"target\":{\"@type\":\"EntryPoint\",\"urlTemplate\":\"https:\/\/bellfire.ee\/en\/?s={search_term_string}\"},\"query-input\":{\"@type\":\"PropertyValueSpecification\",\"valueRequired\":true,\"valueName\":\"search_term_string\"}}],\"inLanguage\":\"en-US\"},{\"@type\":\"Organization\",\"@id\":\"https:\/\/bellfire.ee\/en\/#organization\",\"name\":\"Bellfire\",\"url\":\"https:\/\/bellfire.ee\/en\/\",\"logo\":{\"@type\":\"ImageObject\",\"inLanguage\":\"en-US\",\"@id\":\"https:\/\/bellfire.ee\/en\/#\/schema\/logo\/image\/\",\"url\":\"https:\/\/bellfire.ee\/wp-content\/uploads\/2024\/10\/Site-logo.svg\",\"contentUrl\":\"https:\/\/bellfire.ee\/wp-content\/uploads\/2024\/10\/Site-logo.svg\",\"width\":55,\"height\":64,\"caption\":\"Bellfire\"},\"image\":{\"@id\":\"https:\/\/bellfire.ee\/en\/#\/schema\/logo\/image\/\"}}]}<\/script>\n<!-- \/ Yoast SEO plugin. -->","yoast_head_json":{"title":"Foam topper - Bellfire","robots":{"index":"index","follow":"follow","max-snippet":"max-snippet:-1","max-image-preview":"max-image-preview:large","max-video-preview":"max-video-preview:-1"},"canonical":"https:\/\/bellfire.ee\/en\/bedroom\/mattress-toppers\/foam-topper\/","og_locale":"en_US","og_type":"article","og_title":"Foam topper - Bellfire","og_description":"A good topper provides extra support and comfort while helping extend the life of your bed. The HR foam topper is soft and has antibacterial properties.  Foam, or polyurethane foam, is a soft and elastic material. It is odorless, breathable, and durable. Additionally, it prevents the growth of bedbugs, making it ideal for people with allergies.  HR foam \u2013 High Resiliency Foam \u2013 High durability elastic foam.  The foam topper is available in 5cm and 7cm heights.  Made in Estonia \u2013 All our toppers are handcrafted by local artisans.","og_url":"https:\/\/bellfire.ee\/en\/bedroom\/mattress-toppers\/foam-topper\/","og_site_name":"Bellfire","og_image":[{"width":2560,"height":1716,"url":"https:\/\/bellfire.ee\/wp-content\/uploads\/2021\/08\/kattemadrats-ikoon-3-scaled.jpg","type":"image\/jpeg"}],"twitter_card":"summary_large_image","schema":{"@context":"https:\/\/schema.org","@graph":[{"@type":"WebPage","@id":"https:\/\/bellfire.ee\/en\/bedroom\/mattress-toppers\/foam-topper\/","url":"https:\/\/bellfire.ee\/en\/bedroom\/mattress-toppers\/foam-topper\/","name":"Foam topper - Bellfire","isPartOf":{"@id":"https:\/\/bellfire.ee\/en\/#website"},"primaryImageOfPage":{"@id":"https:\/\/bellfire.ee\/en\/bedroom\/mattress-toppers\/foam-topper\/#primaryimage"},"image":{"@id":"https:\/\/bellfire.ee\/en\/bedroom\/mattress-toppers\/foam-topper\/#primaryimage"},"thumbnailUrl":"https:\/\/bellfire.ee\/wp-content\/uploads\/2021\/08\/kattemadrats-ikoon-3-scaled.jpg","datePublished":"2021-08-16T08:25:09+00:00","breadcrumb":{"@id":"https:\/\/bellfire.ee\/en\/bedroom\/mattress-toppers\/foam-topper\/#breadcrumb"},"inLanguage":"en-US","potentialAction":[{"@type":"ReadAction","target":["https:\/\/bellfire.ee\/en\/bedroom\/mattress-toppers\/foam-topper\/"]}]},{"@type":"ImageObject","inLanguage":"en-US","@id":"https:\/\/bellfire.ee\/en\/bedroom\/mattress-toppers\/foam-topper\/#primaryimage","url":"https:\/\/bellfire.ee\/wp-content\/uploads\/2021\/08\/kattemadrats-ikoon-3-scaled.jpg","contentUrl":"https:\/\/bellfire.ee\/wp-content\/uploads\/2021\/08\/kattemadrats-ikoon-3-scaled.jpg","width":2560,"height":1716},{"@type":"BreadcrumbList","@id":"https:\/\/bellfire.ee\/en\/bedroom\/mattress-toppers\/foam-topper\/#breadcrumb","itemListElement":[{"@type":"ListItem","position":1,"name":"Avaleht","item":"https:\/\/bellfire.ee\/en\/"},{"@type":"ListItem","position":2,"name":"Furniture","item":"https:\/\/bellfire.ee\/en\/furniture\/"},{"@type":"ListItem","position":3,"name":"Foam topper"}]},{"@type":"WebSite","@id":"https:\/\/bellfire.ee\/en\/#website","url":"https:\/\/bellfire.ee\/en\/","name":"Bellfire","description":"Disainm\u00f6\u00f6bel Sinu koju Eesti pehme m\u00f6\u00f6bli tootjal","publisher":{"@id":"https:\/\/bellfire.ee\/en\/#organization"},"potentialAction":[{"@type":"SearchAction","target":{"@type":"EntryPoint","urlTemplate":"https:\/\/bellfire.ee\/en\/?s={search_term_string}"},"query-input":{"@type":"PropertyValueSpecification","valueRequired":true,"valueName":"search_term_string"}}],"inLanguage":"en-US"},{"@type":"Organization","@id":"https:\/\/bellfire.ee\/en\/#organization","name":"Bellfire","url":"https:\/\/bellfire.ee\/en\/","logo":{"@type":"ImageObject","inLanguage":"en-US","@id":"https:\/\/bellfire.ee\/en\/#\/schema\/logo\/image\/","url":"https:\/\/bellfire.ee\/wp-content\/uploads\/2024\/10\/Site-logo.svg","contentUrl":"https:\/\/bellfire.ee\/wp-content\/uploads\/2024\/10\/Site-logo.svg","width":55,"height":64,"caption":"Bellfire"},"image":{"@id":"https:\/\/bellfire.ee\/en\/#\/schema\/logo\/image\/"}}]}},"_links":{"self":[{"href":"https:\/\/bellfire.ee\/en\/wp-json\/wp\/v2\/product\/52215","targetHints":{"allow":["GET"]}}],"collection":[{"href":"https:\/\/bellfire.ee\/en\/wp-json\/wp\/v2\/product"}],"about":[{"href":"https:\/\/bellfire.ee\/en\/wp-json\/wp\/v2\/types\/product"}],"wp:featuredmedia":[{"embeddable":true,"href":"https:\/\/bellfire.ee\/en\/wp-json\/wp\/v2\/media\/55009"}],"wp:attachment":[{"href":"https:\/\/bellfire.ee\/en\/wp-json\/wp\/v2\/media?parent=52215"}],"wp:term":[{"taxonomy":"wpc-attribute-group","embeddable":true,"href":"https:\/\/bellfire.ee\/en\/wp-json\/wp\/v2\/wpc-attribute-group?post=52215"},{"taxonomy":"product_brand","embeddable":true,"href":"https:\/\/bellfire.ee\/en\/wp-json\/wp\/v2\/product_brand?post=52215"},{"taxonomy":"product_cat","embeddable":true,"href":"https:\/\/bellfire.ee\/en\/wp-json\/wp\/v2\/product_cat?post=52215"},{"taxonomy":"product_tag","embeddable":true,"href":"https:\/\/bellfire.ee\/en\/wp-json\/wp\/v2\/product_tag?post=52215"}],"curies":[{"name":"wp","href":"https:\/\/api.w.org\/{rel}","templated":true}]}}