{"id":52122,"date":"2019-05-02T13:18:03","date_gmt":"2019-05-02T13:18:03","guid":{"rendered":"https:\/\/bellfire.ee\/uncategorized\/hybrid-plus\/"},"modified":"2019-05-02T13:18:03","modified_gmt":"2019-05-02T13:18:03","slug":"hybrid-plus","status":"publish","type":"product","link":"https:\/\/bellfire.ee\/en\/bedroom\/beds\/hybrid-plus\/","title":{"rendered":"Hybrid Plus"},"content":{"rendered":"<p>An excellent sleeping space for someone who loves options and wants to match every detail of their bed to the bedroom. The Hybrid Plus bed is like a Lego set \u2013 with so many options that it&#8217;s impossible not to find something that suits your taste. The wooden bed frame can either be sprung and thicker or without springs and thinner. The frame is covered with a mattress, which can be flipped to adjust the firmness, making the bed softer or firmer. Of course, the most important option is the bed width, ranging from 80 cm to a royal 180 cm.<\/p>\n<p>The price includes the base and mattress (top mattress and headboard are available separately in the options).<\/p>\n<p class=\"p1\">You can explore the full fabric selection at our showroom at <a href=\"https:\/\/maps.app.goo.gl\/PgyjmcJaAairgt4G7\"><span class=\"s1\">Riia 142, Tartu<\/span><\/a>.<\/p>\n<p class=\"p1\"><b>Please note that the actual color may vary from what appears on the screen. We recommend checking the colors in our showroom.<\/b><\/p>\n","protected":false},"excerpt":{"rendered":"<p>An excellent sleeping space for someone who loves options and wants to match every detail of their bed to the bedroom. The Hybrid Plus bed is like a Lego set \u2013 with so many options that it&#8217;s impossible not to find something that suits your taste. The wooden bed frame can either be sprung and thicker or without springs and thinner. The frame is covered with a mattress, which can be flipped to adjust the firmness, making the bed softer or firmer. Of course, the most important option is the bed width, ranging from 80 cm to a royal 180 cm.<\/p>\n<p>The price includes the base and mattress (top mattress and headboard are available separately in the options).<\/p>\n<p class=\"p1\">You can explore the full fabric selection at our showroom at <a href=\"https:\/\/maps.app.goo.gl\/PgyjmcJaAairgt4G7\"><span class=\"s1\">Riia 142, Tartu<\/span><\/a>.<\/p>\n<p class=\"p1\"><b>Please note that the actual color may vary from what appears on the screen. We recommend checking the colors in our showroom.<\/b><\/p>\n","protected":false},"featured_media":62510,"template":"","meta":{"_acf_changed":false},"wpc-attribute-group":[],"product_brand":[],"product_cat":[997],"product_tag":[],"class_list":{"0":"post-52122","1":"product","2":"type-product","3":"status-publish","4":"has-post-thumbnail","6":"product_cat-beds","7":"pa_e-poe-kangavalik-soro-40-en","8":"pa_e-poe-kangavalik-soro-13-en","9":"pa_e-poe-kangavalik-soro-34-en","11":"first","12":"instock","13":"taxable","14":"shipping-taxable","15":"purchasable","16":"product-type-variable","17":"add-to-wishlist-after_add_to_cart"},"acf":[],"yoast_head":"<!-- This site is optimized with the Yoast SEO plugin v26.1 - https:\/\/yoast.com\/wordpress\/plugins\/seo\/ -->\n<title>Hybrid Plus - Bellfire<\/title>\n<meta name=\"robots\" content=\"index, follow, max-snippet:-1, max-image-preview:large, max-video-preview:-1\" \/>\n<link rel=\"canonical\" href=\"https:\/\/bellfire.ee\/en\/bedroom\/beds\/hybrid-plus\/\" \/>\n<meta property=\"og:locale\" content=\"en_US\" \/>\n<meta property=\"og:type\" content=\"article\" \/>\n<meta property=\"og:title\" content=\"Hybrid Plus - Bellfire\" \/>\n<meta property=\"og:description\" content=\"An excellent sleeping space for someone who loves options and wants to match every detail of their bed to the bedroom. The Hybrid Plus bed is like a Lego set \u2013 with so many options that it&#039;s impossible not to find something that suits your taste. The wooden bed frame can either be sprung and thicker or without springs and thinner. The frame is covered with a mattress, which can be flipped to adjust the firmness, making the bed softer or firmer. Of course, the most important option is the bed width, ranging from 80 cm to a royal 180 cm.  The price includes the base and mattress (top mattress and headboard are available separately in the options). You can explore the full fabric selection at our showroom at Riia 142, Tartu. Please note that the actual color may vary from what appears on the screen. We recommend checking the colors in our showroom.\" \/>\n<meta property=\"og:url\" content=\"https:\/\/bellfire.ee\/en\/bedroom\/beds\/hybrid-plus\/\" \/>\n<meta property=\"og:site_name\" content=\"Bellfire\" \/>\n<meta property=\"og:image\" content=\"https:\/\/bellfire.ee\/wp-content\/uploads\/2019\/05\/Hybrid-plus-ikoon-1-scaled.jpg\" \/>\n\t<meta property=\"og:image:width\" content=\"2560\" \/>\n\t<meta property=\"og:image:height\" content=\"1696\" \/>\n\t<meta property=\"og:image:type\" content=\"image\/jpeg\" \/>\n<meta name=\"twitter:card\" content=\"summary_large_image\" \/>\n<meta name=\"twitter:label1\" content=\"Est. reading time\" \/>\n\t<meta name=\"twitter:data1\" content=\"1 minute\" \/>\n<script type=\"application\/ld+json\" class=\"yoast-schema-graph\">{\"@context\":\"https:\/\/schema.org\",\"@graph\":[{\"@type\":\"WebPage\",\"@id\":\"https:\/\/bellfire.ee\/en\/bedroom\/beds\/hybrid-plus\/\",\"url\":\"https:\/\/bellfire.ee\/en\/bedroom\/beds\/hybrid-plus\/\",\"name\":\"Hybrid Plus - Bellfire\",\"isPartOf\":{\"@id\":\"https:\/\/bellfire.ee\/en\/#website\"},\"primaryImageOfPage\":{\"@id\":\"https:\/\/bellfire.ee\/en\/bedroom\/beds\/hybrid-plus\/#primaryimage\"},\"image\":{\"@id\":\"https:\/\/bellfire.ee\/en\/bedroom\/beds\/hybrid-plus\/#primaryimage\"},\"thumbnailUrl\":\"https:\/\/bellfire.ee\/wp-content\/uploads\/2025\/05\/Hybdrid-Plus-soro-40.webp\",\"datePublished\":\"2019-05-02T13:18:03+00:00\",\"breadcrumb\":{\"@id\":\"https:\/\/bellfire.ee\/en\/bedroom\/beds\/hybrid-plus\/#breadcrumb\"},\"inLanguage\":\"en-US\",\"potentialAction\":[{\"@type\":\"ReadAction\",\"target\":[\"https:\/\/bellfire.ee\/en\/bedroom\/beds\/hybrid-plus\/\"]}]},{\"@type\":\"ImageObject\",\"inLanguage\":\"en-US\",\"@id\":\"https:\/\/bellfire.ee\/en\/bedroom\/beds\/hybrid-plus\/#primaryimage\",\"url\":\"https:\/\/bellfire.ee\/wp-content\/uploads\/2025\/05\/Hybdrid-Plus-soro-40.webp\",\"contentUrl\":\"https:\/\/bellfire.ee\/wp-content\/uploads\/2025\/05\/Hybdrid-Plus-soro-40.webp\",\"width\":1000,\"height\":663},{\"@type\":\"BreadcrumbList\",\"@id\":\"https:\/\/bellfire.ee\/en\/bedroom\/beds\/hybrid-plus\/#breadcrumb\",\"itemListElement\":[{\"@type\":\"ListItem\",\"position\":1,\"name\":\"Avaleht\",\"item\":\"https:\/\/bellfire.ee\/en\/\"},{\"@type\":\"ListItem\",\"position\":2,\"name\":\"Furniture\",\"item\":\"https:\/\/bellfire.ee\/en\/furniture\/\"},{\"@type\":\"ListItem\",\"position\":3,\"name\":\"Hybrid Plus\"}]},{\"@type\":\"WebSite\",\"@id\":\"https:\/\/bellfire.ee\/en\/#website\",\"url\":\"https:\/\/bellfire.ee\/en\/\",\"name\":\"Bellfire\",\"description\":\"Disainm\u00f6\u00f6bel Sinu koju Eesti pehme m\u00f6\u00f6bli tootjal\",\"publisher\":{\"@id\":\"https:\/\/bellfire.ee\/en\/#organization\"},\"potentialAction\":[{\"@type\":\"SearchAction\",\"target\":{\"@type\":\"EntryPoint\",\"urlTemplate\":\"https:\/\/bellfire.ee\/en\/?s={search_term_string}\"},\"query-input\":{\"@type\":\"PropertyValueSpecification\",\"valueRequired\":true,\"valueName\":\"search_term_string\"}}],\"inLanguage\":\"en-US\"},{\"@type\":\"Organization\",\"@id\":\"https:\/\/bellfire.ee\/en\/#organization\",\"name\":\"Bellfire\",\"url\":\"https:\/\/bellfire.ee\/en\/\",\"logo\":{\"@type\":\"ImageObject\",\"inLanguage\":\"en-US\",\"@id\":\"https:\/\/bellfire.ee\/en\/#\/schema\/logo\/image\/\",\"url\":\"https:\/\/bellfire.ee\/wp-content\/uploads\/2024\/10\/Site-logo.svg\",\"contentUrl\":\"https:\/\/bellfire.ee\/wp-content\/uploads\/2024\/10\/Site-logo.svg\",\"width\":55,\"height\":64,\"caption\":\"Bellfire\"},\"image\":{\"@id\":\"https:\/\/bellfire.ee\/en\/#\/schema\/logo\/image\/\"}}]}<\/script>\n<!-- \/ Yoast SEO plugin. -->","yoast_head_json":{"title":"Hybrid Plus - Bellfire","robots":{"index":"index","follow":"follow","max-snippet":"max-snippet:-1","max-image-preview":"max-image-preview:large","max-video-preview":"max-video-preview:-1"},"canonical":"https:\/\/bellfire.ee\/en\/bedroom\/beds\/hybrid-plus\/","og_locale":"en_US","og_type":"article","og_title":"Hybrid Plus - Bellfire","og_description":"An excellent sleeping space for someone who loves options and wants to match every detail of their bed to the bedroom. The Hybrid Plus bed is like a Lego set \u2013 with so many options that it's impossible not to find something that suits your taste. The wooden bed frame can either be sprung and thicker or without springs and thinner. The frame is covered with a mattress, which can be flipped to adjust the firmness, making the bed softer or firmer. Of course, the most important option is the bed width, ranging from 80 cm to a royal 180 cm.  The price includes the base and mattress (top mattress and headboard are available separately in the options). You can explore the full fabric selection at our showroom at Riia 142, Tartu. Please note that the actual color may vary from what appears on the screen. We recommend checking the colors in our showroom.","og_url":"https:\/\/bellfire.ee\/en\/bedroom\/beds\/hybrid-plus\/","og_site_name":"Bellfire","og_image":[{"width":2560,"height":1696,"url":"https:\/\/bellfire.ee\/wp-content\/uploads\/2019\/05\/Hybrid-plus-ikoon-1-scaled.jpg","type":"image\/jpeg"}],"twitter_card":"summary_large_image","twitter_misc":{"Est. reading time":"1 minute"},"schema":{"@context":"https:\/\/schema.org","@graph":[{"@type":"WebPage","@id":"https:\/\/bellfire.ee\/en\/bedroom\/beds\/hybrid-plus\/","url":"https:\/\/bellfire.ee\/en\/bedroom\/beds\/hybrid-plus\/","name":"Hybrid Plus - Bellfire","isPartOf":{"@id":"https:\/\/bellfire.ee\/en\/#website"},"primaryImageOfPage":{"@id":"https:\/\/bellfire.ee\/en\/bedroom\/beds\/hybrid-plus\/#primaryimage"},"image":{"@id":"https:\/\/bellfire.ee\/en\/bedroom\/beds\/hybrid-plus\/#primaryimage"},"thumbnailUrl":"https:\/\/bellfire.ee\/wp-content\/uploads\/2025\/05\/Hybdrid-Plus-soro-40.webp","datePublished":"2019-05-02T13:18:03+00:00","breadcrumb":{"@id":"https:\/\/bellfire.ee\/en\/bedroom\/beds\/hybrid-plus\/#breadcrumb"},"inLanguage":"en-US","potentialAction":[{"@type":"ReadAction","target":["https:\/\/bellfire.ee\/en\/bedroom\/beds\/hybrid-plus\/"]}]},{"@type":"ImageObject","inLanguage":"en-US","@id":"https:\/\/bellfire.ee\/en\/bedroom\/beds\/hybrid-plus\/#primaryimage","url":"https:\/\/bellfire.ee\/wp-content\/uploads\/2025\/05\/Hybdrid-Plus-soro-40.webp","contentUrl":"https:\/\/bellfire.ee\/wp-content\/uploads\/2025\/05\/Hybdrid-Plus-soro-40.webp","width":1000,"height":663},{"@type":"BreadcrumbList","@id":"https:\/\/bellfire.ee\/en\/bedroom\/beds\/hybrid-plus\/#breadcrumb","itemListElement":[{"@type":"ListItem","position":1,"name":"Avaleht","item":"https:\/\/bellfire.ee\/en\/"},{"@type":"ListItem","position":2,"name":"Furniture","item":"https:\/\/bellfire.ee\/en\/furniture\/"},{"@type":"ListItem","position":3,"name":"Hybrid Plus"}]},{"@type":"WebSite","@id":"https:\/\/bellfire.ee\/en\/#website","url":"https:\/\/bellfire.ee\/en\/","name":"Bellfire","description":"Disainm\u00f6\u00f6bel Sinu koju Eesti pehme m\u00f6\u00f6bli tootjal","publisher":{"@id":"https:\/\/bellfire.ee\/en\/#organization"},"potentialAction":[{"@type":"SearchAction","target":{"@type":"EntryPoint","urlTemplate":"https:\/\/bellfire.ee\/en\/?s={search_term_string}"},"query-input":{"@type":"PropertyValueSpecification","valueRequired":true,"valueName":"search_term_string"}}],"inLanguage":"en-US"},{"@type":"Organization","@id":"https:\/\/bellfire.ee\/en\/#organization","name":"Bellfire","url":"https:\/\/bellfire.ee\/en\/","logo":{"@type":"ImageObject","inLanguage":"en-US","@id":"https:\/\/bellfire.ee\/en\/#\/schema\/logo\/image\/","url":"https:\/\/bellfire.ee\/wp-content\/uploads\/2024\/10\/Site-logo.svg","contentUrl":"https:\/\/bellfire.ee\/wp-content\/uploads\/2024\/10\/Site-logo.svg","width":55,"height":64,"caption":"Bellfire"},"image":{"@id":"https:\/\/bellfire.ee\/en\/#\/schema\/logo\/image\/"}}]}},"_links":{"self":[{"href":"https:\/\/bellfire.ee\/en\/wp-json\/wp\/v2\/product\/52122","targetHints":{"allow":["GET"]}}],"collection":[{"href":"https:\/\/bellfire.ee\/en\/wp-json\/wp\/v2\/product"}],"about":[{"href":"https:\/\/bellfire.ee\/en\/wp-json\/wp\/v2\/types\/product"}],"wp:featuredmedia":[{"embeddable":true,"href":"https:\/\/bellfire.ee\/en\/wp-json\/wp\/v2\/media\/62510"}],"wp:attachment":[{"href":"https:\/\/bellfire.ee\/en\/wp-json\/wp\/v2\/media?parent=52122"}],"wp:term":[{"taxonomy":"wpc-attribute-group","embeddable":true,"href":"https:\/\/bellfire.ee\/en\/wp-json\/wp\/v2\/wpc-attribute-group?post=52122"},{"taxonomy":"product_brand","embeddable":true,"href":"https:\/\/bellfire.ee\/en\/wp-json\/wp\/v2\/product_brand?post=52122"},{"taxonomy":"product_cat","embeddable":true,"href":"https:\/\/bellfire.ee\/en\/wp-json\/wp\/v2\/product_cat?post=52122"},{"taxonomy":"product_tag","embeddable":true,"href":"https:\/\/bellfire.ee\/en\/wp-json\/wp\/v2\/product_tag?post=52122"}],"curies":[{"name":"wp","href":"https:\/\/api.w.org\/{rel}","templated":true}]}}