{"id":52022,"date":"2019-05-02T14:35:06","date_gmt":"2019-05-02T14:35:06","guid":{"rendered":"https:\/\/bellfire.ee\/uncategorized\/royal-plus\/"},"modified":"2019-05-02T14:35:06","modified_gmt":"2019-05-02T14:35:06","slug":"royal-plus","status":"publish","type":"product","link":"https:\/\/bellfire.ee\/en\/bedroom\/beds\/royal-plus\/","title":{"rendered":"Royal plus"},"content":{"rendered":"<p>The classic lines of this bed have a stunning majestic appeal, bringing royal luxury to any bedroom. But it\u2019s not just about external grandeur. The strong wooden frame, regal springs, and the best mattress make this bed an irresistible choice for anyone who values a good and restorative night\u2019s sleep \u2013 just like royalty deserves. Additionally, a range of sizes is available \u2013 from the narrow 80 cm x 200 cm bed for princes and princesses, to the huge 180 cm x 200 cm bed, where even a king would feel at home.<\/p>\n<p>The price includes the base and mattress (top mattress and headboard available separately in the options).<\/p>\n<p class=\"p1\">You can explore the full fabric selection at our showroom at <a href=\"https:\/\/maps.app.goo.gl\/PgyjmcJaAairgt4G7\"><span class=\"s1\">Riia 142, Tartu<\/span><\/a>.<\/p>\n<p class=\"p1\"><b>Please note that the actual color may vary from what appears on the screen. We recommend checking the colors in our showroom.<\/b><\/p>\n","protected":false},"excerpt":{"rendered":"<p>The classic lines of this bed have a stunning majestic appeal, bringing royal luxury to any bedroom. But it\u2019s not just about external grandeur. The strong wooden frame, regal springs, and the best mattress make this bed an irresistible choice for anyone who values a good and restorative night\u2019s sleep \u2013 just like royalty deserves. Additionally, a range of sizes is available \u2013 from the narrow 80 cm x 200 cm bed for princes and princesses, to the huge 180 cm x 200 cm bed, where even a king would feel at home.<\/p>\n<p>The price includes the base and mattress (top mattress and headboard available separately in the options).<\/p>\n<p class=\"p1\">You can explore the full fabric selection at our showroom at <a href=\"https:\/\/maps.app.goo.gl\/PgyjmcJaAairgt4G7\"><span class=\"s1\">Riia 142, Tartu<\/span><\/a>.<\/p>\n<p class=\"p1\"><b>Please note that the actual color may vary from what appears on the screen. We recommend checking the colors in our showroom.<\/b><\/p>\n","protected":false},"featured_media":65962,"template":"","meta":{"_acf_changed":false},"wpc-attribute-group":[],"product_brand":[],"product_cat":[997],"product_tag":[],"class_list":{"0":"post-52022","1":"product","2":"type-product","3":"status-publish","4":"has-post-thumbnail","6":"product_cat-beds","8":"first","9":"instock","10":"taxable","11":"shipping-taxable","12":"purchasable","13":"product-type-variable","14":"add-to-wishlist-after_add_to_cart"},"acf":[],"yoast_head":"<!-- This site is optimized with the Yoast SEO plugin v26.1 - https:\/\/yoast.com\/wordpress\/plugins\/seo\/ -->\n<title>Royal plus - Bellfire<\/title>\n<meta name=\"robots\" content=\"index, follow, max-snippet:-1, max-image-preview:large, max-video-preview:-1\" \/>\n<link rel=\"canonical\" href=\"https:\/\/bellfire.ee\/en\/bedroom\/beds\/royal-plus\/\" \/>\n<meta property=\"og:locale\" content=\"en_US\" \/>\n<meta property=\"og:type\" content=\"article\" \/>\n<meta property=\"og:title\" content=\"Royal plus - Bellfire\" \/>\n<meta property=\"og:description\" content=\"The classic lines of this bed have a stunning majestic appeal, bringing royal luxury to any bedroom. But it\u2019s not just about external grandeur. The strong wooden frame, regal springs, and the best mattress make this bed an irresistible choice for anyone who values a good and restorative night\u2019s sleep \u2013 just like royalty deserves. Additionally, a range of sizes is available \u2013 from the narrow 80 cm x 200 cm bed for princes and princesses, to the huge 180 cm x 200 cm bed, where even a king would feel at home.  The price includes the base and mattress (top mattress and headboard available separately in the options). You can explore the full fabric selection at our showroom at Riia 142, Tartu. Please note that the actual color may vary from what appears on the screen. We recommend checking the colors in our showroom.\" \/>\n<meta property=\"og:url\" content=\"https:\/\/bellfire.ee\/en\/bedroom\/beds\/royal-plus\/\" \/>\n<meta property=\"og:site_name\" content=\"Bellfire\" \/>\n<meta property=\"og:image\" content=\"https:\/\/bellfire.ee\/wp-content\/uploads\/2024\/10\/Royal-Plus-Poolprofiil-scaled.jpg\" \/>\n\t<meta property=\"og:image:width\" content=\"2560\" \/>\n\t<meta property=\"og:image:height\" content=\"1696\" \/>\n\t<meta property=\"og:image:type\" content=\"image\/jpeg\" \/>\n<meta name=\"twitter:card\" content=\"summary_large_image\" \/>\n<meta name=\"twitter:label1\" content=\"Est. reading time\" \/>\n\t<meta name=\"twitter:data1\" content=\"1 minute\" \/>\n<script type=\"application\/ld+json\" class=\"yoast-schema-graph\">{\"@context\":\"https:\/\/schema.org\",\"@graph\":[{\"@type\":\"WebPage\",\"@id\":\"https:\/\/bellfire.ee\/en\/bedroom\/beds\/royal-plus\/\",\"url\":\"https:\/\/bellfire.ee\/en\/bedroom\/beds\/royal-plus\/\",\"name\":\"Royal plus - Bellfire\",\"isPartOf\":{\"@id\":\"https:\/\/bellfire.ee\/en\/#website\"},\"primaryImageOfPage\":{\"@id\":\"https:\/\/bellfire.ee\/en\/bedroom\/beds\/royal-plus\/#primaryimage\"},\"image\":{\"@id\":\"https:\/\/bellfire.ee\/en\/bedroom\/beds\/royal-plus\/#primaryimage\"},\"thumbnailUrl\":\"https:\/\/bellfire.ee\/wp-content\/uploads\/2025\/07\/Royal-plus-soro-97-scaled.jpg\",\"datePublished\":\"2019-05-02T14:35:06+00:00\",\"breadcrumb\":{\"@id\":\"https:\/\/bellfire.ee\/en\/bedroom\/beds\/royal-plus\/#breadcrumb\"},\"inLanguage\":\"en-US\",\"potentialAction\":[{\"@type\":\"ReadAction\",\"target\":[\"https:\/\/bellfire.ee\/en\/bedroom\/beds\/royal-plus\/\"]}]},{\"@type\":\"ImageObject\",\"inLanguage\":\"en-US\",\"@id\":\"https:\/\/bellfire.ee\/en\/bedroom\/beds\/royal-plus\/#primaryimage\",\"url\":\"https:\/\/bellfire.ee\/wp-content\/uploads\/2025\/07\/Royal-plus-soro-97-scaled.jpg\",\"contentUrl\":\"https:\/\/bellfire.ee\/wp-content\/uploads\/2025\/07\/Royal-plus-soro-97-scaled.jpg\",\"width\":2560,\"height\":1696},{\"@type\":\"BreadcrumbList\",\"@id\":\"https:\/\/bellfire.ee\/en\/bedroom\/beds\/royal-plus\/#breadcrumb\",\"itemListElement\":[{\"@type\":\"ListItem\",\"position\":1,\"name\":\"Avaleht\",\"item\":\"https:\/\/bellfire.ee\/en\/\"},{\"@type\":\"ListItem\",\"position\":2,\"name\":\"Furniture\",\"item\":\"https:\/\/bellfire.ee\/en\/furniture\/\"},{\"@type\":\"ListItem\",\"position\":3,\"name\":\"Royal plus\"}]},{\"@type\":\"WebSite\",\"@id\":\"https:\/\/bellfire.ee\/en\/#website\",\"url\":\"https:\/\/bellfire.ee\/en\/\",\"name\":\"Bellfire\",\"description\":\"Disainm\u00f6\u00f6bel Sinu koju Eesti pehme m\u00f6\u00f6bli tootjal\",\"publisher\":{\"@id\":\"https:\/\/bellfire.ee\/en\/#organization\"},\"potentialAction\":[{\"@type\":\"SearchAction\",\"target\":{\"@type\":\"EntryPoint\",\"urlTemplate\":\"https:\/\/bellfire.ee\/en\/?s={search_term_string}\"},\"query-input\":{\"@type\":\"PropertyValueSpecification\",\"valueRequired\":true,\"valueName\":\"search_term_string\"}}],\"inLanguage\":\"en-US\"},{\"@type\":\"Organization\",\"@id\":\"https:\/\/bellfire.ee\/en\/#organization\",\"name\":\"Bellfire\",\"url\":\"https:\/\/bellfire.ee\/en\/\",\"logo\":{\"@type\":\"ImageObject\",\"inLanguage\":\"en-US\",\"@id\":\"https:\/\/bellfire.ee\/en\/#\/schema\/logo\/image\/\",\"url\":\"https:\/\/bellfire.ee\/wp-content\/uploads\/2024\/10\/Site-logo.svg\",\"contentUrl\":\"https:\/\/bellfire.ee\/wp-content\/uploads\/2024\/10\/Site-logo.svg\",\"width\":55,\"height\":64,\"caption\":\"Bellfire\"},\"image\":{\"@id\":\"https:\/\/bellfire.ee\/en\/#\/schema\/logo\/image\/\"}}]}<\/script>\n<!-- \/ Yoast SEO plugin. -->","yoast_head_json":{"title":"Royal plus - Bellfire","robots":{"index":"index","follow":"follow","max-snippet":"max-snippet:-1","max-image-preview":"max-image-preview:large","max-video-preview":"max-video-preview:-1"},"canonical":"https:\/\/bellfire.ee\/en\/bedroom\/beds\/royal-plus\/","og_locale":"en_US","og_type":"article","og_title":"Royal plus - Bellfire","og_description":"The classic lines of this bed have a stunning majestic appeal, bringing royal luxury to any bedroom. But it\u2019s not just about external grandeur. The strong wooden frame, regal springs, and the best mattress make this bed an irresistible choice for anyone who values a good and restorative night\u2019s sleep \u2013 just like royalty deserves. Additionally, a range of sizes is available \u2013 from the narrow 80 cm x 200 cm bed for princes and princesses, to the huge 180 cm x 200 cm bed, where even a king would feel at home.  The price includes the base and mattress (top mattress and headboard available separately in the options). You can explore the full fabric selection at our showroom at Riia 142, Tartu. Please note that the actual color may vary from what appears on the screen. We recommend checking the colors in our showroom.","og_url":"https:\/\/bellfire.ee\/en\/bedroom\/beds\/royal-plus\/","og_site_name":"Bellfire","og_image":[{"width":2560,"height":1696,"url":"https:\/\/bellfire.ee\/wp-content\/uploads\/2024\/10\/Royal-Plus-Poolprofiil-scaled.jpg","type":"image\/jpeg"}],"twitter_card":"summary_large_image","twitter_misc":{"Est. reading time":"1 minute"},"schema":{"@context":"https:\/\/schema.org","@graph":[{"@type":"WebPage","@id":"https:\/\/bellfire.ee\/en\/bedroom\/beds\/royal-plus\/","url":"https:\/\/bellfire.ee\/en\/bedroom\/beds\/royal-plus\/","name":"Royal plus - Bellfire","isPartOf":{"@id":"https:\/\/bellfire.ee\/en\/#website"},"primaryImageOfPage":{"@id":"https:\/\/bellfire.ee\/en\/bedroom\/beds\/royal-plus\/#primaryimage"},"image":{"@id":"https:\/\/bellfire.ee\/en\/bedroom\/beds\/royal-plus\/#primaryimage"},"thumbnailUrl":"https:\/\/bellfire.ee\/wp-content\/uploads\/2025\/07\/Royal-plus-soro-97-scaled.jpg","datePublished":"2019-05-02T14:35:06+00:00","breadcrumb":{"@id":"https:\/\/bellfire.ee\/en\/bedroom\/beds\/royal-plus\/#breadcrumb"},"inLanguage":"en-US","potentialAction":[{"@type":"ReadAction","target":["https:\/\/bellfire.ee\/en\/bedroom\/beds\/royal-plus\/"]}]},{"@type":"ImageObject","inLanguage":"en-US","@id":"https:\/\/bellfire.ee\/en\/bedroom\/beds\/royal-plus\/#primaryimage","url":"https:\/\/bellfire.ee\/wp-content\/uploads\/2025\/07\/Royal-plus-soro-97-scaled.jpg","contentUrl":"https:\/\/bellfire.ee\/wp-content\/uploads\/2025\/07\/Royal-plus-soro-97-scaled.jpg","width":2560,"height":1696},{"@type":"BreadcrumbList","@id":"https:\/\/bellfire.ee\/en\/bedroom\/beds\/royal-plus\/#breadcrumb","itemListElement":[{"@type":"ListItem","position":1,"name":"Avaleht","item":"https:\/\/bellfire.ee\/en\/"},{"@type":"ListItem","position":2,"name":"Furniture","item":"https:\/\/bellfire.ee\/en\/furniture\/"},{"@type":"ListItem","position":3,"name":"Royal plus"}]},{"@type":"WebSite","@id":"https:\/\/bellfire.ee\/en\/#website","url":"https:\/\/bellfire.ee\/en\/","name":"Bellfire","description":"Disainm\u00f6\u00f6bel Sinu koju Eesti pehme m\u00f6\u00f6bli tootjal","publisher":{"@id":"https:\/\/bellfire.ee\/en\/#organization"},"potentialAction":[{"@type":"SearchAction","target":{"@type":"EntryPoint","urlTemplate":"https:\/\/bellfire.ee\/en\/?s={search_term_string}"},"query-input":{"@type":"PropertyValueSpecification","valueRequired":true,"valueName":"search_term_string"}}],"inLanguage":"en-US"},{"@type":"Organization","@id":"https:\/\/bellfire.ee\/en\/#organization","name":"Bellfire","url":"https:\/\/bellfire.ee\/en\/","logo":{"@type":"ImageObject","inLanguage":"en-US","@id":"https:\/\/bellfire.ee\/en\/#\/schema\/logo\/image\/","url":"https:\/\/bellfire.ee\/wp-content\/uploads\/2024\/10\/Site-logo.svg","contentUrl":"https:\/\/bellfire.ee\/wp-content\/uploads\/2024\/10\/Site-logo.svg","width":55,"height":64,"caption":"Bellfire"},"image":{"@id":"https:\/\/bellfire.ee\/en\/#\/schema\/logo\/image\/"}}]}},"_links":{"self":[{"href":"https:\/\/bellfire.ee\/en\/wp-json\/wp\/v2\/product\/52022","targetHints":{"allow":["GET"]}}],"collection":[{"href":"https:\/\/bellfire.ee\/en\/wp-json\/wp\/v2\/product"}],"about":[{"href":"https:\/\/bellfire.ee\/en\/wp-json\/wp\/v2\/types\/product"}],"wp:featuredmedia":[{"embeddable":true,"href":"https:\/\/bellfire.ee\/en\/wp-json\/wp\/v2\/media\/65962"}],"wp:attachment":[{"href":"https:\/\/bellfire.ee\/en\/wp-json\/wp\/v2\/media?parent=52022"}],"wp:term":[{"taxonomy":"wpc-attribute-group","embeddable":true,"href":"https:\/\/bellfire.ee\/en\/wp-json\/wp\/v2\/wpc-attribute-group?post=52022"},{"taxonomy":"product_brand","embeddable":true,"href":"https:\/\/bellfire.ee\/en\/wp-json\/wp\/v2\/product_brand?post=52022"},{"taxonomy":"product_cat","embeddable":true,"href":"https:\/\/bellfire.ee\/en\/wp-json\/wp\/v2\/product_cat?post=52022"},{"taxonomy":"product_tag","embeddable":true,"href":"https:\/\/bellfire.ee\/en\/wp-json\/wp\/v2\/product_tag?post=52022"}],"curies":[{"name":"wp","href":"https:\/\/api.w.org\/{rel}","templated":true}]}}