{"id":51999,"date":"2019-12-02T11:19:39","date_gmt":"2019-12-02T11:19:39","guid":{"rendered":"https:\/\/bellfire.ee\/uncategorized\/smart-folding-bed\/"},"modified":"2019-12-02T11:19:39","modified_gmt":"2019-12-02T11:19:39","slug":"smart-folding-bed","status":"publish","type":"product","link":"https:\/\/bellfire.ee\/en\/bedroom\/beds\/smart-folding-bed\/","title":{"rendered":"Smart (folding) bed"},"content":{"rendered":"<p>As the name suggests, this bed is the perfect choice for the smart individual, where beauty, comfort, and practicality come together perfectly. Its simple, clean lines make it an excellent fit for any bedroom. The thoughtfully designed spring mattress makes it the perfect sanctuary for a good night\u2019s sleep. Best of all, with just one movement, the bed easily unfolds, revealing a spacious storage area for blankets, sheets, and everything else you need.<\/p>\n<p>Choose from five different sizes, starting from the compact single bed (80 cm) to the spacious double bed (180 cm).<\/p>\n<p>The price includes the sofa and mattress (additional options for topper and headboard are available separately).<\/p>\n<p class=\"p2\">You can explore the full fabric selection at our showroom at <a href=\"https:\/\/maps.app.goo.gl\/PgyjmcJaAairgt4G7\"><span class=\"s1\">Riia 142, Tartu<\/span><\/a>.<\/p>\n<p class=\"p2\"><b>Please note that the actual color may vary from what appears on the screen. We recommend checking the colors in our showroom.<\/b><\/p>\n","protected":false},"excerpt":{"rendered":"<p>As the name suggests, this bed is the perfect choice for the smart individual, where beauty, comfort, and practicality come together perfectly. Its simple, clean lines make it an excellent fit for any bedroom. The thoughtfully designed spring mattress makes it the perfect sanctuary for a good night\u2019s sleep. Best of all, with just one movement, the bed easily unfolds, revealing a spacious storage area for blankets, sheets, and everything else you need.<\/p>\n<p>Choose from five different sizes, starting from the compact single bed (80 cm) to the spacious double bed (180 cm).<\/p>\n<p>The price includes the sofa and mattress (additional options for topper and headboard are available separately).<\/p>\n<p class=\"p2\">You can explore the full fabric selection at our showroom at <a href=\"https:\/\/maps.app.goo.gl\/PgyjmcJaAairgt4G7\"><span class=\"s1\">Riia 142, Tartu<\/span><\/a>.<\/p>\n<p class=\"p2\"><b>Please note that the actual color may vary from what appears on the screen. We recommend checking the colors in our showroom.<\/b><\/p>\n","protected":false},"featured_media":54979,"template":"","meta":{"_acf_changed":false},"wpc-attribute-group":[],"product_brand":[],"product_cat":[997],"product_tag":[],"class_list":{"0":"post-51999","1":"product","2":"type-product","3":"status-publish","4":"has-post-thumbnail","6":"product_cat-beds","7":"pa_e-poe-kangavalik-soro-40-en","8":"pa_e-poe-kangavalik-soro-13-en","9":"pa_e-poe-kangavalik-soro-34-en","10":"pa_e-poe-kangavalik-soro-93-en","12":"first","13":"instock","14":"taxable","15":"shipping-taxable","16":"purchasable","17":"product-type-variable","18":"add-to-wishlist-after_add_to_cart"},"acf":[],"yoast_head":"<!-- This site is optimized with the Yoast SEO plugin v26.1 - https:\/\/yoast.com\/wordpress\/plugins\/seo\/ -->\n<title>Smart (folding) bed - Bellfire<\/title>\n<meta name=\"robots\" content=\"index, follow, max-snippet:-1, max-image-preview:large, max-video-preview:-1\" \/>\n<link rel=\"canonical\" href=\"https:\/\/bellfire.ee\/en\/bedroom\/beds\/smart-folding-bed\/\" \/>\n<meta property=\"og:locale\" content=\"en_US\" \/>\n<meta property=\"og:type\" content=\"article\" \/>\n<meta property=\"og:title\" content=\"Smart (folding) bed - Bellfire\" \/>\n<meta property=\"og:description\" content=\"As the name suggests, this bed is the perfect choice for the smart individual, where beauty, comfort, and practicality come together perfectly. Its simple, clean lines make it an excellent fit for any bedroom. The thoughtfully designed spring mattress makes it the perfect sanctuary for a good night\u2019s sleep. Best of all, with just one movement, the bed easily unfolds, revealing a spacious storage area for blankets, sheets, and everything else you need.  Choose from five different sizes, starting from the compact single bed (80 cm) to the spacious double bed (180 cm).  The price includes the sofa and mattress (additional options for topper and headboard are available separately). You can explore the full fabric selection at our showroom at Riia 142, Tartu. Please note that the actual color may vary from what appears on the screen. We recommend checking the colors in our showroom.\" \/>\n<meta property=\"og:url\" content=\"https:\/\/bellfire.ee\/en\/bedroom\/beds\/smart-folding-bed\/\" \/>\n<meta property=\"og:site_name\" content=\"Bellfire\" \/>\n<meta property=\"og:image\" content=\"https:\/\/bellfire.ee\/wp-content\/uploads\/2019\/12\/smart-ikoon-1-scaled.jpg\" \/>\n\t<meta property=\"og:image:width\" content=\"2560\" \/>\n\t<meta property=\"og:image:height\" content=\"1696\" \/>\n\t<meta property=\"og:image:type\" content=\"image\/jpeg\" \/>\n<meta name=\"twitter:card\" content=\"summary_large_image\" \/>\n<meta name=\"twitter:label1\" content=\"Est. reading time\" \/>\n\t<meta name=\"twitter:data1\" content=\"1 minute\" \/>\n<script type=\"application\/ld+json\" class=\"yoast-schema-graph\">{\"@context\":\"https:\/\/schema.org\",\"@graph\":[{\"@type\":\"WebPage\",\"@id\":\"https:\/\/bellfire.ee\/en\/bedroom\/beds\/smart-folding-bed\/\",\"url\":\"https:\/\/bellfire.ee\/en\/bedroom\/beds\/smart-folding-bed\/\",\"name\":\"Smart (folding) bed - Bellfire\",\"isPartOf\":{\"@id\":\"https:\/\/bellfire.ee\/en\/#website\"},\"primaryImageOfPage\":{\"@id\":\"https:\/\/bellfire.ee\/en\/bedroom\/beds\/smart-folding-bed\/#primaryimage\"},\"image\":{\"@id\":\"https:\/\/bellfire.ee\/en\/bedroom\/beds\/smart-folding-bed\/#primaryimage\"},\"thumbnailUrl\":\"https:\/\/bellfire.ee\/wp-content\/uploads\/2019\/12\/smart-ikoon-1-scaled.jpg\",\"datePublished\":\"2019-12-02T11:19:39+00:00\",\"breadcrumb\":{\"@id\":\"https:\/\/bellfire.ee\/en\/bedroom\/beds\/smart-folding-bed\/#breadcrumb\"},\"inLanguage\":\"en-US\",\"potentialAction\":[{\"@type\":\"ReadAction\",\"target\":[\"https:\/\/bellfire.ee\/en\/bedroom\/beds\/smart-folding-bed\/\"]}]},{\"@type\":\"ImageObject\",\"inLanguage\":\"en-US\",\"@id\":\"https:\/\/bellfire.ee\/en\/bedroom\/beds\/smart-folding-bed\/#primaryimage\",\"url\":\"https:\/\/bellfire.ee\/wp-content\/uploads\/2019\/12\/smart-ikoon-1-scaled.jpg\",\"contentUrl\":\"https:\/\/bellfire.ee\/wp-content\/uploads\/2019\/12\/smart-ikoon-1-scaled.jpg\",\"width\":2560,\"height\":1696},{\"@type\":\"BreadcrumbList\",\"@id\":\"https:\/\/bellfire.ee\/en\/bedroom\/beds\/smart-folding-bed\/#breadcrumb\",\"itemListElement\":[{\"@type\":\"ListItem\",\"position\":1,\"name\":\"Avaleht\",\"item\":\"https:\/\/bellfire.ee\/en\/\"},{\"@type\":\"ListItem\",\"position\":2,\"name\":\"Furniture\",\"item\":\"https:\/\/bellfire.ee\/en\/furniture\/\"},{\"@type\":\"ListItem\",\"position\":3,\"name\":\"Smart (folding) bed\"}]},{\"@type\":\"WebSite\",\"@id\":\"https:\/\/bellfire.ee\/en\/#website\",\"url\":\"https:\/\/bellfire.ee\/en\/\",\"name\":\"Bellfire\",\"description\":\"Disainm\u00f6\u00f6bel Sinu koju Eesti pehme m\u00f6\u00f6bli tootjal\",\"publisher\":{\"@id\":\"https:\/\/bellfire.ee\/en\/#organization\"},\"potentialAction\":[{\"@type\":\"SearchAction\",\"target\":{\"@type\":\"EntryPoint\",\"urlTemplate\":\"https:\/\/bellfire.ee\/en\/?s={search_term_string}\"},\"query-input\":{\"@type\":\"PropertyValueSpecification\",\"valueRequired\":true,\"valueName\":\"search_term_string\"}}],\"inLanguage\":\"en-US\"},{\"@type\":\"Organization\",\"@id\":\"https:\/\/bellfire.ee\/en\/#organization\",\"name\":\"Bellfire\",\"url\":\"https:\/\/bellfire.ee\/en\/\",\"logo\":{\"@type\":\"ImageObject\",\"inLanguage\":\"en-US\",\"@id\":\"https:\/\/bellfire.ee\/en\/#\/schema\/logo\/image\/\",\"url\":\"https:\/\/bellfire.ee\/wp-content\/uploads\/2024\/10\/Site-logo.svg\",\"contentUrl\":\"https:\/\/bellfire.ee\/wp-content\/uploads\/2024\/10\/Site-logo.svg\",\"width\":55,\"height\":64,\"caption\":\"Bellfire\"},\"image\":{\"@id\":\"https:\/\/bellfire.ee\/en\/#\/schema\/logo\/image\/\"}}]}<\/script>\n<!-- \/ Yoast SEO plugin. -->","yoast_head_json":{"title":"Smart (folding) bed - Bellfire","robots":{"index":"index","follow":"follow","max-snippet":"max-snippet:-1","max-image-preview":"max-image-preview:large","max-video-preview":"max-video-preview:-1"},"canonical":"https:\/\/bellfire.ee\/en\/bedroom\/beds\/smart-folding-bed\/","og_locale":"en_US","og_type":"article","og_title":"Smart (folding) bed - Bellfire","og_description":"As the name suggests, this bed is the perfect choice for the smart individual, where beauty, comfort, and practicality come together perfectly. Its simple, clean lines make it an excellent fit for any bedroom. The thoughtfully designed spring mattress makes it the perfect sanctuary for a good night\u2019s sleep. Best of all, with just one movement, the bed easily unfolds, revealing a spacious storage area for blankets, sheets, and everything else you need.  Choose from five different sizes, starting from the compact single bed (80 cm) to the spacious double bed (180 cm).  The price includes the sofa and mattress (additional options for topper and headboard are available separately). You can explore the full fabric selection at our showroom at Riia 142, Tartu. Please note that the actual color may vary from what appears on the screen. We recommend checking the colors in our showroom.","og_url":"https:\/\/bellfire.ee\/en\/bedroom\/beds\/smart-folding-bed\/","og_site_name":"Bellfire","og_image":[{"width":2560,"height":1696,"url":"https:\/\/bellfire.ee\/wp-content\/uploads\/2019\/12\/smart-ikoon-1-scaled.jpg","type":"image\/jpeg"}],"twitter_card":"summary_large_image","twitter_misc":{"Est. reading time":"1 minute"},"schema":{"@context":"https:\/\/schema.org","@graph":[{"@type":"WebPage","@id":"https:\/\/bellfire.ee\/en\/bedroom\/beds\/smart-folding-bed\/","url":"https:\/\/bellfire.ee\/en\/bedroom\/beds\/smart-folding-bed\/","name":"Smart (folding) bed - Bellfire","isPartOf":{"@id":"https:\/\/bellfire.ee\/en\/#website"},"primaryImageOfPage":{"@id":"https:\/\/bellfire.ee\/en\/bedroom\/beds\/smart-folding-bed\/#primaryimage"},"image":{"@id":"https:\/\/bellfire.ee\/en\/bedroom\/beds\/smart-folding-bed\/#primaryimage"},"thumbnailUrl":"https:\/\/bellfire.ee\/wp-content\/uploads\/2019\/12\/smart-ikoon-1-scaled.jpg","datePublished":"2019-12-02T11:19:39+00:00","breadcrumb":{"@id":"https:\/\/bellfire.ee\/en\/bedroom\/beds\/smart-folding-bed\/#breadcrumb"},"inLanguage":"en-US","potentialAction":[{"@type":"ReadAction","target":["https:\/\/bellfire.ee\/en\/bedroom\/beds\/smart-folding-bed\/"]}]},{"@type":"ImageObject","inLanguage":"en-US","@id":"https:\/\/bellfire.ee\/en\/bedroom\/beds\/smart-folding-bed\/#primaryimage","url":"https:\/\/bellfire.ee\/wp-content\/uploads\/2019\/12\/smart-ikoon-1-scaled.jpg","contentUrl":"https:\/\/bellfire.ee\/wp-content\/uploads\/2019\/12\/smart-ikoon-1-scaled.jpg","width":2560,"height":1696},{"@type":"BreadcrumbList","@id":"https:\/\/bellfire.ee\/en\/bedroom\/beds\/smart-folding-bed\/#breadcrumb","itemListElement":[{"@type":"ListItem","position":1,"name":"Avaleht","item":"https:\/\/bellfire.ee\/en\/"},{"@type":"ListItem","position":2,"name":"Furniture","item":"https:\/\/bellfire.ee\/en\/furniture\/"},{"@type":"ListItem","position":3,"name":"Smart (folding) bed"}]},{"@type":"WebSite","@id":"https:\/\/bellfire.ee\/en\/#website","url":"https:\/\/bellfire.ee\/en\/","name":"Bellfire","description":"Disainm\u00f6\u00f6bel Sinu koju Eesti pehme m\u00f6\u00f6bli tootjal","publisher":{"@id":"https:\/\/bellfire.ee\/en\/#organization"},"potentialAction":[{"@type":"SearchAction","target":{"@type":"EntryPoint","urlTemplate":"https:\/\/bellfire.ee\/en\/?s={search_term_string}"},"query-input":{"@type":"PropertyValueSpecification","valueRequired":true,"valueName":"search_term_string"}}],"inLanguage":"en-US"},{"@type":"Organization","@id":"https:\/\/bellfire.ee\/en\/#organization","name":"Bellfire","url":"https:\/\/bellfire.ee\/en\/","logo":{"@type":"ImageObject","inLanguage":"en-US","@id":"https:\/\/bellfire.ee\/en\/#\/schema\/logo\/image\/","url":"https:\/\/bellfire.ee\/wp-content\/uploads\/2024\/10\/Site-logo.svg","contentUrl":"https:\/\/bellfire.ee\/wp-content\/uploads\/2024\/10\/Site-logo.svg","width":55,"height":64,"caption":"Bellfire"},"image":{"@id":"https:\/\/bellfire.ee\/en\/#\/schema\/logo\/image\/"}}]}},"_links":{"self":[{"href":"https:\/\/bellfire.ee\/en\/wp-json\/wp\/v2\/product\/51999","targetHints":{"allow":["GET"]}}],"collection":[{"href":"https:\/\/bellfire.ee\/en\/wp-json\/wp\/v2\/product"}],"about":[{"href":"https:\/\/bellfire.ee\/en\/wp-json\/wp\/v2\/types\/product"}],"wp:featuredmedia":[{"embeddable":true,"href":"https:\/\/bellfire.ee\/en\/wp-json\/wp\/v2\/media\/54979"}],"wp:attachment":[{"href":"https:\/\/bellfire.ee\/en\/wp-json\/wp\/v2\/media?parent=51999"}],"wp:term":[{"taxonomy":"wpc-attribute-group","embeddable":true,"href":"https:\/\/bellfire.ee\/en\/wp-json\/wp\/v2\/wpc-attribute-group?post=51999"},{"taxonomy":"product_brand","embeddable":true,"href":"https:\/\/bellfire.ee\/en\/wp-json\/wp\/v2\/product_brand?post=51999"},{"taxonomy":"product_cat","embeddable":true,"href":"https:\/\/bellfire.ee\/en\/wp-json\/wp\/v2\/product_cat?post=51999"},{"taxonomy":"product_tag","embeddable":true,"href":"https:\/\/bellfire.ee\/en\/wp-json\/wp\/v2\/product_tag?post=51999"}],"curies":[{"name":"wp","href":"https:\/\/api.w.org\/{rel}","templated":true}]}}