{"id":51879,"date":"2023-01-27T11:35:37","date_gmt":"2023-01-27T11:35:37","guid":{"rendered":"https:\/\/bellfire.ee\/uncategorized\/plaza-electric-footrest\/"},"modified":"2024-11-27T12:55:47","modified_gmt":"2024-11-27T12:55:47","slug":"plaza-electric-footrest","status":"publish","type":"product","link":"https:\/\/bellfire.ee\/en\/living-room\/accessories\/plaza-electric-footrest\/","title":{"rendered":"Plaza electric footrest"},"content":{"rendered":"<p>The <strong>Plaza electric footrest<\/strong> takes the comfort of your sofa to a whole new level.<\/p>\n<p>This compact electric footrest attaches underneath the sofa and doesn\u2019t take up much space. An added bonus is the USB port, so you can charge your devices without leaving the sofa. The Plaza footrest is a valuable addition for anyone who appreciates functionality and wants to relax in true comfort.<\/p>\n<p>The electric footrest is available as an add-on only for new Plaza sofas.<\/p>\n<p>Come visit us and explore the new Plaza addition at our showroom, Riia 142, Tartu.<\/p>\n<p>&nbsp;<\/p>\n<div style=\"width: 1920px;\" class=\"wp-video\"><!--[if lt IE 9]><script>document.createElement('video');<\/script><![endif]-->\n<video class=\"wp-video-shortcode\" id=\"video-51879-1\" width=\"1920\" height=\"1080\" preload=\"metadata\" controls=\"controls\"><source type=\"video\/mp4\" src=\"https:\/\/bellfire.ee\/wp-content\/uploads\/2023\/01\/Bellfire_Plaza_sofa_electric_footrest_no_audio.mp4?_=1\" \/><a href=\"https:\/\/bellfire.ee\/wp-content\/uploads\/2023\/01\/Bellfire_Plaza_sofa_electric_footrest_no_audio.mp4\">https:\/\/bellfire.ee\/wp-content\/uploads\/2023\/01\/Bellfire_Plaza_sofa_electric_footrest_no_audio.mp4<\/a><\/video><\/div>\n","protected":false},"excerpt":{"rendered":"<div class=\"flex-shrink-0 flex flex-col relative items-end\">\n<div>\n<div class=\"pt-0\">\n<div class=\"gizmo-bot-avatar flex h-8 w-8 items-center justify-center overflow-hidden rounded-full\">\n<div class=\"relative p-1 rounded-sm flex items-center justify-center bg-token-main-surface-primary text-token-text-primary h-8 w-8\">The <strong>Plaza electric footrest<\/strong> elevates the comfort of your sofa to a whole new level.<\/div>\n<\/div>\n<\/div>\n<\/div>\n<\/div>\n<div class=\"group\/conversation-turn relative flex w-full min-w-0 flex-col agent-turn\">\n<div class=\"flex-col gap-1 md:gap-3\">\n<div class=\"flex max-w-full flex-col flex-grow\">\n<div class=\"min-h-8 text-message flex w-full flex-col items-end gap-2 whitespace-normal break-words [.text-message+&amp;]:mt-5\" dir=\"auto\" data-message-author-role=\"assistant\" data-message-id=\"00a3f611-cbe6-4a6b-a3c6-4f72d8b9bc26\" data-message-model-slug=\"gpt-4o-mini\">\n<div class=\"flex w-full flex-col gap-1 empty:hidden first:pt-[3px]\">\n<div class=\"markdown prose w-full break-words dark:prose-invert dark\">\n<p>This compact electric footrest attaches underneath the sofa, saving space. An added bonus is the USB port, allowing you to charge your devices without leaving the sofa. The Plaza footrest is a valuable addition for anyone who appreciates functionality and wants to enjoy their relaxation time in true comfort.<\/p>\n<p>The electric footrest is available as an add-on only for new Plaza sofas.<\/p>\n<p>Visit us and check out the new addition to the Plaza sofa at our showroom, Riia 142, Tartu.<\/p>\n<\/div>\n<\/div>\n<\/div>\n<\/div>\n<\/div>\n<\/div>\n","protected":false},"featured_media":41910,"template":"","meta":{"_acf_changed":false},"wpc-attribute-group":[],"product_brand":[],"product_cat":[986],"product_tag":[],"class_list":{"0":"post-51879","1":"product","2":"type-product","3":"status-publish","4":"has-post-thumbnail","6":"product_cat-accessories","7":"pa_e-poe-kangavalik-casual-river-en","8":"pa_e-poe-kangavalik-casual-spring-en","9":"pa_e-poe-kangavalik-casual-desert-en","10":"pa_e-poe-kangavalik-casual-gold-en","11":"pa_e-poe-kangavalik-casual-griffin-en","12":"pa_e-poe-kangavalik-casual-ivory-en","13":"pa_e-poe-kangavalik-casual-misty-en","14":"pa_e-poe-kangavalik-casual-truffle-en","16":"first","17":"instock","18":"taxable","19":"shipping-taxable","20":"purchasable","21":"product-type-variable","22":"add-to-wishlist-after_add_to_cart"},"acf":[],"yoast_head":"<!-- This site is optimized with the Yoast SEO plugin v26.1 - https:\/\/yoast.com\/wordpress\/plugins\/seo\/ -->\n<title>Plaza electric footrest - Bellfire<\/title>\n<meta name=\"robots\" content=\"index, follow, max-snippet:-1, max-image-preview:large, max-video-preview:-1\" \/>\n<link rel=\"canonical\" href=\"https:\/\/bellfire.ee\/en\/living-room\/accessories\/plaza-electric-footrest\/\" \/>\n<meta property=\"og:locale\" content=\"en_US\" \/>\n<meta property=\"og:type\" content=\"article\" \/>\n<meta property=\"og:title\" content=\"Plaza electric footrest - Bellfire\" \/>\n<meta property=\"og:description\" content=\"The Plaza electric footrest elevates the comfort of your sofa to a whole new level.            This compact electric footrest attaches underneath the sofa, saving space. An added bonus is the USB port, allowing you to charge your devices without leaving the sofa. The Plaza footrest is a valuable addition for anyone who appreciates functionality and wants to enjoy their relaxation time in true comfort.  The electric footrest is available as an add-on only for new Plaza sofas.  Visit us and check out the new addition to the Plaza sofa at our showroom, Riia 142, Tartu.\" \/>\n<meta property=\"og:url\" content=\"https:\/\/bellfire.ee\/en\/living-room\/accessories\/plaza-electric-footrest\/\" \/>\n<meta property=\"og:site_name\" content=\"Bellfire\" \/>\n<meta property=\"article:modified_time\" content=\"2024-11-27T12:55:47+00:00\" \/>\n<meta property=\"og:image\" content=\"https:\/\/bellfire.ee\/wp-content\/uploads\/2024\/10\/Plaza-jalatugi-salongis-scaled-e1674812084468.jpg\" \/>\n\t<meta property=\"og:image:width\" content=\"2329\" \/>\n\t<meta property=\"og:image:height\" content=\"1440\" \/>\n\t<meta property=\"og:image:type\" content=\"image\/jpeg\" \/>\n<meta name=\"twitter:card\" content=\"summary_large_image\" \/>\n<meta name=\"twitter:label1\" content=\"Est. reading time\" \/>\n\t<meta name=\"twitter:data1\" content=\"1 minute\" \/>\n<script type=\"application\/ld+json\" class=\"yoast-schema-graph\">{\"@context\":\"https:\/\/schema.org\",\"@graph\":[{\"@type\":\"WebPage\",\"@id\":\"https:\/\/bellfire.ee\/en\/living-room\/accessories\/plaza-electric-footrest\/\",\"url\":\"https:\/\/bellfire.ee\/en\/living-room\/accessories\/plaza-electric-footrest\/\",\"name\":\"Plaza electric footrest - Bellfire\",\"isPartOf\":{\"@id\":\"https:\/\/bellfire.ee\/en\/#website\"},\"primaryImageOfPage\":{\"@id\":\"https:\/\/bellfire.ee\/en\/living-room\/accessories\/plaza-electric-footrest\/#primaryimage\"},\"image\":{\"@id\":\"https:\/\/bellfire.ee\/en\/living-room\/accessories\/plaza-electric-footrest\/#primaryimage\"},\"thumbnailUrl\":\"https:\/\/bellfire.ee\/wp-content\/uploads\/2024\/10\/Plaza-jalatugi-salongis-scaled-e1674812084468.jpg\",\"datePublished\":\"2023-01-27T11:35:37+00:00\",\"dateModified\":\"2024-11-27T12:55:47+00:00\",\"breadcrumb\":{\"@id\":\"https:\/\/bellfire.ee\/en\/living-room\/accessories\/plaza-electric-footrest\/#breadcrumb\"},\"inLanguage\":\"en-US\",\"potentialAction\":[{\"@type\":\"ReadAction\",\"target\":[\"https:\/\/bellfire.ee\/en\/living-room\/accessories\/plaza-electric-footrest\/\"]}]},{\"@type\":\"ImageObject\",\"inLanguage\":\"en-US\",\"@id\":\"https:\/\/bellfire.ee\/en\/living-room\/accessories\/plaza-electric-footrest\/#primaryimage\",\"url\":\"https:\/\/bellfire.ee\/wp-content\/uploads\/2024\/10\/Plaza-jalatugi-salongis-scaled-e1674812084468.jpg\",\"contentUrl\":\"https:\/\/bellfire.ee\/wp-content\/uploads\/2024\/10\/Plaza-jalatugi-salongis-scaled-e1674812084468.jpg\",\"width\":2329,\"height\":1440},{\"@type\":\"BreadcrumbList\",\"@id\":\"https:\/\/bellfire.ee\/en\/living-room\/accessories\/plaza-electric-footrest\/#breadcrumb\",\"itemListElement\":[{\"@type\":\"ListItem\",\"position\":1,\"name\":\"Avaleht\",\"item\":\"https:\/\/bellfire.ee\/en\/\"},{\"@type\":\"ListItem\",\"position\":2,\"name\":\"Furniture\",\"item\":\"https:\/\/bellfire.ee\/en\/furniture\/\"},{\"@type\":\"ListItem\",\"position\":3,\"name\":\"Plaza electric footrest\"}]},{\"@type\":\"WebSite\",\"@id\":\"https:\/\/bellfire.ee\/en\/#website\",\"url\":\"https:\/\/bellfire.ee\/en\/\",\"name\":\"Bellfire\",\"description\":\"Disainm\u00f6\u00f6bel Sinu koju Eesti pehme m\u00f6\u00f6bli tootjal\",\"publisher\":{\"@id\":\"https:\/\/bellfire.ee\/en\/#organization\"},\"potentialAction\":[{\"@type\":\"SearchAction\",\"target\":{\"@type\":\"EntryPoint\",\"urlTemplate\":\"https:\/\/bellfire.ee\/en\/?s={search_term_string}\"},\"query-input\":{\"@type\":\"PropertyValueSpecification\",\"valueRequired\":true,\"valueName\":\"search_term_string\"}}],\"inLanguage\":\"en-US\"},{\"@type\":\"Organization\",\"@id\":\"https:\/\/bellfire.ee\/en\/#organization\",\"name\":\"Bellfire\",\"url\":\"https:\/\/bellfire.ee\/en\/\",\"logo\":{\"@type\":\"ImageObject\",\"inLanguage\":\"en-US\",\"@id\":\"https:\/\/bellfire.ee\/en\/#\/schema\/logo\/image\/\",\"url\":\"https:\/\/bellfire.ee\/wp-content\/uploads\/2024\/10\/Site-logo.svg\",\"contentUrl\":\"https:\/\/bellfire.ee\/wp-content\/uploads\/2024\/10\/Site-logo.svg\",\"width\":55,\"height\":64,\"caption\":\"Bellfire\"},\"image\":{\"@id\":\"https:\/\/bellfire.ee\/en\/#\/schema\/logo\/image\/\"}}]}<\/script>\n<!-- \/ Yoast SEO plugin. -->","yoast_head_json":{"title":"Plaza electric footrest - Bellfire","robots":{"index":"index","follow":"follow","max-snippet":"max-snippet:-1","max-image-preview":"max-image-preview:large","max-video-preview":"max-video-preview:-1"},"canonical":"https:\/\/bellfire.ee\/en\/living-room\/accessories\/plaza-electric-footrest\/","og_locale":"en_US","og_type":"article","og_title":"Plaza electric footrest - Bellfire","og_description":"The Plaza electric footrest elevates the comfort of your sofa to a whole new level.            This compact electric footrest attaches underneath the sofa, saving space. An added bonus is the USB port, allowing you to charge your devices without leaving the sofa. The Plaza footrest is a valuable addition for anyone who appreciates functionality and wants to enjoy their relaxation time in true comfort.  The electric footrest is available as an add-on only for new Plaza sofas.  Visit us and check out the new addition to the Plaza sofa at our showroom, Riia 142, Tartu.","og_url":"https:\/\/bellfire.ee\/en\/living-room\/accessories\/plaza-electric-footrest\/","og_site_name":"Bellfire","article_modified_time":"2024-11-27T12:55:47+00:00","og_image":[{"width":2329,"height":1440,"url":"https:\/\/bellfire.ee\/wp-content\/uploads\/2024\/10\/Plaza-jalatugi-salongis-scaled-e1674812084468.jpg","type":"image\/jpeg"}],"twitter_card":"summary_large_image","twitter_misc":{"Est. reading time":"1 minute"},"schema":{"@context":"https:\/\/schema.org","@graph":[{"@type":"WebPage","@id":"https:\/\/bellfire.ee\/en\/living-room\/accessories\/plaza-electric-footrest\/","url":"https:\/\/bellfire.ee\/en\/living-room\/accessories\/plaza-electric-footrest\/","name":"Plaza electric footrest - Bellfire","isPartOf":{"@id":"https:\/\/bellfire.ee\/en\/#website"},"primaryImageOfPage":{"@id":"https:\/\/bellfire.ee\/en\/living-room\/accessories\/plaza-electric-footrest\/#primaryimage"},"image":{"@id":"https:\/\/bellfire.ee\/en\/living-room\/accessories\/plaza-electric-footrest\/#primaryimage"},"thumbnailUrl":"https:\/\/bellfire.ee\/wp-content\/uploads\/2024\/10\/Plaza-jalatugi-salongis-scaled-e1674812084468.jpg","datePublished":"2023-01-27T11:35:37+00:00","dateModified":"2024-11-27T12:55:47+00:00","breadcrumb":{"@id":"https:\/\/bellfire.ee\/en\/living-room\/accessories\/plaza-electric-footrest\/#breadcrumb"},"inLanguage":"en-US","potentialAction":[{"@type":"ReadAction","target":["https:\/\/bellfire.ee\/en\/living-room\/accessories\/plaza-electric-footrest\/"]}]},{"@type":"ImageObject","inLanguage":"en-US","@id":"https:\/\/bellfire.ee\/en\/living-room\/accessories\/plaza-electric-footrest\/#primaryimage","url":"https:\/\/bellfire.ee\/wp-content\/uploads\/2024\/10\/Plaza-jalatugi-salongis-scaled-e1674812084468.jpg","contentUrl":"https:\/\/bellfire.ee\/wp-content\/uploads\/2024\/10\/Plaza-jalatugi-salongis-scaled-e1674812084468.jpg","width":2329,"height":1440},{"@type":"BreadcrumbList","@id":"https:\/\/bellfire.ee\/en\/living-room\/accessories\/plaza-electric-footrest\/#breadcrumb","itemListElement":[{"@type":"ListItem","position":1,"name":"Avaleht","item":"https:\/\/bellfire.ee\/en\/"},{"@type":"ListItem","position":2,"name":"Furniture","item":"https:\/\/bellfire.ee\/en\/furniture\/"},{"@type":"ListItem","position":3,"name":"Plaza electric footrest"}]},{"@type":"WebSite","@id":"https:\/\/bellfire.ee\/en\/#website","url":"https:\/\/bellfire.ee\/en\/","name":"Bellfire","description":"Disainm\u00f6\u00f6bel Sinu koju Eesti pehme m\u00f6\u00f6bli tootjal","publisher":{"@id":"https:\/\/bellfire.ee\/en\/#organization"},"potentialAction":[{"@type":"SearchAction","target":{"@type":"EntryPoint","urlTemplate":"https:\/\/bellfire.ee\/en\/?s={search_term_string}"},"query-input":{"@type":"PropertyValueSpecification","valueRequired":true,"valueName":"search_term_string"}}],"inLanguage":"en-US"},{"@type":"Organization","@id":"https:\/\/bellfire.ee\/en\/#organization","name":"Bellfire","url":"https:\/\/bellfire.ee\/en\/","logo":{"@type":"ImageObject","inLanguage":"en-US","@id":"https:\/\/bellfire.ee\/en\/#\/schema\/logo\/image\/","url":"https:\/\/bellfire.ee\/wp-content\/uploads\/2024\/10\/Site-logo.svg","contentUrl":"https:\/\/bellfire.ee\/wp-content\/uploads\/2024\/10\/Site-logo.svg","width":55,"height":64,"caption":"Bellfire"},"image":{"@id":"https:\/\/bellfire.ee\/en\/#\/schema\/logo\/image\/"}}]}},"_links":{"self":[{"href":"https:\/\/bellfire.ee\/en\/wp-json\/wp\/v2\/product\/51879","targetHints":{"allow":["GET"]}}],"collection":[{"href":"https:\/\/bellfire.ee\/en\/wp-json\/wp\/v2\/product"}],"about":[{"href":"https:\/\/bellfire.ee\/en\/wp-json\/wp\/v2\/types\/product"}],"wp:featuredmedia":[{"embeddable":true,"href":"https:\/\/bellfire.ee\/en\/wp-json\/wp\/v2\/media\/41910"}],"wp:attachment":[{"href":"https:\/\/bellfire.ee\/en\/wp-json\/wp\/v2\/media?parent=51879"}],"wp:term":[{"taxonomy":"wpc-attribute-group","embeddable":true,"href":"https:\/\/bellfire.ee\/en\/wp-json\/wp\/v2\/wpc-attribute-group?post=51879"},{"taxonomy":"product_brand","embeddable":true,"href":"https:\/\/bellfire.ee\/en\/wp-json\/wp\/v2\/product_brand?post=51879"},{"taxonomy":"product_cat","embeddable":true,"href":"https:\/\/bellfire.ee\/en\/wp-json\/wp\/v2\/product_cat?post=51879"},{"taxonomy":"product_tag","embeddable":true,"href":"https:\/\/bellfire.ee\/en\/wp-json\/wp\/v2\/product_tag?post=51879"}],"curies":[{"name":"wp","href":"https:\/\/api.w.org\/{rel}","templated":true}]}}