{"id":51877,"date":"2023-12-12T08:39:37","date_gmt":"2023-12-12T08:39:37","guid":{"rendered":"https:\/\/bellfire.ee\/uncategorized\/softcare-fabric-cleaner\/"},"modified":"2023-12-12T08:39:37","modified_gmt":"2023-12-12T08:39:37","slug":"softcare-fabric-cleaner","status":"publish","type":"product","link":"https:\/\/bellfire.ee\/en\/living-room\/care-products\/softcare-fabric-cleaner\/","title":{"rendered":"Softcare fabric cleaner"},"content":{"rendered":"<div class=\"flex-shrink-0 flex flex-col relative items-end\">\n<div>\n<div class=\"pt-0\">\n<div class=\"gizmo-bot-avatar flex h-8 w-8 items-center justify-center overflow-hidden rounded-full\">\n<div class=\"relative p-1 rounded-sm flex items-center justify-center bg-token-main-surface-primary text-token-text-primary h-8 w-8\"><strong>Softcare fabric cleaner<\/strong> effectively removes dirt, grease, and stains from various textiles, including furniture fabrics, carpets, curtains, and clothing. Made from environmentally friendly ingredients, it comes in a 500 ml recyclable bottle.<\/div>\n<\/div>\n<\/div>\n<\/div>\n<\/div>\n<div class=\"group\/conversation-turn relative flex w-full min-w-0 flex-col agent-turn\">\n<div class=\"flex-col gap-1 md:gap-3\">\n<div class=\"flex max-w-full flex-col flex-grow\">\n<div class=\"min-h-8 text-message flex w-full flex-col items-end gap-2 whitespace-normal break-words [.text-message+&amp;]:mt-5\" dir=\"auto\" data-message-author-role=\"assistant\" data-message-id=\"ef576804-52f9-4c3b-ba5c-d1a040a1a9b0\" data-message-model-slug=\"gpt-4o-mini\">\n<div class=\"flex w-full flex-col gap-1 empty:hidden first:pt-[3px]\">\n<div class=\"markdown prose w-full break-words dark:prose-invert dark\">\n<p>Before use, test on a small, inconspicuous area. Spray on the stain, leave for a few minutes, and clean with a damp cloth. For stronger stains, extend the exposure time or repeat the process. Avoid over-wetting and allow to dry in a well-ventilated area.<\/p>\n<p>For clothing, spray on stains 10 minutes before machine washing.<\/p>\n<p><a href=\"https:\/\/www.youtube.com\/watch?v=7_wuTajSqAg\">Here you can find a short video guide for using Softcare fabric cleaner<\/a><\/p>\n<p>Softcare fabric protector is available at our showroom at <a href=\"https:\/\/www.google.com\/maps\/place\/Bellfire+O%C3%9C\/@58.355146,26.6832279,441m\/data=!3m2!1e3!4b1!4m6!3m5!1s0x46eb3730b5e297d1:0x1242945c1a1e6259!8m2!3d58.355146!4d26.6832279!16s%2Fg%2F1tdshgnk?entry=ttu&amp;g_ep=EgoyMDI0MTEyNC4xIKXMDSoASAFQAw%3D%3D\">Riia 142, Tartu.<\/a><\/p>\n<p>&nbsp;<\/p>\n<\/div>\n<\/div>\n<\/div>\n<\/div>\n<\/div>\n<\/div>\n","protected":false},"excerpt":{"rendered":"<div class=\"flex-shrink-0 flex flex-col relative items-end\">\n<div>\n<div class=\"pt-0\">\n<div class=\"gizmo-bot-avatar flex h-8 w-8 items-center justify-center overflow-hidden rounded-full\">\n<div class=\"relative p-1 rounded-sm flex items-center justify-center bg-token-main-surface-primary text-token-text-primary h-8 w-8\"><strong>Softcare fabric cleaner<\/strong> effectively removes dirt, grease, and stains from various textiles, including furniture fabrics, carpets, curtains, and clothing. Made from environmentally friendly ingredients, it comes in a 500 ml recyclable bottle.<\/div>\n<\/div>\n<\/div>\n<\/div>\n<\/div>\n<div class=\"group\/conversation-turn relative flex w-full min-w-0 flex-col agent-turn\">\n<div class=\"flex-col gap-1 md:gap-3\">\n<div class=\"flex max-w-full flex-col flex-grow\">\n<div class=\"min-h-8 text-message flex w-full flex-col items-end gap-2 whitespace-normal break-words [.text-message+&amp;]:mt-5\" dir=\"auto\" data-message-author-role=\"assistant\" data-message-id=\"ef576804-52f9-4c3b-ba5c-d1a040a1a9b0\" data-message-model-slug=\"gpt-4o-mini\">\n<div class=\"flex w-full flex-col gap-1 empty:hidden first:pt-[3px]\">\n<div class=\"markdown prose w-full break-words dark:prose-invert dark\">\n<p>Before use, test on a small, inconspicuous area. Spray on the stain, leave for a few minutes, and clean with a damp cloth. For stronger stains, extend the exposure time or repeat the process. Avoid over-wetting and allow to dry in a well-ventilated area.<\/p>\n<p>For clothing, spray on stains 10 minutes before machine washing.<\/p>\n<p><a href=\"https:\/\/www.youtube.com\/watch?v=7_wuTajSqAg\">Here you can find a short video guide for using Softcare fabric cleaner<\/a><\/p>\n<p>Softcare fabric protector is available at our showroom at <a href=\"https:\/\/www.google.com\/maps\/place\/Bellfire+O%C3%9C\/@58.355146,26.6832279,441m\/data=!3m2!1e3!4b1!4m6!3m5!1s0x46eb3730b5e297d1:0x1242945c1a1e6259!8m2!3d58.355146!4d26.6832279!16s%2Fg%2F1tdshgnk?entry=ttu&amp;g_ep=EgoyMDI0MTEyNC4xIKXMDSoASAFQAw%3D%3D\">Riia 142, Tartu.<\/a><\/p>\n<p>&nbsp;<\/p>\n<\/div>\n<\/div>\n<\/div>\n<\/div>\n<\/div>\n<\/div>\n","protected":false},"featured_media":69298,"template":"","meta":{"_acf_changed":false},"wpc-attribute-group":[],"product_brand":[],"product_cat":[983,988],"product_tag":[],"class_list":{"0":"post-51877","1":"product","2":"type-product","3":"status-publish","4":"has-post-thumbnail","6":"product_cat-living-room","7":"product_cat-care-products","9":"first","10":"instock","11":"taxable","12":"shipping-taxable","13":"purchasable","14":"product-type-variable","15":"add-to-wishlist-after_add_to_cart"},"acf":[],"yoast_head":"<!-- This site is optimized with the Yoast SEO plugin v26.1 - https:\/\/yoast.com\/wordpress\/plugins\/seo\/ -->\n<title>Softcare fabric cleaner - Bellfire<\/title>\n<meta name=\"robots\" content=\"index, follow, max-snippet:-1, max-image-preview:large, max-video-preview:-1\" \/>\n<link rel=\"canonical\" href=\"https:\/\/bellfire.ee\/en\/living-room\/care-products\/softcare-fabric-cleaner\/\" \/>\n<meta property=\"og:locale\" content=\"en_US\" \/>\n<meta property=\"og:type\" content=\"article\" \/>\n<meta property=\"og:title\" content=\"Softcare fabric cleaner - Bellfire\" \/>\n<meta property=\"og:description\" content=\"Softcare fabric cleaner effectively removes dirt, grease, and stains from various textiles, including furniture fabrics, carpets, curtains, and clothing. Made from environmentally friendly ingredients, it comes in a 500 ml recyclable bottle.            Before use, test on a small, inconspicuous area. Spray on the stain, leave for a few minutes, and clean with a damp cloth. For stronger stains, extend the exposure time or repeat the process. Avoid over-wetting and allow to dry in a well-ventilated area.  For clothing, spray on stains 10 minutes before machine washing.  Here you can find a short video guide for using Softcare fabric cleaner  Softcare fabric protector is available at our showroom at Riia 142, Tartu.  &nbsp;\" \/>\n<meta property=\"og:url\" content=\"https:\/\/bellfire.ee\/en\/living-room\/care-products\/softcare-fabric-cleaner\/\" \/>\n<meta property=\"og:site_name\" content=\"Bellfire\" \/>\n<meta property=\"og:image\" content=\"https:\/\/bellfire.ee\/wp-content\/uploads\/2023\/12\/softcare-textile-cleaner-ikoon.jpg\" \/>\n\t<meta property=\"og:image:width\" content=\"1920\" \/>\n\t<meta property=\"og:image:height\" content=\"1080\" \/>\n\t<meta property=\"og:image:type\" content=\"image\/jpeg\" \/>\n<meta name=\"twitter:card\" content=\"summary_large_image\" \/>\n<meta name=\"twitter:label1\" content=\"Est. reading time\" \/>\n\t<meta name=\"twitter:data1\" content=\"1 minute\" \/>\n<script type=\"application\/ld+json\" class=\"yoast-schema-graph\">{\"@context\":\"https:\/\/schema.org\",\"@graph\":[{\"@type\":\"WebPage\",\"@id\":\"https:\/\/bellfire.ee\/en\/living-room\/care-products\/softcare-fabric-cleaner\/\",\"url\":\"https:\/\/bellfire.ee\/en\/living-room\/care-products\/softcare-fabric-cleaner\/\",\"name\":\"Softcare fabric cleaner - Bellfire\",\"isPartOf\":{\"@id\":\"https:\/\/bellfire.ee\/en\/#website\"},\"primaryImageOfPage\":{\"@id\":\"https:\/\/bellfire.ee\/en\/living-room\/care-products\/softcare-fabric-cleaner\/#primaryimage\"},\"image\":{\"@id\":\"https:\/\/bellfire.ee\/en\/living-room\/care-products\/softcare-fabric-cleaner\/#primaryimage\"},\"thumbnailUrl\":\"https:\/\/bellfire.ee\/wp-content\/uploads\/2023\/12\/712718-TEKSTIILIPESU-500-Web-1024px-65q.jpg\",\"datePublished\":\"2023-12-12T08:39:37+00:00\",\"breadcrumb\":{\"@id\":\"https:\/\/bellfire.ee\/en\/living-room\/care-products\/softcare-fabric-cleaner\/#breadcrumb\"},\"inLanguage\":\"en-US\",\"potentialAction\":[{\"@type\":\"ReadAction\",\"target\":[\"https:\/\/bellfire.ee\/en\/living-room\/care-products\/softcare-fabric-cleaner\/\"]}]},{\"@type\":\"ImageObject\",\"inLanguage\":\"en-US\",\"@id\":\"https:\/\/bellfire.ee\/en\/living-room\/care-products\/softcare-fabric-cleaner\/#primaryimage\",\"url\":\"https:\/\/bellfire.ee\/wp-content\/uploads\/2023\/12\/712718-TEKSTIILIPESU-500-Web-1024px-65q.jpg\",\"contentUrl\":\"https:\/\/bellfire.ee\/wp-content\/uploads\/2023\/12\/712718-TEKSTIILIPESU-500-Web-1024px-65q.jpg\",\"width\":1600,\"height\":1200},{\"@type\":\"BreadcrumbList\",\"@id\":\"https:\/\/bellfire.ee\/en\/living-room\/care-products\/softcare-fabric-cleaner\/#breadcrumb\",\"itemListElement\":[{\"@type\":\"ListItem\",\"position\":1,\"name\":\"Avaleht\",\"item\":\"https:\/\/bellfire.ee\/en\/\"},{\"@type\":\"ListItem\",\"position\":2,\"name\":\"Furniture\",\"item\":\"https:\/\/bellfire.ee\/en\/furniture\/\"},{\"@type\":\"ListItem\",\"position\":3,\"name\":\"Softcare fabric cleaner\"}]},{\"@type\":\"WebSite\",\"@id\":\"https:\/\/bellfire.ee\/en\/#website\",\"url\":\"https:\/\/bellfire.ee\/en\/\",\"name\":\"Bellfire\",\"description\":\"Disainm\u00f6\u00f6bel Sinu koju Eesti pehme m\u00f6\u00f6bli tootjal\",\"publisher\":{\"@id\":\"https:\/\/bellfire.ee\/en\/#organization\"},\"potentialAction\":[{\"@type\":\"SearchAction\",\"target\":{\"@type\":\"EntryPoint\",\"urlTemplate\":\"https:\/\/bellfire.ee\/en\/?s={search_term_string}\"},\"query-input\":{\"@type\":\"PropertyValueSpecification\",\"valueRequired\":true,\"valueName\":\"search_term_string\"}}],\"inLanguage\":\"en-US\"},{\"@type\":\"Organization\",\"@id\":\"https:\/\/bellfire.ee\/en\/#organization\",\"name\":\"Bellfire\",\"url\":\"https:\/\/bellfire.ee\/en\/\",\"logo\":{\"@type\":\"ImageObject\",\"inLanguage\":\"en-US\",\"@id\":\"https:\/\/bellfire.ee\/en\/#\/schema\/logo\/image\/\",\"url\":\"https:\/\/bellfire.ee\/wp-content\/uploads\/2024\/10\/Site-logo.svg\",\"contentUrl\":\"https:\/\/bellfire.ee\/wp-content\/uploads\/2024\/10\/Site-logo.svg\",\"width\":55,\"height\":64,\"caption\":\"Bellfire\"},\"image\":{\"@id\":\"https:\/\/bellfire.ee\/en\/#\/schema\/logo\/image\/\"}}]}<\/script>\n<!-- \/ Yoast SEO plugin. -->","yoast_head_json":{"title":"Softcare fabric cleaner - Bellfire","robots":{"index":"index","follow":"follow","max-snippet":"max-snippet:-1","max-image-preview":"max-image-preview:large","max-video-preview":"max-video-preview:-1"},"canonical":"https:\/\/bellfire.ee\/en\/living-room\/care-products\/softcare-fabric-cleaner\/","og_locale":"en_US","og_type":"article","og_title":"Softcare fabric cleaner - Bellfire","og_description":"Softcare fabric cleaner effectively removes dirt, grease, and stains from various textiles, including furniture fabrics, carpets, curtains, and clothing. Made from environmentally friendly ingredients, it comes in a 500 ml recyclable bottle.            Before use, test on a small, inconspicuous area. Spray on the stain, leave for a few minutes, and clean with a damp cloth. For stronger stains, extend the exposure time or repeat the process. Avoid over-wetting and allow to dry in a well-ventilated area.  For clothing, spray on stains 10 minutes before machine washing.  Here you can find a short video guide for using Softcare fabric cleaner  Softcare fabric protector is available at our showroom at Riia 142, Tartu.  &nbsp;","og_url":"https:\/\/bellfire.ee\/en\/living-room\/care-products\/softcare-fabric-cleaner\/","og_site_name":"Bellfire","og_image":[{"width":1920,"height":1080,"url":"https:\/\/bellfire.ee\/wp-content\/uploads\/2023\/12\/softcare-textile-cleaner-ikoon.jpg","type":"image\/jpeg"}],"twitter_card":"summary_large_image","twitter_misc":{"Est. reading time":"1 minute"},"schema":{"@context":"https:\/\/schema.org","@graph":[{"@type":"WebPage","@id":"https:\/\/bellfire.ee\/en\/living-room\/care-products\/softcare-fabric-cleaner\/","url":"https:\/\/bellfire.ee\/en\/living-room\/care-products\/softcare-fabric-cleaner\/","name":"Softcare fabric cleaner - Bellfire","isPartOf":{"@id":"https:\/\/bellfire.ee\/en\/#website"},"primaryImageOfPage":{"@id":"https:\/\/bellfire.ee\/en\/living-room\/care-products\/softcare-fabric-cleaner\/#primaryimage"},"image":{"@id":"https:\/\/bellfire.ee\/en\/living-room\/care-products\/softcare-fabric-cleaner\/#primaryimage"},"thumbnailUrl":"https:\/\/bellfire.ee\/wp-content\/uploads\/2023\/12\/712718-TEKSTIILIPESU-500-Web-1024px-65q.jpg","datePublished":"2023-12-12T08:39:37+00:00","breadcrumb":{"@id":"https:\/\/bellfire.ee\/en\/living-room\/care-products\/softcare-fabric-cleaner\/#breadcrumb"},"inLanguage":"en-US","potentialAction":[{"@type":"ReadAction","target":["https:\/\/bellfire.ee\/en\/living-room\/care-products\/softcare-fabric-cleaner\/"]}]},{"@type":"ImageObject","inLanguage":"en-US","@id":"https:\/\/bellfire.ee\/en\/living-room\/care-products\/softcare-fabric-cleaner\/#primaryimage","url":"https:\/\/bellfire.ee\/wp-content\/uploads\/2023\/12\/712718-TEKSTIILIPESU-500-Web-1024px-65q.jpg","contentUrl":"https:\/\/bellfire.ee\/wp-content\/uploads\/2023\/12\/712718-TEKSTIILIPESU-500-Web-1024px-65q.jpg","width":1600,"height":1200},{"@type":"BreadcrumbList","@id":"https:\/\/bellfire.ee\/en\/living-room\/care-products\/softcare-fabric-cleaner\/#breadcrumb","itemListElement":[{"@type":"ListItem","position":1,"name":"Avaleht","item":"https:\/\/bellfire.ee\/en\/"},{"@type":"ListItem","position":2,"name":"Furniture","item":"https:\/\/bellfire.ee\/en\/furniture\/"},{"@type":"ListItem","position":3,"name":"Softcare fabric cleaner"}]},{"@type":"WebSite","@id":"https:\/\/bellfire.ee\/en\/#website","url":"https:\/\/bellfire.ee\/en\/","name":"Bellfire","description":"Disainm\u00f6\u00f6bel Sinu koju Eesti pehme m\u00f6\u00f6bli tootjal","publisher":{"@id":"https:\/\/bellfire.ee\/en\/#organization"},"potentialAction":[{"@type":"SearchAction","target":{"@type":"EntryPoint","urlTemplate":"https:\/\/bellfire.ee\/en\/?s={search_term_string}"},"query-input":{"@type":"PropertyValueSpecification","valueRequired":true,"valueName":"search_term_string"}}],"inLanguage":"en-US"},{"@type":"Organization","@id":"https:\/\/bellfire.ee\/en\/#organization","name":"Bellfire","url":"https:\/\/bellfire.ee\/en\/","logo":{"@type":"ImageObject","inLanguage":"en-US","@id":"https:\/\/bellfire.ee\/en\/#\/schema\/logo\/image\/","url":"https:\/\/bellfire.ee\/wp-content\/uploads\/2024\/10\/Site-logo.svg","contentUrl":"https:\/\/bellfire.ee\/wp-content\/uploads\/2024\/10\/Site-logo.svg","width":55,"height":64,"caption":"Bellfire"},"image":{"@id":"https:\/\/bellfire.ee\/en\/#\/schema\/logo\/image\/"}}]}},"_links":{"self":[{"href":"https:\/\/bellfire.ee\/en\/wp-json\/wp\/v2\/product\/51877","targetHints":{"allow":["GET"]}}],"collection":[{"href":"https:\/\/bellfire.ee\/en\/wp-json\/wp\/v2\/product"}],"about":[{"href":"https:\/\/bellfire.ee\/en\/wp-json\/wp\/v2\/types\/product"}],"wp:featuredmedia":[{"embeddable":true,"href":"https:\/\/bellfire.ee\/en\/wp-json\/wp\/v2\/media\/69298"}],"wp:attachment":[{"href":"https:\/\/bellfire.ee\/en\/wp-json\/wp\/v2\/media?parent=51877"}],"wp:term":[{"taxonomy":"wpc-attribute-group","embeddable":true,"href":"https:\/\/bellfire.ee\/en\/wp-json\/wp\/v2\/wpc-attribute-group?post=51877"},{"taxonomy":"product_brand","embeddable":true,"href":"https:\/\/bellfire.ee\/en\/wp-json\/wp\/v2\/product_brand?post=51877"},{"taxonomy":"product_cat","embeddable":true,"href":"https:\/\/bellfire.ee\/en\/wp-json\/wp\/v2\/product_cat?post=51877"},{"taxonomy":"product_tag","embeddable":true,"href":"https:\/\/bellfire.ee\/en\/wp-json\/wp\/v2\/product_tag?post=51877"}],"curies":[{"name":"wp","href":"https:\/\/api.w.org\/{rel}","templated":true}]}}