{"id":51844,"date":"2020-10-09T20:03:53","date_gmt":"2020-10-09T20:03:53","guid":{"rendered":"https:\/\/bellfire.ee\/uncategorized\/mocca-ottoman\/"},"modified":"2020-10-09T20:03:53","modified_gmt":"2020-10-09T20:03:53","slug":"mocca-ottoman","status":"publish","type":"product","link":"https:\/\/bellfire.ee\/en\/living-room\/ottomans\/mocca-ottoman\/","title":{"rendered":"Mocca ottoman"},"content":{"rendered":"<div class=\"flex-shrink-0 flex flex-col relative items-end\">\n<div>\n<div class=\"pt-0\">\n<div class=\"gizmo-bot-avatar flex h-8 w-8 items-center justify-center overflow-hidden rounded-full\">\n<div class=\"relative p-1 rounded-sm flex items-center justify-center bg-token-main-surface-primary text-token-text-primary h-8 w-8\">The Mocca ottoman captivates with its beautiful proportions and sleek Nordic design, making it a great choice for those who want an eye-catching additional seat for their home or office. The down-filled polyurethane foam cushion makes sitting a pleasure, and time spent with friends or companions flies by. It also offers a great opportunity to stretch out and rest your legs while sitting on the sofa. The ottoman&#8217;s height of 45 cm is ideal for this purpose.<\/div>\n<\/div>\n<\/div>\n<\/div>\n<\/div>\n<div class=\"group\/conversation-turn relative flex w-full min-w-0 flex-col agent-turn\">\n<div class=\"flex-col gap-1 md:gap-3\">\n<div class=\"flex max-w-full flex-col flex-grow\">\n<div class=\"min-h-8 text-message flex w-full flex-col items-end gap-2 whitespace-normal break-words [.text-message+&amp;]:mt-5\" dir=\"auto\" data-message-author-role=\"assistant\" data-message-id=\"4fbe9c7a-4577-4903-98db-d7ac36dfb7ca\" data-message-model-slug=\"gpt-4o-mini\">\n<div class=\"flex w-full flex-col gap-1 empty:hidden first:pt-[3px]\">\n<div class=\"markdown prose w-full break-words dark:prose-invert dark\">\n<p>The birch plywood and pine wood frame makes the product strong and durable. The upholstery is easy to clean and of high quality. The Mocca ottoman measures 65 \u00d7 95 cm with a height of 45 cm. The legs are made of metal, with a height of 15 cm. The ottoman pairs perfectly with the Mocca, Slim Line, and Plaza sofas, creating a stylish cohesive look.<\/p>\n<p class=\"p1\">You can explore the full fabric selection at our showroom at <a href=\"https:\/\/maps.app.goo.gl\/PgyjmcJaAairgt4G7\"><span class=\"s1\">Riia 142, Tartu<\/span><\/a>.<\/p>\n<p class=\"p1\"><b>Please note that the actual color may vary from what appears on the screen. We recommend checking the colors in our showroom.<\/b><\/p>\n<\/div>\n<\/div>\n<\/div>\n<\/div>\n<\/div>\n<\/div>\n","protected":false},"excerpt":{"rendered":"<div class=\"flex-shrink-0 flex flex-col relative items-end\">\n<div>\n<div class=\"pt-0\">\n<div class=\"gizmo-bot-avatar flex h-8 w-8 items-center justify-center overflow-hidden rounded-full\">\n<div class=\"relative p-1 rounded-sm flex items-center justify-center bg-token-main-surface-primary text-token-text-primary h-8 w-8\">The Mocca ottoman captivates with its beautiful proportions and sleek Nordic design, making it a great choice for those who want an eye-catching additional seat for their home or office. The down-filled polyurethane foam cushion makes sitting a pleasure, and time spent with friends or companions flies by. It also offers a great opportunity to stretch out and rest your legs while sitting on the sofa. The ottoman&#8217;s height of 45 cm is ideal for this purpose.<\/div>\n<\/div>\n<\/div>\n<\/div>\n<\/div>\n<div class=\"group\/conversation-turn relative flex w-full min-w-0 flex-col agent-turn\">\n<div class=\"flex-col gap-1 md:gap-3\">\n<div class=\"flex max-w-full flex-col flex-grow\">\n<div class=\"min-h-8 text-message flex w-full flex-col items-end gap-2 whitespace-normal break-words [.text-message+&amp;]:mt-5\" dir=\"auto\" data-message-author-role=\"assistant\" data-message-id=\"4fbe9c7a-4577-4903-98db-d7ac36dfb7ca\" data-message-model-slug=\"gpt-4o-mini\">\n<div class=\"flex w-full flex-col gap-1 empty:hidden first:pt-[3px]\">\n<div class=\"markdown prose w-full break-words dark:prose-invert dark\">\n<p>The birch plywood and pine wood frame makes the product strong and durable. The upholstery is easy to clean and of high quality. The Mocca ottoman measures 65 \u00d7 95 cm with a height of 45 cm. The legs are made of metal, with a height of 15 cm. The ottoman pairs perfectly with the Mocca, Slim Line, and Plaza sofas, creating a stylish cohesive look.<\/p>\n<p class=\"p1\">You can explore the full fabric selection at our showroom at <a href=\"https:\/\/maps.app.goo.gl\/PgyjmcJaAairgt4G7\"><span class=\"s1\">Riia 142, Tartu<\/span><\/a>.<\/p>\n<p class=\"p1\"><b>Please note that the actual color may vary from what appears on the screen. We recommend checking the colors in our showroom.<\/b><\/p>\n<\/div>\n<\/div>\n<\/div>\n<\/div>\n<\/div>\n<\/div>\n","protected":false},"featured_media":37217,"template":"","meta":{"_acf_changed":false},"wpc-attribute-group":[],"product_brand":[],"product_cat":[989],"product_tag":[],"class_list":{"0":"post-51844","1":"product","2":"type-product","3":"status-publish","4":"has-post-thumbnail","6":"product_cat-ottomans","7":"pa_e-poe-kangavalik-devon-boudoir-en","8":"pa_e-poe-kangavalik-devon-onyx-en","9":"pa_e-poe-kangavalik-devon-linden-en","10":"pa_e-poe-kangavalik-devon-marine-en","11":"pa_e-poe-kangavalik-devon-sesame-en","12":"pa_e-poe-kangavalik-devon-shark-en","13":"pa_e-poe-kangavalik-devon-snow-en","15":"first","16":"instock","17":"taxable","18":"shipping-taxable","19":"purchasable","20":"product-type-variable","21":"add-to-wishlist-after_add_to_cart"},"acf":[],"yoast_head":"<!-- This site is optimized with the Yoast SEO plugin v26.1 - https:\/\/yoast.com\/wordpress\/plugins\/seo\/ -->\n<title>Mocca ottoman - Bellfire<\/title>\n<meta name=\"robots\" content=\"index, follow, max-snippet:-1, max-image-preview:large, max-video-preview:-1\" \/>\n<link rel=\"canonical\" href=\"https:\/\/bellfire.ee\/en\/living-room\/ottomans\/mocca-ottoman\/\" \/>\n<meta property=\"og:locale\" content=\"en_US\" \/>\n<meta property=\"og:type\" content=\"article\" \/>\n<meta property=\"og:title\" content=\"Mocca ottoman - Bellfire\" \/>\n<meta property=\"og:description\" content=\"The Mocca ottoman captivates with its beautiful proportions and sleek Nordic design, making it a great choice for those who want an eye-catching additional seat for their home or office. The down-filled polyurethane foam cushion makes sitting a pleasure, and time spent with friends or companions flies by. It also offers a great opportunity to stretch out and rest your legs while sitting on the sofa. The ottoman&#039;s height of 45 cm is ideal for this purpose.            The birch plywood and pine wood frame makes the product strong and durable. The upholstery is easy to clean and of high quality. The Mocca ottoman measures 65 \u00d7 95 cm with a height of 45 cm. The legs are made of metal, with a height of 15 cm. The ottoman pairs perfectly with the Mocca, Slim Line, and Plaza sofas, creating a stylish cohesive look. You can explore the full fabric selection at our showroom at Riia 142, Tartu. Please note that the actual color may vary from what appears on the screen. We recommend checking the colors in our showroom.\" \/>\n<meta property=\"og:url\" content=\"https:\/\/bellfire.ee\/en\/living-room\/ottomans\/mocca-ottoman\/\" \/>\n<meta property=\"og:site_name\" content=\"Bellfire\" \/>\n<meta property=\"og:image\" content=\"https:\/\/bellfire.ee\/wp-content\/uploads\/2024\/10\/Mocca-ottoman-1-scaled-1.jpg\" \/>\n\t<meta property=\"og:image:width\" content=\"2560\" \/>\n\t<meta property=\"og:image:height\" content=\"1857\" \/>\n\t<meta property=\"og:image:type\" content=\"image\/jpeg\" \/>\n<meta name=\"twitter:card\" content=\"summary_large_image\" \/>\n<meta name=\"twitter:label1\" content=\"Est. reading time\" \/>\n\t<meta name=\"twitter:data1\" content=\"1 minute\" \/>\n<script type=\"application\/ld+json\" class=\"yoast-schema-graph\">{\"@context\":\"https:\/\/schema.org\",\"@graph\":[{\"@type\":\"WebPage\",\"@id\":\"https:\/\/bellfire.ee\/en\/living-room\/ottomans\/mocca-ottoman\/\",\"url\":\"https:\/\/bellfire.ee\/en\/living-room\/ottomans\/mocca-ottoman\/\",\"name\":\"Mocca ottoman - Bellfire\",\"isPartOf\":{\"@id\":\"https:\/\/bellfire.ee\/en\/#website\"},\"primaryImageOfPage\":{\"@id\":\"https:\/\/bellfire.ee\/en\/living-room\/ottomans\/mocca-ottoman\/#primaryimage\"},\"image\":{\"@id\":\"https:\/\/bellfire.ee\/en\/living-room\/ottomans\/mocca-ottoman\/#primaryimage\"},\"thumbnailUrl\":\"https:\/\/bellfire.ee\/wp-content\/uploads\/2024\/10\/Mocca-ottoman-1-scaled-1.jpg\",\"datePublished\":\"2020-10-09T20:03:53+00:00\",\"breadcrumb\":{\"@id\":\"https:\/\/bellfire.ee\/en\/living-room\/ottomans\/mocca-ottoman\/#breadcrumb\"},\"inLanguage\":\"en-US\",\"potentialAction\":[{\"@type\":\"ReadAction\",\"target\":[\"https:\/\/bellfire.ee\/en\/living-room\/ottomans\/mocca-ottoman\/\"]}]},{\"@type\":\"ImageObject\",\"inLanguage\":\"en-US\",\"@id\":\"https:\/\/bellfire.ee\/en\/living-room\/ottomans\/mocca-ottoman\/#primaryimage\",\"url\":\"https:\/\/bellfire.ee\/wp-content\/uploads\/2024\/10\/Mocca-ottoman-1-scaled-1.jpg\",\"contentUrl\":\"https:\/\/bellfire.ee\/wp-content\/uploads\/2024\/10\/Mocca-ottoman-1-scaled-1.jpg\",\"width\":2560,\"height\":1857},{\"@type\":\"BreadcrumbList\",\"@id\":\"https:\/\/bellfire.ee\/en\/living-room\/ottomans\/mocca-ottoman\/#breadcrumb\",\"itemListElement\":[{\"@type\":\"ListItem\",\"position\":1,\"name\":\"Avaleht\",\"item\":\"https:\/\/bellfire.ee\/en\/\"},{\"@type\":\"ListItem\",\"position\":2,\"name\":\"Furniture\",\"item\":\"https:\/\/bellfire.ee\/en\/furniture\/\"},{\"@type\":\"ListItem\",\"position\":3,\"name\":\"Mocca ottoman\"}]},{\"@type\":\"WebSite\",\"@id\":\"https:\/\/bellfire.ee\/en\/#website\",\"url\":\"https:\/\/bellfire.ee\/en\/\",\"name\":\"Bellfire\",\"description\":\"Disainm\u00f6\u00f6bel Sinu koju Eesti pehme m\u00f6\u00f6bli tootjal\",\"publisher\":{\"@id\":\"https:\/\/bellfire.ee\/en\/#organization\"},\"potentialAction\":[{\"@type\":\"SearchAction\",\"target\":{\"@type\":\"EntryPoint\",\"urlTemplate\":\"https:\/\/bellfire.ee\/en\/?s={search_term_string}\"},\"query-input\":{\"@type\":\"PropertyValueSpecification\",\"valueRequired\":true,\"valueName\":\"search_term_string\"}}],\"inLanguage\":\"en-US\"},{\"@type\":\"Organization\",\"@id\":\"https:\/\/bellfire.ee\/en\/#organization\",\"name\":\"Bellfire\",\"url\":\"https:\/\/bellfire.ee\/en\/\",\"logo\":{\"@type\":\"ImageObject\",\"inLanguage\":\"en-US\",\"@id\":\"https:\/\/bellfire.ee\/en\/#\/schema\/logo\/image\/\",\"url\":\"https:\/\/bellfire.ee\/wp-content\/uploads\/2024\/10\/Site-logo.svg\",\"contentUrl\":\"https:\/\/bellfire.ee\/wp-content\/uploads\/2024\/10\/Site-logo.svg\",\"width\":55,\"height\":64,\"caption\":\"Bellfire\"},\"image\":{\"@id\":\"https:\/\/bellfire.ee\/en\/#\/schema\/logo\/image\/\"}}]}<\/script>\n<!-- \/ Yoast SEO plugin. -->","yoast_head_json":{"title":"Mocca ottoman - Bellfire","robots":{"index":"index","follow":"follow","max-snippet":"max-snippet:-1","max-image-preview":"max-image-preview:large","max-video-preview":"max-video-preview:-1"},"canonical":"https:\/\/bellfire.ee\/en\/living-room\/ottomans\/mocca-ottoman\/","og_locale":"en_US","og_type":"article","og_title":"Mocca ottoman - Bellfire","og_description":"The Mocca ottoman captivates with its beautiful proportions and sleek Nordic design, making it a great choice for those who want an eye-catching additional seat for their home or office. The down-filled polyurethane foam cushion makes sitting a pleasure, and time spent with friends or companions flies by. It also offers a great opportunity to stretch out and rest your legs while sitting on the sofa. The ottoman's height of 45 cm is ideal for this purpose.            The birch plywood and pine wood frame makes the product strong and durable. The upholstery is easy to clean and of high quality. The Mocca ottoman measures 65 \u00d7 95 cm with a height of 45 cm. The legs are made of metal, with a height of 15 cm. The ottoman pairs perfectly with the Mocca, Slim Line, and Plaza sofas, creating a stylish cohesive look. You can explore the full fabric selection at our showroom at Riia 142, Tartu. Please note that the actual color may vary from what appears on the screen. We recommend checking the colors in our showroom.","og_url":"https:\/\/bellfire.ee\/en\/living-room\/ottomans\/mocca-ottoman\/","og_site_name":"Bellfire","og_image":[{"width":2560,"height":1857,"url":"https:\/\/bellfire.ee\/wp-content\/uploads\/2024\/10\/Mocca-ottoman-1-scaled-1.jpg","type":"image\/jpeg"}],"twitter_card":"summary_large_image","twitter_misc":{"Est. reading time":"1 minute"},"schema":{"@context":"https:\/\/schema.org","@graph":[{"@type":"WebPage","@id":"https:\/\/bellfire.ee\/en\/living-room\/ottomans\/mocca-ottoman\/","url":"https:\/\/bellfire.ee\/en\/living-room\/ottomans\/mocca-ottoman\/","name":"Mocca ottoman - Bellfire","isPartOf":{"@id":"https:\/\/bellfire.ee\/en\/#website"},"primaryImageOfPage":{"@id":"https:\/\/bellfire.ee\/en\/living-room\/ottomans\/mocca-ottoman\/#primaryimage"},"image":{"@id":"https:\/\/bellfire.ee\/en\/living-room\/ottomans\/mocca-ottoman\/#primaryimage"},"thumbnailUrl":"https:\/\/bellfire.ee\/wp-content\/uploads\/2024\/10\/Mocca-ottoman-1-scaled-1.jpg","datePublished":"2020-10-09T20:03:53+00:00","breadcrumb":{"@id":"https:\/\/bellfire.ee\/en\/living-room\/ottomans\/mocca-ottoman\/#breadcrumb"},"inLanguage":"en-US","potentialAction":[{"@type":"ReadAction","target":["https:\/\/bellfire.ee\/en\/living-room\/ottomans\/mocca-ottoman\/"]}]},{"@type":"ImageObject","inLanguage":"en-US","@id":"https:\/\/bellfire.ee\/en\/living-room\/ottomans\/mocca-ottoman\/#primaryimage","url":"https:\/\/bellfire.ee\/wp-content\/uploads\/2024\/10\/Mocca-ottoman-1-scaled-1.jpg","contentUrl":"https:\/\/bellfire.ee\/wp-content\/uploads\/2024\/10\/Mocca-ottoman-1-scaled-1.jpg","width":2560,"height":1857},{"@type":"BreadcrumbList","@id":"https:\/\/bellfire.ee\/en\/living-room\/ottomans\/mocca-ottoman\/#breadcrumb","itemListElement":[{"@type":"ListItem","position":1,"name":"Avaleht","item":"https:\/\/bellfire.ee\/en\/"},{"@type":"ListItem","position":2,"name":"Furniture","item":"https:\/\/bellfire.ee\/en\/furniture\/"},{"@type":"ListItem","position":3,"name":"Mocca ottoman"}]},{"@type":"WebSite","@id":"https:\/\/bellfire.ee\/en\/#website","url":"https:\/\/bellfire.ee\/en\/","name":"Bellfire","description":"Disainm\u00f6\u00f6bel Sinu koju Eesti pehme m\u00f6\u00f6bli tootjal","publisher":{"@id":"https:\/\/bellfire.ee\/en\/#organization"},"potentialAction":[{"@type":"SearchAction","target":{"@type":"EntryPoint","urlTemplate":"https:\/\/bellfire.ee\/en\/?s={search_term_string}"},"query-input":{"@type":"PropertyValueSpecification","valueRequired":true,"valueName":"search_term_string"}}],"inLanguage":"en-US"},{"@type":"Organization","@id":"https:\/\/bellfire.ee\/en\/#organization","name":"Bellfire","url":"https:\/\/bellfire.ee\/en\/","logo":{"@type":"ImageObject","inLanguage":"en-US","@id":"https:\/\/bellfire.ee\/en\/#\/schema\/logo\/image\/","url":"https:\/\/bellfire.ee\/wp-content\/uploads\/2024\/10\/Site-logo.svg","contentUrl":"https:\/\/bellfire.ee\/wp-content\/uploads\/2024\/10\/Site-logo.svg","width":55,"height":64,"caption":"Bellfire"},"image":{"@id":"https:\/\/bellfire.ee\/en\/#\/schema\/logo\/image\/"}}]}},"_links":{"self":[{"href":"https:\/\/bellfire.ee\/en\/wp-json\/wp\/v2\/product\/51844","targetHints":{"allow":["GET"]}}],"collection":[{"href":"https:\/\/bellfire.ee\/en\/wp-json\/wp\/v2\/product"}],"about":[{"href":"https:\/\/bellfire.ee\/en\/wp-json\/wp\/v2\/types\/product"}],"wp:featuredmedia":[{"embeddable":true,"href":"https:\/\/bellfire.ee\/en\/wp-json\/wp\/v2\/media\/37217"}],"wp:attachment":[{"href":"https:\/\/bellfire.ee\/en\/wp-json\/wp\/v2\/media?parent=51844"}],"wp:term":[{"taxonomy":"wpc-attribute-group","embeddable":true,"href":"https:\/\/bellfire.ee\/en\/wp-json\/wp\/v2\/wpc-attribute-group?post=51844"},{"taxonomy":"product_brand","embeddable":true,"href":"https:\/\/bellfire.ee\/en\/wp-json\/wp\/v2\/product_brand?post=51844"},{"taxonomy":"product_cat","embeddable":true,"href":"https:\/\/bellfire.ee\/en\/wp-json\/wp\/v2\/product_cat?post=51844"},{"taxonomy":"product_tag","embeddable":true,"href":"https:\/\/bellfire.ee\/en\/wp-json\/wp\/v2\/product_tag?post=51844"}],"curies":[{"name":"wp","href":"https:\/\/api.w.org\/{rel}","templated":true}]}}