{"id":51757,"date":"2021-04-27T09:22:15","date_gmt":"2021-04-27T09:22:15","guid":{"rendered":"https:\/\/bellfire.ee\/uncategorized\/momo-square-ottoman\/"},"modified":"2021-04-27T09:22:15","modified_gmt":"2021-04-27T09:22:15","slug":"momo-square-ottoman","status":"publish","type":"product","link":"https:\/\/bellfire.ee\/en\/living-room\/ottomans\/momo-square-ottoman\/","title":{"rendered":"Momo square ottoman"},"content":{"rendered":"<p>The square ottoman for the Momo sofa features a sturdy frame made from birch plywood and pine wood. You can choose from three different metal leg options. The ottoman looks its best with the luxurious Brunei velvet fabric, but in our Bellfire showroom, you can select from multiple different fabric options.<\/p>\n<p class=\"p1\">You can explore the full fabric selection at our showroom at <a href=\"https:\/\/maps.app.goo.gl\/PgyjmcJaAairgt4G7\"><span class=\"s1\">Riia 142, Tartu<\/span><\/a>.<\/p>\n<p class=\"p1\"><b>Please note that the actual color may vary from what appears on the screen. We recommend checking the colors in our showroom.<\/b><\/p>\n","protected":false},"excerpt":{"rendered":"<p>The square ottoman for the Momo sofa features a sturdy frame made from birch plywood and pine wood. You can choose from three different metal leg options. The ottoman looks its best with the luxurious Brunei velvet fabric, but in our Bellfire showroom, you can select from multiple different fabric options.<\/p>\n<p class=\"p1\">You can explore the full fabric selection at our showroom at <a href=\"https:\/\/maps.app.goo.gl\/PgyjmcJaAairgt4G7\"><span class=\"s1\">Riia 142, Tartu<\/span><\/a>.<\/p>\n<p class=\"p1\"><b>Please note that the actual color may vary from what appears on the screen. We recommend checking the colors in our showroom.<\/b><\/p>\n","protected":false},"featured_media":60468,"template":"","meta":{"_acf_changed":false},"wpc-attribute-group":[],"product_brand":[],"product_cat":[989],"product_tag":[],"class_list":{"0":"post-51757","1":"product","2":"type-product","3":"status-publish","4":"has-post-thumbnail","6":"product_cat-ottomans","7":"pa_e-poe-kangavalik-fibre-guard-01-en","8":"pa_e-poe-kangavalik-fibre-guard-05-en","9":"pa_e-poe-kangavalik-fibre-guard-06-en","10":"pa_e-poe-kangavalik-fibre-guard-09-en","11":"pa_e-poe-kangavalik-fibre-guard-11-en","12":"pa_e-poe-kangavalik-fibre-guard-19-en","14":"first","15":"instock","16":"taxable","17":"shipping-taxable","18":"purchasable","19":"product-type-variable","20":"add-to-wishlist-after_add_to_cart"},"acf":[],"yoast_head":"<!-- This site is optimized with the Yoast SEO plugin v26.1 - https:\/\/yoast.com\/wordpress\/plugins\/seo\/ -->\n<title>Momo square ottoman - Bellfire<\/title>\n<meta name=\"robots\" content=\"index, follow, max-snippet:-1, max-image-preview:large, max-video-preview:-1\" \/>\n<link rel=\"canonical\" href=\"https:\/\/bellfire.ee\/en\/living-room\/ottomans\/momo-square-ottoman\/\" \/>\n<meta property=\"og:locale\" content=\"en_US\" \/>\n<meta property=\"og:type\" content=\"article\" \/>\n<meta property=\"og:title\" content=\"Momo square ottoman - Bellfire\" \/>\n<meta property=\"og:description\" content=\"The square ottoman for the Momo sofa features a sturdy frame made from birch plywood and pine wood. You can choose from three different metal leg options. The ottoman looks its best with the luxurious Brunei velvet fabric, but in our Bellfire showroom, you can select from multiple different fabric options. You can explore the full fabric selection at our showroom at Riia 142, Tartu. Please note that the actual color may vary from what appears on the screen. We recommend checking the colors in our showroom.\" \/>\n<meta property=\"og:url\" content=\"https:\/\/bellfire.ee\/en\/living-room\/ottomans\/momo-square-ottoman\/\" \/>\n<meta property=\"og:site_name\" content=\"Bellfire\" \/>\n<meta property=\"og:image\" content=\"https:\/\/bellfire.ee\/wp-content\/uploads\/2021\/04\/momo-kandiline-eelvaade-1.jpg\" \/>\n\t<meta property=\"og:image:width\" content=\"1080\" \/>\n\t<meta property=\"og:image:height\" content=\"1080\" \/>\n\t<meta property=\"og:image:type\" content=\"image\/jpeg\" \/>\n<meta name=\"twitter:card\" content=\"summary_large_image\" \/>\n<script type=\"application\/ld+json\" class=\"yoast-schema-graph\">{\"@context\":\"https:\/\/schema.org\",\"@graph\":[{\"@type\":\"WebPage\",\"@id\":\"https:\/\/bellfire.ee\/en\/living-room\/ottomans\/momo-square-ottoman\/\",\"url\":\"https:\/\/bellfire.ee\/en\/living-room\/ottomans\/momo-square-ottoman\/\",\"name\":\"Momo square ottoman - Bellfire\",\"isPartOf\":{\"@id\":\"https:\/\/bellfire.ee\/en\/#website\"},\"primaryImageOfPage\":{\"@id\":\"https:\/\/bellfire.ee\/en\/living-room\/ottomans\/momo-square-ottoman\/#primaryimage\"},\"image\":{\"@id\":\"https:\/\/bellfire.ee\/en\/living-room\/ottomans\/momo-square-ottoman\/#primaryimage\"},\"thumbnailUrl\":\"https:\/\/bellfire.ee\/wp-content\/uploads\/2021\/04\/momo-kandiline-eelvaade-1.jpg\",\"datePublished\":\"2021-04-27T09:22:15+00:00\",\"breadcrumb\":{\"@id\":\"https:\/\/bellfire.ee\/en\/living-room\/ottomans\/momo-square-ottoman\/#breadcrumb\"},\"inLanguage\":\"en-US\",\"potentialAction\":[{\"@type\":\"ReadAction\",\"target\":[\"https:\/\/bellfire.ee\/en\/living-room\/ottomans\/momo-square-ottoman\/\"]}]},{\"@type\":\"ImageObject\",\"inLanguage\":\"en-US\",\"@id\":\"https:\/\/bellfire.ee\/en\/living-room\/ottomans\/momo-square-ottoman\/#primaryimage\",\"url\":\"https:\/\/bellfire.ee\/wp-content\/uploads\/2021\/04\/momo-kandiline-eelvaade-1.jpg\",\"contentUrl\":\"https:\/\/bellfire.ee\/wp-content\/uploads\/2021\/04\/momo-kandiline-eelvaade-1.jpg\",\"width\":1080,\"height\":1080},{\"@type\":\"BreadcrumbList\",\"@id\":\"https:\/\/bellfire.ee\/en\/living-room\/ottomans\/momo-square-ottoman\/#breadcrumb\",\"itemListElement\":[{\"@type\":\"ListItem\",\"position\":1,\"name\":\"Avaleht\",\"item\":\"https:\/\/bellfire.ee\/en\/\"},{\"@type\":\"ListItem\",\"position\":2,\"name\":\"Furniture\",\"item\":\"https:\/\/bellfire.ee\/en\/furniture\/\"},{\"@type\":\"ListItem\",\"position\":3,\"name\":\"Momo square ottoman\"}]},{\"@type\":\"WebSite\",\"@id\":\"https:\/\/bellfire.ee\/en\/#website\",\"url\":\"https:\/\/bellfire.ee\/en\/\",\"name\":\"Bellfire\",\"description\":\"Disainm\u00f6\u00f6bel Sinu koju Eesti pehme m\u00f6\u00f6bli tootjal\",\"publisher\":{\"@id\":\"https:\/\/bellfire.ee\/en\/#organization\"},\"potentialAction\":[{\"@type\":\"SearchAction\",\"target\":{\"@type\":\"EntryPoint\",\"urlTemplate\":\"https:\/\/bellfire.ee\/en\/?s={search_term_string}\"},\"query-input\":{\"@type\":\"PropertyValueSpecification\",\"valueRequired\":true,\"valueName\":\"search_term_string\"}}],\"inLanguage\":\"en-US\"},{\"@type\":\"Organization\",\"@id\":\"https:\/\/bellfire.ee\/en\/#organization\",\"name\":\"Bellfire\",\"url\":\"https:\/\/bellfire.ee\/en\/\",\"logo\":{\"@type\":\"ImageObject\",\"inLanguage\":\"en-US\",\"@id\":\"https:\/\/bellfire.ee\/en\/#\/schema\/logo\/image\/\",\"url\":\"https:\/\/bellfire.ee\/wp-content\/uploads\/2024\/10\/Site-logo.svg\",\"contentUrl\":\"https:\/\/bellfire.ee\/wp-content\/uploads\/2024\/10\/Site-logo.svg\",\"width\":55,\"height\":64,\"caption\":\"Bellfire\"},\"image\":{\"@id\":\"https:\/\/bellfire.ee\/en\/#\/schema\/logo\/image\/\"}}]}<\/script>\n<!-- \/ Yoast SEO plugin. -->","yoast_head_json":{"title":"Momo square ottoman - Bellfire","robots":{"index":"index","follow":"follow","max-snippet":"max-snippet:-1","max-image-preview":"max-image-preview:large","max-video-preview":"max-video-preview:-1"},"canonical":"https:\/\/bellfire.ee\/en\/living-room\/ottomans\/momo-square-ottoman\/","og_locale":"en_US","og_type":"article","og_title":"Momo square ottoman - Bellfire","og_description":"The square ottoman for the Momo sofa features a sturdy frame made from birch plywood and pine wood. You can choose from three different metal leg options. The ottoman looks its best with the luxurious Brunei velvet fabric, but in our Bellfire showroom, you can select from multiple different fabric options. You can explore the full fabric selection at our showroom at Riia 142, Tartu. Please note that the actual color may vary from what appears on the screen. We recommend checking the colors in our showroom.","og_url":"https:\/\/bellfire.ee\/en\/living-room\/ottomans\/momo-square-ottoman\/","og_site_name":"Bellfire","og_image":[{"width":1080,"height":1080,"url":"https:\/\/bellfire.ee\/wp-content\/uploads\/2021\/04\/momo-kandiline-eelvaade-1.jpg","type":"image\/jpeg"}],"twitter_card":"summary_large_image","schema":{"@context":"https:\/\/schema.org","@graph":[{"@type":"WebPage","@id":"https:\/\/bellfire.ee\/en\/living-room\/ottomans\/momo-square-ottoman\/","url":"https:\/\/bellfire.ee\/en\/living-room\/ottomans\/momo-square-ottoman\/","name":"Momo square ottoman - Bellfire","isPartOf":{"@id":"https:\/\/bellfire.ee\/en\/#website"},"primaryImageOfPage":{"@id":"https:\/\/bellfire.ee\/en\/living-room\/ottomans\/momo-square-ottoman\/#primaryimage"},"image":{"@id":"https:\/\/bellfire.ee\/en\/living-room\/ottomans\/momo-square-ottoman\/#primaryimage"},"thumbnailUrl":"https:\/\/bellfire.ee\/wp-content\/uploads\/2021\/04\/momo-kandiline-eelvaade-1.jpg","datePublished":"2021-04-27T09:22:15+00:00","breadcrumb":{"@id":"https:\/\/bellfire.ee\/en\/living-room\/ottomans\/momo-square-ottoman\/#breadcrumb"},"inLanguage":"en-US","potentialAction":[{"@type":"ReadAction","target":["https:\/\/bellfire.ee\/en\/living-room\/ottomans\/momo-square-ottoman\/"]}]},{"@type":"ImageObject","inLanguage":"en-US","@id":"https:\/\/bellfire.ee\/en\/living-room\/ottomans\/momo-square-ottoman\/#primaryimage","url":"https:\/\/bellfire.ee\/wp-content\/uploads\/2021\/04\/momo-kandiline-eelvaade-1.jpg","contentUrl":"https:\/\/bellfire.ee\/wp-content\/uploads\/2021\/04\/momo-kandiline-eelvaade-1.jpg","width":1080,"height":1080},{"@type":"BreadcrumbList","@id":"https:\/\/bellfire.ee\/en\/living-room\/ottomans\/momo-square-ottoman\/#breadcrumb","itemListElement":[{"@type":"ListItem","position":1,"name":"Avaleht","item":"https:\/\/bellfire.ee\/en\/"},{"@type":"ListItem","position":2,"name":"Furniture","item":"https:\/\/bellfire.ee\/en\/furniture\/"},{"@type":"ListItem","position":3,"name":"Momo square ottoman"}]},{"@type":"WebSite","@id":"https:\/\/bellfire.ee\/en\/#website","url":"https:\/\/bellfire.ee\/en\/","name":"Bellfire","description":"Disainm\u00f6\u00f6bel Sinu koju Eesti pehme m\u00f6\u00f6bli tootjal","publisher":{"@id":"https:\/\/bellfire.ee\/en\/#organization"},"potentialAction":[{"@type":"SearchAction","target":{"@type":"EntryPoint","urlTemplate":"https:\/\/bellfire.ee\/en\/?s={search_term_string}"},"query-input":{"@type":"PropertyValueSpecification","valueRequired":true,"valueName":"search_term_string"}}],"inLanguage":"en-US"},{"@type":"Organization","@id":"https:\/\/bellfire.ee\/en\/#organization","name":"Bellfire","url":"https:\/\/bellfire.ee\/en\/","logo":{"@type":"ImageObject","inLanguage":"en-US","@id":"https:\/\/bellfire.ee\/en\/#\/schema\/logo\/image\/","url":"https:\/\/bellfire.ee\/wp-content\/uploads\/2024\/10\/Site-logo.svg","contentUrl":"https:\/\/bellfire.ee\/wp-content\/uploads\/2024\/10\/Site-logo.svg","width":55,"height":64,"caption":"Bellfire"},"image":{"@id":"https:\/\/bellfire.ee\/en\/#\/schema\/logo\/image\/"}}]}},"_links":{"self":[{"href":"https:\/\/bellfire.ee\/en\/wp-json\/wp\/v2\/product\/51757","targetHints":{"allow":["GET"]}}],"collection":[{"href":"https:\/\/bellfire.ee\/en\/wp-json\/wp\/v2\/product"}],"about":[{"href":"https:\/\/bellfire.ee\/en\/wp-json\/wp\/v2\/types\/product"}],"wp:featuredmedia":[{"embeddable":true,"href":"https:\/\/bellfire.ee\/en\/wp-json\/wp\/v2\/media\/60468"}],"wp:attachment":[{"href":"https:\/\/bellfire.ee\/en\/wp-json\/wp\/v2\/media?parent=51757"}],"wp:term":[{"taxonomy":"wpc-attribute-group","embeddable":true,"href":"https:\/\/bellfire.ee\/en\/wp-json\/wp\/v2\/wpc-attribute-group?post=51757"},{"taxonomy":"product_brand","embeddable":true,"href":"https:\/\/bellfire.ee\/en\/wp-json\/wp\/v2\/product_brand?post=51757"},{"taxonomy":"product_cat","embeddable":true,"href":"https:\/\/bellfire.ee\/en\/wp-json\/wp\/v2\/product_cat?post=51757"},{"taxonomy":"product_tag","embeddable":true,"href":"https:\/\/bellfire.ee\/en\/wp-json\/wp\/v2\/product_tag?post=51757"}],"curies":[{"name":"wp","href":"https:\/\/api.w.org\/{rel}","templated":true}]}}