{"id":51631,"date":"2024-01-19T10:08:26","date_gmt":"2024-01-19T10:08:26","guid":{"rendered":"https:\/\/bellfire.ee\/uncategorized\/isola-1\/"},"modified":"2024-01-19T10:08:26","modified_gmt":"2024-01-19T10:08:26","slug":"isola-1","status":"publish","type":"product","link":"https:\/\/bellfire.ee\/en\/outlet-en\/outlet-armchairs\/isola-1\/","title":{"rendered":"Isola 1"},"content":{"rendered":"<p>The armchair is already available and located at the <a href=\"https:\/\/maps.app.goo.gl\/M8GVa5StXrsRTLbQA\">Bellfire J\u00f5gevamaa tehas.<\/a><\/p>\n<p>Quantity: 1<\/p>\n<p>The <strong>Isola armchair<\/strong> combines all the best features of a modern armchair. Its beautiful design, filled with polyurethane foam and feathers, modern armrests, and enchanting legs attract attention and invite you to sit. The Isola armchair is very soft and airy, resting on high 17 cm metal legs. The chair is upholstered in soft, high-quality <strong>Marble<\/strong> fabric.<\/p>\n<ul>\n<li><strong>Height<\/strong>: 90 cm<\/li>\n<li><strong>Seat height<\/strong>: 46 cm<\/li>\n<li><strong>Seat depth<\/strong>: 65 cm<\/li>\n<li><strong>Armrest width<\/strong>: 23 cm<\/li>\n<\/ul>\n<p><img fetchpriority=\"high\" decoding=\"async\" class=\"alignnone wp-image-52370\" src=\"https:\/\/bellfire.ee\/wp-content\/uploads\/2024\/11\/Isola-1-measurements.jpg\" alt=\"\" width=\"425\" height=\"318\" \/><\/p>\n<p class=\"p1\"><b>Please note that the actual color may vary from what appears on the screen. We recommend checking the colors in our showroom.<\/b><\/p>\n","protected":false},"excerpt":{"rendered":"<p>The armchair is already available and located at the <a href=\"https:\/\/maps.app.goo.gl\/M8GVa5StXrsRTLbQA\">Bellfire J\u00f5gevamaa tehas.<\/a><\/p>\n<p>Quantity: 1<\/p>\n<p>The <strong>Isola armchair<\/strong> combines all the best features of a modern armchair. Its beautiful design, filled with polyurethane foam and feathers, modern armrests, and enchanting legs attract attention and invite you to sit. The Isola armchair is very soft and airy, resting on high 17 cm metal legs. The chair is upholstered in soft, high-quality <strong>Marble<\/strong> fabric.<\/p>\n<ul>\n<li><strong>Height<\/strong>: 90 cm<\/li>\n<li><strong>Seat height<\/strong>: 46 cm<\/li>\n<li><strong>Seat depth<\/strong>: 65 cm<\/li>\n<li><strong>Armrest width<\/strong>: 23 cm\n<p><img fetchpriority=\"high\" decoding=\"async\" class=\"alignnone wp-image-52370\" src=\"https:\/\/bellfire.ee\/wp-content\/uploads\/2024\/11\/Isola-1-measurements.jpg\" alt=\"\" width=\"425\" height=\"318\" \/><br \/>\n<b>Please note that the actual color may vary from what appears on the screen. We recommend checking the colors in our showroom.<\/b><\/li>\n<\/ul>\n","protected":false},"featured_media":40659,"template":"","meta":{"_acf_changed":false},"wpc-attribute-group":[],"product_brand":[],"product_cat":[987,999],"product_tag":[],"class_list":{"0":"post-51631","1":"product","2":"type-product","3":"status-publish","4":"has-post-thumbnail","6":"product_cat-outlet-en","7":"product_cat-outlet-armchairs","8":"pa_e-poe-kangavalik-marble-en","10":"first","11":"instock","12":"sale","13":"sold-individually","14":"taxable","15":"shipping-taxable","16":"purchasable","17":"product-type-variable","18":"add-to-wishlist-after_add_to_cart"},"acf":[],"yoast_head":"<!-- This site is optimized with the Yoast SEO plugin v26.1 - https:\/\/yoast.com\/wordpress\/plugins\/seo\/ -->\n<title>Isola 1 - Bellfire<\/title>\n<meta name=\"robots\" content=\"index, follow, max-snippet:-1, max-image-preview:large, max-video-preview:-1\" \/>\n<link rel=\"canonical\" href=\"https:\/\/bellfire.ee\/en\/outlet-en\/outlet-armchairs\/isola-1\/\" \/>\n<meta property=\"og:locale\" content=\"en_US\" \/>\n<meta property=\"og:type\" content=\"article\" \/>\n<meta property=\"og:title\" content=\"Isola 1 - Bellfire\" \/>\n<meta property=\"og:description\" content=\"The armchair is already available and located at the Bellfire J\u00f5gevamaa tehas.  Quantity: 1  The Isola armchair combines all the best features of a modern armchair. Its beautiful design, filled with polyurethane foam and feathers, modern armrests, and enchanting legs attract attention and invite you to sit. The Isola armchair is very soft and airy, resting on high 17 cm metal legs. The chair is upholstered in soft, high-quality Marble fabric.   Height: 90 cm  Seat height: 46 cm  Seat depth: 65 cm  Armrest width: 23 cm   Please note that the actual color may vary from what appears on the screen. We recommend checking the colors in our showroom.\" \/>\n<meta property=\"og:url\" content=\"https:\/\/bellfire.ee\/en\/outlet-en\/outlet-armchairs\/isola-1\/\" \/>\n<meta property=\"og:site_name\" content=\"Bellfire\" \/>\n<meta property=\"og:image\" content=\"https:\/\/bellfire.ee\/wp-content\/uploads\/2024\/10\/Isola_1_Casual_Ivory_500x500.jpg\" \/>\n\t<meta property=\"og:image:width\" content=\"500\" \/>\n\t<meta property=\"og:image:height\" content=\"500\" \/>\n\t<meta property=\"og:image:type\" content=\"image\/jpeg\" \/>\n<meta name=\"twitter:card\" content=\"summary_large_image\" \/>\n<meta name=\"twitter:label1\" content=\"Est. reading time\" \/>\n\t<meta name=\"twitter:data1\" content=\"1 minute\" \/>\n<script type=\"application\/ld+json\" class=\"yoast-schema-graph\">{\"@context\":\"https:\/\/schema.org\",\"@graph\":[{\"@type\":\"WebPage\",\"@id\":\"https:\/\/bellfire.ee\/en\/outlet-en\/outlet-armchairs\/isola-1\/\",\"url\":\"https:\/\/bellfire.ee\/en\/outlet-en\/outlet-armchairs\/isola-1\/\",\"name\":\"Isola 1 - Bellfire\",\"isPartOf\":{\"@id\":\"https:\/\/bellfire.ee\/en\/#website\"},\"primaryImageOfPage\":{\"@id\":\"https:\/\/bellfire.ee\/en\/outlet-en\/outlet-armchairs\/isola-1\/#primaryimage\"},\"image\":{\"@id\":\"https:\/\/bellfire.ee\/en\/outlet-en\/outlet-armchairs\/isola-1\/#primaryimage\"},\"thumbnailUrl\":\"https:\/\/bellfire.ee\/wp-content\/uploads\/2024\/10\/Isola_1_Casual_Ivory_500x500.jpg\",\"datePublished\":\"2024-01-19T10:08:26+00:00\",\"breadcrumb\":{\"@id\":\"https:\/\/bellfire.ee\/en\/outlet-en\/outlet-armchairs\/isola-1\/#breadcrumb\"},\"inLanguage\":\"en-US\",\"potentialAction\":[{\"@type\":\"ReadAction\",\"target\":[\"https:\/\/bellfire.ee\/en\/outlet-en\/outlet-armchairs\/isola-1\/\"]}]},{\"@type\":\"ImageObject\",\"inLanguage\":\"en-US\",\"@id\":\"https:\/\/bellfire.ee\/en\/outlet-en\/outlet-armchairs\/isola-1\/#primaryimage\",\"url\":\"https:\/\/bellfire.ee\/wp-content\/uploads\/2024\/10\/Isola_1_Casual_Ivory_500x500.jpg\",\"contentUrl\":\"https:\/\/bellfire.ee\/wp-content\/uploads\/2024\/10\/Isola_1_Casual_Ivory_500x500.jpg\",\"width\":500,\"height\":500},{\"@type\":\"BreadcrumbList\",\"@id\":\"https:\/\/bellfire.ee\/en\/outlet-en\/outlet-armchairs\/isola-1\/#breadcrumb\",\"itemListElement\":[{\"@type\":\"ListItem\",\"position\":1,\"name\":\"Avaleht\",\"item\":\"https:\/\/bellfire.ee\/en\/\"},{\"@type\":\"ListItem\",\"position\":2,\"name\":\"Furniture\",\"item\":\"https:\/\/bellfire.ee\/en\/furniture\/\"},{\"@type\":\"ListItem\",\"position\":3,\"name\":\"Isola 1\"}]},{\"@type\":\"WebSite\",\"@id\":\"https:\/\/bellfire.ee\/en\/#website\",\"url\":\"https:\/\/bellfire.ee\/en\/\",\"name\":\"Bellfire\",\"description\":\"Disainm\u00f6\u00f6bel Sinu koju Eesti pehme m\u00f6\u00f6bli tootjal\",\"publisher\":{\"@id\":\"https:\/\/bellfire.ee\/en\/#organization\"},\"potentialAction\":[{\"@type\":\"SearchAction\",\"target\":{\"@type\":\"EntryPoint\",\"urlTemplate\":\"https:\/\/bellfire.ee\/en\/?s={search_term_string}\"},\"query-input\":{\"@type\":\"PropertyValueSpecification\",\"valueRequired\":true,\"valueName\":\"search_term_string\"}}],\"inLanguage\":\"en-US\"},{\"@type\":\"Organization\",\"@id\":\"https:\/\/bellfire.ee\/en\/#organization\",\"name\":\"Bellfire\",\"url\":\"https:\/\/bellfire.ee\/en\/\",\"logo\":{\"@type\":\"ImageObject\",\"inLanguage\":\"en-US\",\"@id\":\"https:\/\/bellfire.ee\/en\/#\/schema\/logo\/image\/\",\"url\":\"https:\/\/bellfire.ee\/wp-content\/uploads\/2024\/10\/Site-logo.svg\",\"contentUrl\":\"https:\/\/bellfire.ee\/wp-content\/uploads\/2024\/10\/Site-logo.svg\",\"width\":55,\"height\":64,\"caption\":\"Bellfire\"},\"image\":{\"@id\":\"https:\/\/bellfire.ee\/en\/#\/schema\/logo\/image\/\"}}]}<\/script>\n<!-- \/ Yoast SEO plugin. -->","yoast_head_json":{"title":"Isola 1 - Bellfire","robots":{"index":"index","follow":"follow","max-snippet":"max-snippet:-1","max-image-preview":"max-image-preview:large","max-video-preview":"max-video-preview:-1"},"canonical":"https:\/\/bellfire.ee\/en\/outlet-en\/outlet-armchairs\/isola-1\/","og_locale":"en_US","og_type":"article","og_title":"Isola 1 - Bellfire","og_description":"The armchair is already available and located at the Bellfire J\u00f5gevamaa tehas.  Quantity: 1  The Isola armchair combines all the best features of a modern armchair. Its beautiful design, filled with polyurethane foam and feathers, modern armrests, and enchanting legs attract attention and invite you to sit. The Isola armchair is very soft and airy, resting on high 17 cm metal legs. The chair is upholstered in soft, high-quality Marble fabric.   Height: 90 cm  Seat height: 46 cm  Seat depth: 65 cm  Armrest width: 23 cm   Please note that the actual color may vary from what appears on the screen. We recommend checking the colors in our showroom.","og_url":"https:\/\/bellfire.ee\/en\/outlet-en\/outlet-armchairs\/isola-1\/","og_site_name":"Bellfire","og_image":[{"width":500,"height":500,"url":"https:\/\/bellfire.ee\/wp-content\/uploads\/2024\/10\/Isola_1_Casual_Ivory_500x500.jpg","type":"image\/jpeg"}],"twitter_card":"summary_large_image","twitter_misc":{"Est. reading time":"1 minute"},"schema":{"@context":"https:\/\/schema.org","@graph":[{"@type":"WebPage","@id":"https:\/\/bellfire.ee\/en\/outlet-en\/outlet-armchairs\/isola-1\/","url":"https:\/\/bellfire.ee\/en\/outlet-en\/outlet-armchairs\/isola-1\/","name":"Isola 1 - Bellfire","isPartOf":{"@id":"https:\/\/bellfire.ee\/en\/#website"},"primaryImageOfPage":{"@id":"https:\/\/bellfire.ee\/en\/outlet-en\/outlet-armchairs\/isola-1\/#primaryimage"},"image":{"@id":"https:\/\/bellfire.ee\/en\/outlet-en\/outlet-armchairs\/isola-1\/#primaryimage"},"thumbnailUrl":"https:\/\/bellfire.ee\/wp-content\/uploads\/2024\/10\/Isola_1_Casual_Ivory_500x500.jpg","datePublished":"2024-01-19T10:08:26+00:00","breadcrumb":{"@id":"https:\/\/bellfire.ee\/en\/outlet-en\/outlet-armchairs\/isola-1\/#breadcrumb"},"inLanguage":"en-US","potentialAction":[{"@type":"ReadAction","target":["https:\/\/bellfire.ee\/en\/outlet-en\/outlet-armchairs\/isola-1\/"]}]},{"@type":"ImageObject","inLanguage":"en-US","@id":"https:\/\/bellfire.ee\/en\/outlet-en\/outlet-armchairs\/isola-1\/#primaryimage","url":"https:\/\/bellfire.ee\/wp-content\/uploads\/2024\/10\/Isola_1_Casual_Ivory_500x500.jpg","contentUrl":"https:\/\/bellfire.ee\/wp-content\/uploads\/2024\/10\/Isola_1_Casual_Ivory_500x500.jpg","width":500,"height":500},{"@type":"BreadcrumbList","@id":"https:\/\/bellfire.ee\/en\/outlet-en\/outlet-armchairs\/isola-1\/#breadcrumb","itemListElement":[{"@type":"ListItem","position":1,"name":"Avaleht","item":"https:\/\/bellfire.ee\/en\/"},{"@type":"ListItem","position":2,"name":"Furniture","item":"https:\/\/bellfire.ee\/en\/furniture\/"},{"@type":"ListItem","position":3,"name":"Isola 1"}]},{"@type":"WebSite","@id":"https:\/\/bellfire.ee\/en\/#website","url":"https:\/\/bellfire.ee\/en\/","name":"Bellfire","description":"Disainm\u00f6\u00f6bel Sinu koju Eesti pehme m\u00f6\u00f6bli tootjal","publisher":{"@id":"https:\/\/bellfire.ee\/en\/#organization"},"potentialAction":[{"@type":"SearchAction","target":{"@type":"EntryPoint","urlTemplate":"https:\/\/bellfire.ee\/en\/?s={search_term_string}"},"query-input":{"@type":"PropertyValueSpecification","valueRequired":true,"valueName":"search_term_string"}}],"inLanguage":"en-US"},{"@type":"Organization","@id":"https:\/\/bellfire.ee\/en\/#organization","name":"Bellfire","url":"https:\/\/bellfire.ee\/en\/","logo":{"@type":"ImageObject","inLanguage":"en-US","@id":"https:\/\/bellfire.ee\/en\/#\/schema\/logo\/image\/","url":"https:\/\/bellfire.ee\/wp-content\/uploads\/2024\/10\/Site-logo.svg","contentUrl":"https:\/\/bellfire.ee\/wp-content\/uploads\/2024\/10\/Site-logo.svg","width":55,"height":64,"caption":"Bellfire"},"image":{"@id":"https:\/\/bellfire.ee\/en\/#\/schema\/logo\/image\/"}}]}},"_links":{"self":[{"href":"https:\/\/bellfire.ee\/en\/wp-json\/wp\/v2\/product\/51631","targetHints":{"allow":["GET"]}}],"collection":[{"href":"https:\/\/bellfire.ee\/en\/wp-json\/wp\/v2\/product"}],"about":[{"href":"https:\/\/bellfire.ee\/en\/wp-json\/wp\/v2\/types\/product"}],"wp:featuredmedia":[{"embeddable":true,"href":"https:\/\/bellfire.ee\/en\/wp-json\/wp\/v2\/media\/40659"}],"wp:attachment":[{"href":"https:\/\/bellfire.ee\/en\/wp-json\/wp\/v2\/media?parent=51631"}],"wp:term":[{"taxonomy":"wpc-attribute-group","embeddable":true,"href":"https:\/\/bellfire.ee\/en\/wp-json\/wp\/v2\/wpc-attribute-group?post=51631"},{"taxonomy":"product_brand","embeddable":true,"href":"https:\/\/bellfire.ee\/en\/wp-json\/wp\/v2\/product_brand?post=51631"},{"taxonomy":"product_cat","embeddable":true,"href":"https:\/\/bellfire.ee\/en\/wp-json\/wp\/v2\/product_cat?post=51631"},{"taxonomy":"product_tag","embeddable":true,"href":"https:\/\/bellfire.ee\/en\/wp-json\/wp\/v2\/product_tag?post=51631"}],"curies":[{"name":"wp","href":"https:\/\/api.w.org\/{rel}","templated":true}]}}