{"id":51110,"date":"2019-08-30T09:36:16","date_gmt":"2019-08-30T09:36:16","guid":{"rendered":"https:\/\/bellfire.ee\/uncategorized\/ateena\/"},"modified":"2025-01-02T13:36:58","modified_gmt":"2025-01-02T13:36:58","slug":"ateena","status":"publish","type":"product","link":"https:\/\/bellfire.ee\/en\/living-room\/sofas\/ateena\/","title":{"rendered":"Ateena"},"content":{"rendered":"<p>Designed and crafted in Estonia, the <strong>Ateena<\/strong> sofa impresses with its angular, structured form, exuding a clean and orderly aesthetic. Ideal for offices, shopping centers, or hotel lobbies, this practical sofa creates a composed atmosphere wherever it\u2019s placed. After a busy day, it offers a comfortable spot to stretch out and unwind.<\/p>\n<p>While the cushions may appear firm at first glance, the <strong>Ateena<\/strong> sofa is remarkably comfortable. Its upholstery features polyurethane foam, which maintains the shape of the cushions and ensures long-lasting durability. The frame is constructed from birch plywood and pine wood, offering robust support.<\/p>\n<p>Choose from a wide range of decorative fabrics to personalize your sofa. The Ateena stands tall on strong, black metal legs, measuring 19 cm in height, adding a sleek, modern touch to its design.<\/p>\n<p class=\"p2\">You can explore the full fabric selection at our showroom at <a href=\"https:\/\/maps.app.goo.gl\/PgyjmcJaAairgt4G7\"><span class=\"s1\">Riia 142, Tartu<\/span><\/a>.<\/p>\n<p class=\"p2\"><b>Please note that the actual color may vary from what appears on the screen. We recommend checking the colors in our showroom.<\/b><\/p>\n","protected":false},"excerpt":{"rendered":"<p>esigned and crafted in Estonia, the <strong>Ateena<\/strong> sofa impresses with its angular, structured form, exuding a clean and orderly aesthetic. Ideal for offices, shopping centers, or hotel lobbies, this practical sofa creates a composed atmosphere wherever it\u2019s placed. After a busy day, it offers a comfortable spot to stretch out and unwind.<\/p>\n<p>While the cushions may appear firm at first glance, the <strong>Ateena<\/strong> sofa is remarkably comfortable. Its upholstery features polyurethane foam, which maintains the shape of the cushions and ensures long-lasting durability. The frame is constructed from birch plywood and pine wood, offering robust support.<\/p>\n<p>Choose from a wide range of decorative fabrics to personalize your sofa. The Ateena stands tall on strong, black metal legs, measuring 19 cm in height, adding a sleek, modern touch to its design.<\/p>\n<p class=\"p2\">You can explore the full fabric selection at our showroom at <a href=\"https:\/\/maps.app.goo.gl\/PgyjmcJaAairgt4G7\"><span class=\"s1\">Riia 142, Tartu<\/span><\/a>.<\/p>\n<p class=\"p2\"><b>Please note that the actual color may vary from what appears on the screen. We recommend checking the colors in our showroom.<\/b><\/p>\n","protected":false},"featured_media":50536,"template":"","meta":{"_acf_changed":false},"wpc-attribute-group":[],"product_brand":[],"product_cat":[983,984],"product_tag":[],"class_list":{"0":"post-51110","1":"product","2":"type-product","3":"status-publish","4":"has-post-thumbnail","6":"product_cat-living-room","7":"product_cat-sofas","8":"pa_e-poe-kangavalik-kentucky-1-en","9":"pa_e-poe-kangavalik-kentucky-9-en","11":"first","12":"instock","13":"taxable","14":"shipping-taxable","15":"purchasable","16":"product-type-variable","17":"add-to-wishlist-after_add_to_cart"},"acf":[],"yoast_head":"<!-- This site is optimized with the Yoast SEO plugin v26.1 - https:\/\/yoast.com\/wordpress\/plugins\/seo\/ -->\n<title>Ateena - Bellfire<\/title>\n<meta name=\"robots\" content=\"index, follow, max-snippet:-1, max-image-preview:large, max-video-preview:-1\" \/>\n<link rel=\"canonical\" href=\"https:\/\/bellfire.ee\/en\/living-room\/sofas\/ateena\/\" \/>\n<meta property=\"og:locale\" content=\"en_US\" \/>\n<meta property=\"og:type\" content=\"article\" \/>\n<meta property=\"og:title\" content=\"Ateena - Bellfire\" \/>\n<meta property=\"og:description\" content=\"esigned and crafted in Estonia, the Ateena sofa impresses with its angular, structured form, exuding a clean and orderly aesthetic. Ideal for offices, shopping centers, or hotel lobbies, this practical sofa creates a composed atmosphere wherever it\u2019s placed. After a busy day, it offers a comfortable spot to stretch out and unwind.  While the cushions may appear firm at first glance, the Ateena sofa is remarkably comfortable. Its upholstery features polyurethane foam, which maintains the shape of the cushions and ensures long-lasting durability. The frame is constructed from birch plywood and pine wood, offering robust support.  Choose from a wide range of decorative fabrics to personalize your sofa. The Ateena stands tall on strong, black metal legs, measuring 19 cm in height, adding a sleek, modern touch to its design. You can explore the full fabric selection at our showroom at Riia 142, Tartu. Please note that the actual color may vary from what appears on the screen. We recommend checking the colors in our showroom.\" \/>\n<meta property=\"og:url\" content=\"https:\/\/bellfire.ee\/en\/living-room\/sofas\/ateena\/\" \/>\n<meta property=\"og:site_name\" content=\"Bellfire\" \/>\n<meta property=\"article:modified_time\" content=\"2025-01-02T13:36:58+00:00\" \/>\n<meta property=\"og:image\" content=\"https:\/\/bellfire.ee\/wp-content\/uploads\/2019\/08\/ateena-ikoon.jpg\" \/>\n\t<meta property=\"og:image:width\" content=\"1280\" \/>\n\t<meta property=\"og:image:height\" content=\"800\" \/>\n\t<meta property=\"og:image:type\" content=\"image\/jpeg\" \/>\n<meta name=\"twitter:card\" content=\"summary_large_image\" \/>\n<meta name=\"twitter:label1\" content=\"Est. reading time\" \/>\n\t<meta name=\"twitter:data1\" content=\"2 minutes\" \/>\n<script type=\"application\/ld+json\" class=\"yoast-schema-graph\">{\"@context\":\"https:\/\/schema.org\",\"@graph\":[{\"@type\":\"WebPage\",\"@id\":\"https:\/\/bellfire.ee\/en\/living-room\/sofas\/ateena\/\",\"url\":\"https:\/\/bellfire.ee\/en\/living-room\/sofas\/ateena\/\",\"name\":\"Ateena - Bellfire\",\"isPartOf\":{\"@id\":\"https:\/\/bellfire.ee\/en\/#website\"},\"primaryImageOfPage\":{\"@id\":\"https:\/\/bellfire.ee\/en\/living-room\/sofas\/ateena\/#primaryimage\"},\"image\":{\"@id\":\"https:\/\/bellfire.ee\/en\/living-room\/sofas\/ateena\/#primaryimage\"},\"thumbnailUrl\":\"https:\/\/bellfire.ee\/wp-content\/uploads\/2019\/08\/ateena-ikoon.jpg\",\"datePublished\":\"2019-08-30T09:36:16+00:00\",\"dateModified\":\"2025-01-02T13:36:58+00:00\",\"breadcrumb\":{\"@id\":\"https:\/\/bellfire.ee\/en\/living-room\/sofas\/ateena\/#breadcrumb\"},\"inLanguage\":\"en-US\",\"potentialAction\":[{\"@type\":\"ReadAction\",\"target\":[\"https:\/\/bellfire.ee\/en\/living-room\/sofas\/ateena\/\"]}]},{\"@type\":\"ImageObject\",\"inLanguage\":\"en-US\",\"@id\":\"https:\/\/bellfire.ee\/en\/living-room\/sofas\/ateena\/#primaryimage\",\"url\":\"https:\/\/bellfire.ee\/wp-content\/uploads\/2019\/08\/ateena-ikoon.jpg\",\"contentUrl\":\"https:\/\/bellfire.ee\/wp-content\/uploads\/2019\/08\/ateena-ikoon.jpg\",\"width\":1280,\"height\":800},{\"@type\":\"BreadcrumbList\",\"@id\":\"https:\/\/bellfire.ee\/en\/living-room\/sofas\/ateena\/#breadcrumb\",\"itemListElement\":[{\"@type\":\"ListItem\",\"position\":1,\"name\":\"Avaleht\",\"item\":\"https:\/\/bellfire.ee\/en\/\"},{\"@type\":\"ListItem\",\"position\":2,\"name\":\"Furniture\",\"item\":\"https:\/\/bellfire.ee\/en\/furniture\/\"},{\"@type\":\"ListItem\",\"position\":3,\"name\":\"Ateena\"}]},{\"@type\":\"WebSite\",\"@id\":\"https:\/\/bellfire.ee\/en\/#website\",\"url\":\"https:\/\/bellfire.ee\/en\/\",\"name\":\"Bellfire\",\"description\":\"Disainm\u00f6\u00f6bel Sinu koju Eesti pehme m\u00f6\u00f6bli tootjal\",\"publisher\":{\"@id\":\"https:\/\/bellfire.ee\/en\/#organization\"},\"potentialAction\":[{\"@type\":\"SearchAction\",\"target\":{\"@type\":\"EntryPoint\",\"urlTemplate\":\"https:\/\/bellfire.ee\/en\/?s={search_term_string}\"},\"query-input\":{\"@type\":\"PropertyValueSpecification\",\"valueRequired\":true,\"valueName\":\"search_term_string\"}}],\"inLanguage\":\"en-US\"},{\"@type\":\"Organization\",\"@id\":\"https:\/\/bellfire.ee\/en\/#organization\",\"name\":\"Bellfire\",\"url\":\"https:\/\/bellfire.ee\/en\/\",\"logo\":{\"@type\":\"ImageObject\",\"inLanguage\":\"en-US\",\"@id\":\"https:\/\/bellfire.ee\/en\/#\/schema\/logo\/image\/\",\"url\":\"https:\/\/bellfire.ee\/wp-content\/uploads\/2024\/10\/Site-logo.svg\",\"contentUrl\":\"https:\/\/bellfire.ee\/wp-content\/uploads\/2024\/10\/Site-logo.svg\",\"width\":55,\"height\":64,\"caption\":\"Bellfire\"},\"image\":{\"@id\":\"https:\/\/bellfire.ee\/en\/#\/schema\/logo\/image\/\"}}]}<\/script>\n<!-- \/ Yoast SEO plugin. -->","yoast_head_json":{"title":"Ateena - Bellfire","robots":{"index":"index","follow":"follow","max-snippet":"max-snippet:-1","max-image-preview":"max-image-preview:large","max-video-preview":"max-video-preview:-1"},"canonical":"https:\/\/bellfire.ee\/en\/living-room\/sofas\/ateena\/","og_locale":"en_US","og_type":"article","og_title":"Ateena - Bellfire","og_description":"esigned and crafted in Estonia, the Ateena sofa impresses with its angular, structured form, exuding a clean and orderly aesthetic. Ideal for offices, shopping centers, or hotel lobbies, this practical sofa creates a composed atmosphere wherever it\u2019s placed. After a busy day, it offers a comfortable spot to stretch out and unwind.  While the cushions may appear firm at first glance, the Ateena sofa is remarkably comfortable. Its upholstery features polyurethane foam, which maintains the shape of the cushions and ensures long-lasting durability. The frame is constructed from birch plywood and pine wood, offering robust support.  Choose from a wide range of decorative fabrics to personalize your sofa. The Ateena stands tall on strong, black metal legs, measuring 19 cm in height, adding a sleek, modern touch to its design. You can explore the full fabric selection at our showroom at Riia 142, Tartu. Please note that the actual color may vary from what appears on the screen. We recommend checking the colors in our showroom.","og_url":"https:\/\/bellfire.ee\/en\/living-room\/sofas\/ateena\/","og_site_name":"Bellfire","article_modified_time":"2025-01-02T13:36:58+00:00","og_image":[{"width":1280,"height":800,"url":"https:\/\/bellfire.ee\/wp-content\/uploads\/2019\/08\/ateena-ikoon.jpg","type":"image\/jpeg"}],"twitter_card":"summary_large_image","twitter_misc":{"Est. reading time":"2 minutes"},"schema":{"@context":"https:\/\/schema.org","@graph":[{"@type":"WebPage","@id":"https:\/\/bellfire.ee\/en\/living-room\/sofas\/ateena\/","url":"https:\/\/bellfire.ee\/en\/living-room\/sofas\/ateena\/","name":"Ateena - Bellfire","isPartOf":{"@id":"https:\/\/bellfire.ee\/en\/#website"},"primaryImageOfPage":{"@id":"https:\/\/bellfire.ee\/en\/living-room\/sofas\/ateena\/#primaryimage"},"image":{"@id":"https:\/\/bellfire.ee\/en\/living-room\/sofas\/ateena\/#primaryimage"},"thumbnailUrl":"https:\/\/bellfire.ee\/wp-content\/uploads\/2019\/08\/ateena-ikoon.jpg","datePublished":"2019-08-30T09:36:16+00:00","dateModified":"2025-01-02T13:36:58+00:00","breadcrumb":{"@id":"https:\/\/bellfire.ee\/en\/living-room\/sofas\/ateena\/#breadcrumb"},"inLanguage":"en-US","potentialAction":[{"@type":"ReadAction","target":["https:\/\/bellfire.ee\/en\/living-room\/sofas\/ateena\/"]}]},{"@type":"ImageObject","inLanguage":"en-US","@id":"https:\/\/bellfire.ee\/en\/living-room\/sofas\/ateena\/#primaryimage","url":"https:\/\/bellfire.ee\/wp-content\/uploads\/2019\/08\/ateena-ikoon.jpg","contentUrl":"https:\/\/bellfire.ee\/wp-content\/uploads\/2019\/08\/ateena-ikoon.jpg","width":1280,"height":800},{"@type":"BreadcrumbList","@id":"https:\/\/bellfire.ee\/en\/living-room\/sofas\/ateena\/#breadcrumb","itemListElement":[{"@type":"ListItem","position":1,"name":"Avaleht","item":"https:\/\/bellfire.ee\/en\/"},{"@type":"ListItem","position":2,"name":"Furniture","item":"https:\/\/bellfire.ee\/en\/furniture\/"},{"@type":"ListItem","position":3,"name":"Ateena"}]},{"@type":"WebSite","@id":"https:\/\/bellfire.ee\/en\/#website","url":"https:\/\/bellfire.ee\/en\/","name":"Bellfire","description":"Disainm\u00f6\u00f6bel Sinu koju Eesti pehme m\u00f6\u00f6bli tootjal","publisher":{"@id":"https:\/\/bellfire.ee\/en\/#organization"},"potentialAction":[{"@type":"SearchAction","target":{"@type":"EntryPoint","urlTemplate":"https:\/\/bellfire.ee\/en\/?s={search_term_string}"},"query-input":{"@type":"PropertyValueSpecification","valueRequired":true,"valueName":"search_term_string"}}],"inLanguage":"en-US"},{"@type":"Organization","@id":"https:\/\/bellfire.ee\/en\/#organization","name":"Bellfire","url":"https:\/\/bellfire.ee\/en\/","logo":{"@type":"ImageObject","inLanguage":"en-US","@id":"https:\/\/bellfire.ee\/en\/#\/schema\/logo\/image\/","url":"https:\/\/bellfire.ee\/wp-content\/uploads\/2024\/10\/Site-logo.svg","contentUrl":"https:\/\/bellfire.ee\/wp-content\/uploads\/2024\/10\/Site-logo.svg","width":55,"height":64,"caption":"Bellfire"},"image":{"@id":"https:\/\/bellfire.ee\/en\/#\/schema\/logo\/image\/"}}]}},"_links":{"self":[{"href":"https:\/\/bellfire.ee\/en\/wp-json\/wp\/v2\/product\/51110","targetHints":{"allow":["GET"]}}],"collection":[{"href":"https:\/\/bellfire.ee\/en\/wp-json\/wp\/v2\/product"}],"about":[{"href":"https:\/\/bellfire.ee\/en\/wp-json\/wp\/v2\/types\/product"}],"wp:featuredmedia":[{"embeddable":true,"href":"https:\/\/bellfire.ee\/en\/wp-json\/wp\/v2\/media\/50536"}],"wp:attachment":[{"href":"https:\/\/bellfire.ee\/en\/wp-json\/wp\/v2\/media?parent=51110"}],"wp:term":[{"taxonomy":"wpc-attribute-group","embeddable":true,"href":"https:\/\/bellfire.ee\/en\/wp-json\/wp\/v2\/wpc-attribute-group?post=51110"},{"taxonomy":"product_brand","embeddable":true,"href":"https:\/\/bellfire.ee\/en\/wp-json\/wp\/v2\/product_brand?post=51110"},{"taxonomy":"product_cat","embeddable":true,"href":"https:\/\/bellfire.ee\/en\/wp-json\/wp\/v2\/product_cat?post=51110"},{"taxonomy":"product_tag","embeddable":true,"href":"https:\/\/bellfire.ee\/en\/wp-json\/wp\/v2\/product_tag?post=51110"}],"curies":[{"name":"wp","href":"https:\/\/api.w.org\/{rel}","templated":true}]}}