{"id":51033,"date":"2020-10-08T12:51:37","date_gmt":"2020-10-08T12:51:37","guid":{"rendered":"https:\/\/bellfire.ee\/uncategorized\/amore\/"},"modified":"2020-10-08T12:51:37","modified_gmt":"2020-10-08T12:51:37","slug":"amore","status":"publish","type":"product","link":"https:\/\/bellfire.ee\/en\/living-room\/sofas\/amore\/","title":{"rendered":"Amore"},"content":{"rendered":"<p>The <strong>Amore<\/strong> is an elegantly designed, high-quality sofa bed crafted in Estonia. Its inviting and soft form ensures both comfort and style.<\/p>\n<p>You can explore the full fabric selection at our showroom at <a href=\"https:\/\/maps.app.goo.gl\/PgyjmcJaAairgt4G7\"><span class=\"s1\">Riia 142, Tartu<\/span><\/a>.<\/p>\n<p class=\"p1\"><b>Please note that the actual color may vary from what appears on the screen. We recommend checking the colors in our showroom.<\/b><\/p>\n","protected":false},"excerpt":{"rendered":"<p>The <strong>Amore<\/strong> is an elegantly designed, high-quality sofa bed crafted in Estonia. Its inviting and soft form ensures both comfort and style.<\/p>\n<p>You can explore the full fabric selection at our showroom at <a href=\"https:\/\/maps.app.goo.gl\/PgyjmcJaAairgt4G7\"><span class=\"s1\">Riia 142, Tartu<\/span><\/a>.<\/p>\n<p class=\"p1\"><b>Please note that the actual color may vary from what appears on the screen. We recommend checking the colors in our showroom.<\/b><\/p>\n","protected":false},"featured_media":55119,"template":"","meta":{"_acf_changed":false},"wpc-attribute-group":[],"product_brand":[],"product_cat":[984],"product_tag":[],"class_list":{"0":"post-51033","1":"product","2":"type-product","3":"status-publish","4":"has-post-thumbnail","6":"product_cat-sofas","7":"pa_e-poe-kangavalik-casual-river-en","8":"pa_e-poe-kangavalik-casual-gold-en","9":"pa_e-poe-kangavalik-casual-griffin-en","10":"pa_e-poe-kangavalik-casual-poppy-en","11":"pa_e-poe-kangavalik-casual-truffle-en","13":"first","14":"instock","15":"taxable","16":"shipping-taxable","17":"purchasable","18":"product-type-variable","19":"add-to-wishlist-after_add_to_cart"},"acf":[],"yoast_head":"<!-- This site is optimized with the Yoast SEO plugin v26.1 - https:\/\/yoast.com\/wordpress\/plugins\/seo\/ -->\n<title>Amore - Bellfire<\/title>\n<meta name=\"robots\" content=\"index, follow, max-snippet:-1, max-image-preview:large, max-video-preview:-1\" \/>\n<link rel=\"canonical\" href=\"https:\/\/bellfire.ee\/en\/living-room\/sofas\/amore\/\" \/>\n<meta property=\"og:locale\" content=\"en_US\" \/>\n<meta property=\"og:type\" content=\"article\" \/>\n<meta property=\"og:title\" content=\"Amore - Bellfire\" \/>\n<meta property=\"og:description\" content=\"The Amore is an elegantly designed, high-quality sofa bed crafted in Estonia. Its inviting and soft form ensures both comfort and style.  You can explore the full fabric selection at our showroom at Riia 142, Tartu. Please note that the actual color may vary from what appears on the screen. We recommend checking the colors in our showroom.\" \/>\n<meta property=\"og:url\" content=\"https:\/\/bellfire.ee\/en\/living-room\/sofas\/amore\/\" \/>\n<meta property=\"og:site_name\" content=\"Bellfire\" \/>\n<meta property=\"og:image\" content=\"https:\/\/bellfire.ee\/wp-content\/uploads\/2020\/10\/amore-ikoon.png\" \/>\n\t<meta property=\"og:image:width\" content=\"2560\" \/>\n\t<meta property=\"og:image:height\" content=\"1663\" \/>\n\t<meta property=\"og:image:type\" content=\"image\/png\" \/>\n<meta name=\"twitter:card\" content=\"summary_large_image\" \/>\n<script type=\"application\/ld+json\" class=\"yoast-schema-graph\">{\"@context\":\"https:\/\/schema.org\",\"@graph\":[{\"@type\":\"WebPage\",\"@id\":\"https:\/\/bellfire.ee\/en\/living-room\/sofas\/amore\/\",\"url\":\"https:\/\/bellfire.ee\/en\/living-room\/sofas\/amore\/\",\"name\":\"Amore - Bellfire\",\"isPartOf\":{\"@id\":\"https:\/\/bellfire.ee\/en\/#website\"},\"primaryImageOfPage\":{\"@id\":\"https:\/\/bellfire.ee\/en\/living-room\/sofas\/amore\/#primaryimage\"},\"image\":{\"@id\":\"https:\/\/bellfire.ee\/en\/living-room\/sofas\/amore\/#primaryimage\"},\"thumbnailUrl\":\"https:\/\/bellfire.ee\/wp-content\/uploads\/2020\/10\/amore-ikoon.png\",\"datePublished\":\"2020-10-08T12:51:37+00:00\",\"breadcrumb\":{\"@id\":\"https:\/\/bellfire.ee\/en\/living-room\/sofas\/amore\/#breadcrumb\"},\"inLanguage\":\"en-US\",\"potentialAction\":[{\"@type\":\"ReadAction\",\"target\":[\"https:\/\/bellfire.ee\/en\/living-room\/sofas\/amore\/\"]}]},{\"@type\":\"ImageObject\",\"inLanguage\":\"en-US\",\"@id\":\"https:\/\/bellfire.ee\/en\/living-room\/sofas\/amore\/#primaryimage\",\"url\":\"https:\/\/bellfire.ee\/wp-content\/uploads\/2020\/10\/amore-ikoon.png\",\"contentUrl\":\"https:\/\/bellfire.ee\/wp-content\/uploads\/2020\/10\/amore-ikoon.png\",\"width\":2560,\"height\":1663},{\"@type\":\"BreadcrumbList\",\"@id\":\"https:\/\/bellfire.ee\/en\/living-room\/sofas\/amore\/#breadcrumb\",\"itemListElement\":[{\"@type\":\"ListItem\",\"position\":1,\"name\":\"Avaleht\",\"item\":\"https:\/\/bellfire.ee\/en\/\"},{\"@type\":\"ListItem\",\"position\":2,\"name\":\"Furniture\",\"item\":\"https:\/\/bellfire.ee\/en\/furniture\/\"},{\"@type\":\"ListItem\",\"position\":3,\"name\":\"Amore\"}]},{\"@type\":\"WebSite\",\"@id\":\"https:\/\/bellfire.ee\/en\/#website\",\"url\":\"https:\/\/bellfire.ee\/en\/\",\"name\":\"Bellfire\",\"description\":\"Disainm\u00f6\u00f6bel Sinu koju Eesti pehme m\u00f6\u00f6bli tootjal\",\"publisher\":{\"@id\":\"https:\/\/bellfire.ee\/en\/#organization\"},\"potentialAction\":[{\"@type\":\"SearchAction\",\"target\":{\"@type\":\"EntryPoint\",\"urlTemplate\":\"https:\/\/bellfire.ee\/en\/?s={search_term_string}\"},\"query-input\":{\"@type\":\"PropertyValueSpecification\",\"valueRequired\":true,\"valueName\":\"search_term_string\"}}],\"inLanguage\":\"en-US\"},{\"@type\":\"Organization\",\"@id\":\"https:\/\/bellfire.ee\/en\/#organization\",\"name\":\"Bellfire\",\"url\":\"https:\/\/bellfire.ee\/en\/\",\"logo\":{\"@type\":\"ImageObject\",\"inLanguage\":\"en-US\",\"@id\":\"https:\/\/bellfire.ee\/en\/#\/schema\/logo\/image\/\",\"url\":\"https:\/\/bellfire.ee\/wp-content\/uploads\/2024\/10\/Site-logo.svg\",\"contentUrl\":\"https:\/\/bellfire.ee\/wp-content\/uploads\/2024\/10\/Site-logo.svg\",\"width\":55,\"height\":64,\"caption\":\"Bellfire\"},\"image\":{\"@id\":\"https:\/\/bellfire.ee\/en\/#\/schema\/logo\/image\/\"}}]}<\/script>\n<!-- \/ Yoast SEO plugin. -->","yoast_head_json":{"title":"Amore - Bellfire","robots":{"index":"index","follow":"follow","max-snippet":"max-snippet:-1","max-image-preview":"max-image-preview:large","max-video-preview":"max-video-preview:-1"},"canonical":"https:\/\/bellfire.ee\/en\/living-room\/sofas\/amore\/","og_locale":"en_US","og_type":"article","og_title":"Amore - Bellfire","og_description":"The Amore is an elegantly designed, high-quality sofa bed crafted in Estonia. Its inviting and soft form ensures both comfort and style.  You can explore the full fabric selection at our showroom at Riia 142, Tartu. Please note that the actual color may vary from what appears on the screen. We recommend checking the colors in our showroom.","og_url":"https:\/\/bellfire.ee\/en\/living-room\/sofas\/amore\/","og_site_name":"Bellfire","og_image":[{"width":2560,"height":1663,"url":"https:\/\/bellfire.ee\/wp-content\/uploads\/2020\/10\/amore-ikoon.png","type":"image\/png"}],"twitter_card":"summary_large_image","schema":{"@context":"https:\/\/schema.org","@graph":[{"@type":"WebPage","@id":"https:\/\/bellfire.ee\/en\/living-room\/sofas\/amore\/","url":"https:\/\/bellfire.ee\/en\/living-room\/sofas\/amore\/","name":"Amore - Bellfire","isPartOf":{"@id":"https:\/\/bellfire.ee\/en\/#website"},"primaryImageOfPage":{"@id":"https:\/\/bellfire.ee\/en\/living-room\/sofas\/amore\/#primaryimage"},"image":{"@id":"https:\/\/bellfire.ee\/en\/living-room\/sofas\/amore\/#primaryimage"},"thumbnailUrl":"https:\/\/bellfire.ee\/wp-content\/uploads\/2020\/10\/amore-ikoon.png","datePublished":"2020-10-08T12:51:37+00:00","breadcrumb":{"@id":"https:\/\/bellfire.ee\/en\/living-room\/sofas\/amore\/#breadcrumb"},"inLanguage":"en-US","potentialAction":[{"@type":"ReadAction","target":["https:\/\/bellfire.ee\/en\/living-room\/sofas\/amore\/"]}]},{"@type":"ImageObject","inLanguage":"en-US","@id":"https:\/\/bellfire.ee\/en\/living-room\/sofas\/amore\/#primaryimage","url":"https:\/\/bellfire.ee\/wp-content\/uploads\/2020\/10\/amore-ikoon.png","contentUrl":"https:\/\/bellfire.ee\/wp-content\/uploads\/2020\/10\/amore-ikoon.png","width":2560,"height":1663},{"@type":"BreadcrumbList","@id":"https:\/\/bellfire.ee\/en\/living-room\/sofas\/amore\/#breadcrumb","itemListElement":[{"@type":"ListItem","position":1,"name":"Avaleht","item":"https:\/\/bellfire.ee\/en\/"},{"@type":"ListItem","position":2,"name":"Furniture","item":"https:\/\/bellfire.ee\/en\/furniture\/"},{"@type":"ListItem","position":3,"name":"Amore"}]},{"@type":"WebSite","@id":"https:\/\/bellfire.ee\/en\/#website","url":"https:\/\/bellfire.ee\/en\/","name":"Bellfire","description":"Disainm\u00f6\u00f6bel Sinu koju Eesti pehme m\u00f6\u00f6bli tootjal","publisher":{"@id":"https:\/\/bellfire.ee\/en\/#organization"},"potentialAction":[{"@type":"SearchAction","target":{"@type":"EntryPoint","urlTemplate":"https:\/\/bellfire.ee\/en\/?s={search_term_string}"},"query-input":{"@type":"PropertyValueSpecification","valueRequired":true,"valueName":"search_term_string"}}],"inLanguage":"en-US"},{"@type":"Organization","@id":"https:\/\/bellfire.ee\/en\/#organization","name":"Bellfire","url":"https:\/\/bellfire.ee\/en\/","logo":{"@type":"ImageObject","inLanguage":"en-US","@id":"https:\/\/bellfire.ee\/en\/#\/schema\/logo\/image\/","url":"https:\/\/bellfire.ee\/wp-content\/uploads\/2024\/10\/Site-logo.svg","contentUrl":"https:\/\/bellfire.ee\/wp-content\/uploads\/2024\/10\/Site-logo.svg","width":55,"height":64,"caption":"Bellfire"},"image":{"@id":"https:\/\/bellfire.ee\/en\/#\/schema\/logo\/image\/"}}]}},"_links":{"self":[{"href":"https:\/\/bellfire.ee\/en\/wp-json\/wp\/v2\/product\/51033","targetHints":{"allow":["GET"]}}],"collection":[{"href":"https:\/\/bellfire.ee\/en\/wp-json\/wp\/v2\/product"}],"about":[{"href":"https:\/\/bellfire.ee\/en\/wp-json\/wp\/v2\/types\/product"}],"wp:featuredmedia":[{"embeddable":true,"href":"https:\/\/bellfire.ee\/en\/wp-json\/wp\/v2\/media\/55119"}],"wp:attachment":[{"href":"https:\/\/bellfire.ee\/en\/wp-json\/wp\/v2\/media?parent=51033"}],"wp:term":[{"taxonomy":"wpc-attribute-group","embeddable":true,"href":"https:\/\/bellfire.ee\/en\/wp-json\/wp\/v2\/wpc-attribute-group?post=51033"},{"taxonomy":"product_brand","embeddable":true,"href":"https:\/\/bellfire.ee\/en\/wp-json\/wp\/v2\/product_brand?post=51033"},{"taxonomy":"product_cat","embeddable":true,"href":"https:\/\/bellfire.ee\/en\/wp-json\/wp\/v2\/product_cat?post=51033"},{"taxonomy":"product_tag","embeddable":true,"href":"https:\/\/bellfire.ee\/en\/wp-json\/wp\/v2\/product_tag?post=51033"}],"curies":[{"name":"wp","href":"https:\/\/api.w.org\/{rel}","templated":true}]}}