{"id":50844,"date":"2023-09-26T11:19:49","date_gmt":"2023-09-26T11:19:49","guid":{"rendered":"https:\/\/bellfire.ee\/uncategorized\/tropez\/"},"modified":"2025-08-05T07:55:24","modified_gmt":"2025-08-05T07:55:24","slug":"tropez","status":"publish","type":"product","link":"https:\/\/bellfire.ee\/en\/living-room\/sofas\/tropez\/","title":{"rendered":"Tropez S"},"content":{"rendered":"<p>The modular sofa Tropez features retro-inspired, streamlined shapes that invite you to enjoy comfort and relaxation. The pocket spring seats provide excellent support for the body and ensure the longevity of the sofa\u2019s form. The modular sofa fits perfectly into any space, as its components can be arranged to suit your interior design. Tropez can be your standard sofa, an eye-catching and practical corner sofa, or an ensemble of a sofa, armchair, and ottoman. The module frames are durable and made from natural materials: birch plywood and spruce. The sofa rests on hidden legs.<\/p>\n<p>The recommended cover fabric, Over the Horizon, is delightfully soft and features a subtle striped texture.<\/p>\n<p class=\"p2\">You can explore the full fabric selection at our showroom at <a href=\"https:\/\/maps.app.goo.gl\/PgyjmcJaAairgt4G7\"><span class=\"s1\">Riia 142, Tartu<\/span><\/a>.<\/p>\n<p class=\"p2\"><b>Please note that the actual color may vary from what appears on the screen. We recommend checking the colors in our showroom.<\/b><\/p>\n","protected":false},"excerpt":{"rendered":"<p data-start=\"52\" data-end=\"650\"><strong data-start=\"52\" data-end=\"169\">The Tropez S modular sofa features retro-inspired, flowing lines that invite you to relax and enjoy true comfort. <\/strong><\/p>\n<p data-start=\"52\" data-end=\"650\">The pocket spring seat cushions provide excellent support for the body and help maintain the sofa&#8217;s shape over time. This modular sofa is suitable for any space, as its elements can be combined to fit different room layouts. Tropez S can serve as a classic sofa, a striking and practical corner sofa, or a set composed of a sofa, armchair, and ottoman. The frame of the modules is durable and made from natural materials: birch plywood and spruce. The sofa rests on hidden legs.<\/p>\n<p data-start=\"652\" data-end=\"731\">Over The Horizon is a pleasantly soft fabric with a subtle striped texture.<\/p>\n<p data-start=\"733\" data-end=\"796\">See the detailed module measurements in the product info sheet.<\/p>\n<p data-start=\"699\" data-end=\"939\"><strong>The online store offers a limited selection of carefully chosen fabrics. Visit the full fabric collection at the Bellfire showroom, located at Riia 142, Tartu.<\/strong>\u00a0On-site, you\u2019ll find a wide variety of fabrics in different colors and textures.<\/p>\n<p data-start=\"941\" data-end=\"1065\">If you like the product but would prefer it in a different fabric, that\u2019s possible!\u00a0<strong data-start=\"1025\" data-end=\"1048\">Request an offer at<\/strong>\u00a0<a class=\"cursor-pointer\" rel=\"noopener\" data-start=\"1049\" data-end=\"1065\">egle@bellfire.ee<\/a><\/p>\n<p data-start=\"1067\" data-end=\"1190\" data-is-last-node=\"\" data-is-only-node=\"\"><strong>Please note<\/strong>\u00a0that the actual color may differ from what appears on screen. We recommend checking the colors in our showroom.<\/p>\n","protected":false},"featured_media":62314,"template":"","meta":{"_acf_changed":false},"wpc-attribute-group":[],"product_brand":[],"product_cat":[984,983],"product_tag":[],"class_list":{"0":"post-50844","1":"product","2":"type-product","3":"status-publish","4":"has-post-thumbnail","6":"product_cat-sofas","7":"product_cat-living-room","8":"pa_e-poe-kangavalik-over-the-horizon-11-en","9":"pa_e-poe-kangavalik-over-the-horizon-54-en","10":"pa_e-poe-kangavalik-over-the-horizon-38-en","11":"pa_e-poe-kangavalik-over-the-horizon-78-en","12":"pa_e-poe-kangavalik-over-the-horizon-97-en","14":"first","15":"instock","16":"taxable","17":"shipping-taxable","18":"purchasable","19":"product-type-variable","20":"add-to-wishlist-after_add_to_cart"},"acf":[],"yoast_head":"<!-- This site is optimized with the Yoast SEO plugin v26.1 - https:\/\/yoast.com\/wordpress\/plugins\/seo\/ -->\n<title>Tropez S - Bellfire<\/title>\n<meta name=\"robots\" content=\"index, follow, max-snippet:-1, max-image-preview:large, max-video-preview:-1\" \/>\n<link rel=\"canonical\" href=\"https:\/\/bellfire.ee\/en\/living-room\/sofas\/tropez\/\" \/>\n<meta property=\"og:locale\" content=\"en_US\" \/>\n<meta property=\"og:type\" content=\"article\" \/>\n<meta property=\"og:title\" content=\"Tropez S - Bellfire\" \/>\n<meta property=\"og:description\" content=\"The Tropez S modular sofa features retro-inspired, flowing lines that invite you to relax and enjoy true comfort.  The pocket spring seat cushions provide excellent support for the body and help maintain the sofa&#039;s shape over time. This modular sofa is suitable for any space, as its elements can be combined to fit different room layouts. Tropez S can serve as a classic sofa, a striking and practical corner sofa, or a set composed of a sofa, armchair, and ottoman. The frame of the modules is durable and made from natural materials: birch plywood and spruce. The sofa rests on hidden legs. Over The Horizon is a pleasantly soft fabric with a subtle striped texture. See the detailed module measurements in the product info sheet. The online store offers a limited selection of carefully chosen fabrics. Visit the full fabric collection at the Bellfire showroom, located at Riia 142, Tartu.\u00a0On-site, you\u2019ll find a wide variety of fabrics in different colors and textures. If you like the product but would prefer it in a different fabric, that\u2019s possible!\u00a0Request an offer at\u00a0egle@bellfire.ee Please note\u00a0that the actual color may differ from what appears on screen. We recommend checking the colors in our showroom.\" \/>\n<meta property=\"og:url\" content=\"https:\/\/bellfire.ee\/en\/living-room\/sofas\/tropez\/\" \/>\n<meta property=\"og:site_name\" content=\"Bellfire\" \/>\n<meta property=\"article:modified_time\" content=\"2025-08-05T07:55:24+00:00\" \/>\n<meta property=\"og:image\" content=\"https:\/\/bellfire.ee\/wp-content\/uploads\/2023\/09\/Tropez-S.jpg\" \/>\n\t<meta property=\"og:image:width\" content=\"1200\" \/>\n\t<meta property=\"og:image:height\" content=\"800\" \/>\n\t<meta property=\"og:image:type\" content=\"image\/jpeg\" \/>\n<meta name=\"twitter:card\" content=\"summary_large_image\" \/>\n<meta name=\"twitter:label1\" content=\"Est. reading time\" \/>\n\t<meta name=\"twitter:data1\" content=\"1 minute\" \/>\n<script type=\"application\/ld+json\" class=\"yoast-schema-graph\">{\"@context\":\"https:\/\/schema.org\",\"@graph\":[{\"@type\":\"WebPage\",\"@id\":\"https:\/\/bellfire.ee\/en\/living-room\/sofas\/tropez\/\",\"url\":\"https:\/\/bellfire.ee\/en\/living-room\/sofas\/tropez\/\",\"name\":\"Tropez S - Bellfire\",\"isPartOf\":{\"@id\":\"https:\/\/bellfire.ee\/en\/#website\"},\"primaryImageOfPage\":{\"@id\":\"https:\/\/bellfire.ee\/en\/living-room\/sofas\/tropez\/#primaryimage\"},\"image\":{\"@id\":\"https:\/\/bellfire.ee\/en\/living-room\/sofas\/tropez\/#primaryimage\"},\"thumbnailUrl\":\"https:\/\/bellfire.ee\/wp-content\/uploads\/2023\/09\/Tropez-S.jpg\",\"datePublished\":\"2023-09-26T11:19:49+00:00\",\"dateModified\":\"2025-08-05T07:55:24+00:00\",\"breadcrumb\":{\"@id\":\"https:\/\/bellfire.ee\/en\/living-room\/sofas\/tropez\/#breadcrumb\"},\"inLanguage\":\"en-US\",\"potentialAction\":[{\"@type\":\"ReadAction\",\"target\":[\"https:\/\/bellfire.ee\/en\/living-room\/sofas\/tropez\/\"]}]},{\"@type\":\"ImageObject\",\"inLanguage\":\"en-US\",\"@id\":\"https:\/\/bellfire.ee\/en\/living-room\/sofas\/tropez\/#primaryimage\",\"url\":\"https:\/\/bellfire.ee\/wp-content\/uploads\/2023\/09\/Tropez-S.jpg\",\"contentUrl\":\"https:\/\/bellfire.ee\/wp-content\/uploads\/2023\/09\/Tropez-S.jpg\",\"width\":1200,\"height\":800},{\"@type\":\"BreadcrumbList\",\"@id\":\"https:\/\/bellfire.ee\/en\/living-room\/sofas\/tropez\/#breadcrumb\",\"itemListElement\":[{\"@type\":\"ListItem\",\"position\":1,\"name\":\"Avaleht\",\"item\":\"https:\/\/bellfire.ee\/en\/\"},{\"@type\":\"ListItem\",\"position\":2,\"name\":\"Furniture\",\"item\":\"https:\/\/bellfire.ee\/en\/furniture\/\"},{\"@type\":\"ListItem\",\"position\":3,\"name\":\"Tropez S\"}]},{\"@type\":\"WebSite\",\"@id\":\"https:\/\/bellfire.ee\/en\/#website\",\"url\":\"https:\/\/bellfire.ee\/en\/\",\"name\":\"Bellfire\",\"description\":\"Disainm\u00f6\u00f6bel Sinu koju Eesti pehme m\u00f6\u00f6bli tootjal\",\"publisher\":{\"@id\":\"https:\/\/bellfire.ee\/en\/#organization\"},\"potentialAction\":[{\"@type\":\"SearchAction\",\"target\":{\"@type\":\"EntryPoint\",\"urlTemplate\":\"https:\/\/bellfire.ee\/en\/?s={search_term_string}\"},\"query-input\":{\"@type\":\"PropertyValueSpecification\",\"valueRequired\":true,\"valueName\":\"search_term_string\"}}],\"inLanguage\":\"en-US\"},{\"@type\":\"Organization\",\"@id\":\"https:\/\/bellfire.ee\/en\/#organization\",\"name\":\"Bellfire\",\"url\":\"https:\/\/bellfire.ee\/en\/\",\"logo\":{\"@type\":\"ImageObject\",\"inLanguage\":\"en-US\",\"@id\":\"https:\/\/bellfire.ee\/en\/#\/schema\/logo\/image\/\",\"url\":\"https:\/\/bellfire.ee\/wp-content\/uploads\/2024\/10\/Site-logo.svg\",\"contentUrl\":\"https:\/\/bellfire.ee\/wp-content\/uploads\/2024\/10\/Site-logo.svg\",\"width\":55,\"height\":64,\"caption\":\"Bellfire\"},\"image\":{\"@id\":\"https:\/\/bellfire.ee\/en\/#\/schema\/logo\/image\/\"}}]}<\/script>\n<!-- \/ Yoast SEO plugin. -->","yoast_head_json":{"title":"Tropez S - Bellfire","robots":{"index":"index","follow":"follow","max-snippet":"max-snippet:-1","max-image-preview":"max-image-preview:large","max-video-preview":"max-video-preview:-1"},"canonical":"https:\/\/bellfire.ee\/en\/living-room\/sofas\/tropez\/","og_locale":"en_US","og_type":"article","og_title":"Tropez S - Bellfire","og_description":"The Tropez S modular sofa features retro-inspired, flowing lines that invite you to relax and enjoy true comfort.  The pocket spring seat cushions provide excellent support for the body and help maintain the sofa's shape over time. This modular sofa is suitable for any space, as its elements can be combined to fit different room layouts. Tropez S can serve as a classic sofa, a striking and practical corner sofa, or a set composed of a sofa, armchair, and ottoman. The frame of the modules is durable and made from natural materials: birch plywood and spruce. The sofa rests on hidden legs. Over The Horizon is a pleasantly soft fabric with a subtle striped texture. See the detailed module measurements in the product info sheet. The online store offers a limited selection of carefully chosen fabrics. Visit the full fabric collection at the Bellfire showroom, located at Riia 142, Tartu.\u00a0On-site, you\u2019ll find a wide variety of fabrics in different colors and textures. If you like the product but would prefer it in a different fabric, that\u2019s possible!\u00a0Request an offer at\u00a0egle@bellfire.ee Please note\u00a0that the actual color may differ from what appears on screen. We recommend checking the colors in our showroom.","og_url":"https:\/\/bellfire.ee\/en\/living-room\/sofas\/tropez\/","og_site_name":"Bellfire","article_modified_time":"2025-08-05T07:55:24+00:00","og_image":[{"width":1200,"height":800,"url":"https:\/\/bellfire.ee\/wp-content\/uploads\/2023\/09\/Tropez-S.jpg","type":"image\/jpeg"}],"twitter_card":"summary_large_image","twitter_misc":{"Est. reading time":"1 minute"},"schema":{"@context":"https:\/\/schema.org","@graph":[{"@type":"WebPage","@id":"https:\/\/bellfire.ee\/en\/living-room\/sofas\/tropez\/","url":"https:\/\/bellfire.ee\/en\/living-room\/sofas\/tropez\/","name":"Tropez S - Bellfire","isPartOf":{"@id":"https:\/\/bellfire.ee\/en\/#website"},"primaryImageOfPage":{"@id":"https:\/\/bellfire.ee\/en\/living-room\/sofas\/tropez\/#primaryimage"},"image":{"@id":"https:\/\/bellfire.ee\/en\/living-room\/sofas\/tropez\/#primaryimage"},"thumbnailUrl":"https:\/\/bellfire.ee\/wp-content\/uploads\/2023\/09\/Tropez-S.jpg","datePublished":"2023-09-26T11:19:49+00:00","dateModified":"2025-08-05T07:55:24+00:00","breadcrumb":{"@id":"https:\/\/bellfire.ee\/en\/living-room\/sofas\/tropez\/#breadcrumb"},"inLanguage":"en-US","potentialAction":[{"@type":"ReadAction","target":["https:\/\/bellfire.ee\/en\/living-room\/sofas\/tropez\/"]}]},{"@type":"ImageObject","inLanguage":"en-US","@id":"https:\/\/bellfire.ee\/en\/living-room\/sofas\/tropez\/#primaryimage","url":"https:\/\/bellfire.ee\/wp-content\/uploads\/2023\/09\/Tropez-S.jpg","contentUrl":"https:\/\/bellfire.ee\/wp-content\/uploads\/2023\/09\/Tropez-S.jpg","width":1200,"height":800},{"@type":"BreadcrumbList","@id":"https:\/\/bellfire.ee\/en\/living-room\/sofas\/tropez\/#breadcrumb","itemListElement":[{"@type":"ListItem","position":1,"name":"Avaleht","item":"https:\/\/bellfire.ee\/en\/"},{"@type":"ListItem","position":2,"name":"Furniture","item":"https:\/\/bellfire.ee\/en\/furniture\/"},{"@type":"ListItem","position":3,"name":"Tropez S"}]},{"@type":"WebSite","@id":"https:\/\/bellfire.ee\/en\/#website","url":"https:\/\/bellfire.ee\/en\/","name":"Bellfire","description":"Disainm\u00f6\u00f6bel Sinu koju Eesti pehme m\u00f6\u00f6bli tootjal","publisher":{"@id":"https:\/\/bellfire.ee\/en\/#organization"},"potentialAction":[{"@type":"SearchAction","target":{"@type":"EntryPoint","urlTemplate":"https:\/\/bellfire.ee\/en\/?s={search_term_string}"},"query-input":{"@type":"PropertyValueSpecification","valueRequired":true,"valueName":"search_term_string"}}],"inLanguage":"en-US"},{"@type":"Organization","@id":"https:\/\/bellfire.ee\/en\/#organization","name":"Bellfire","url":"https:\/\/bellfire.ee\/en\/","logo":{"@type":"ImageObject","inLanguage":"en-US","@id":"https:\/\/bellfire.ee\/en\/#\/schema\/logo\/image\/","url":"https:\/\/bellfire.ee\/wp-content\/uploads\/2024\/10\/Site-logo.svg","contentUrl":"https:\/\/bellfire.ee\/wp-content\/uploads\/2024\/10\/Site-logo.svg","width":55,"height":64,"caption":"Bellfire"},"image":{"@id":"https:\/\/bellfire.ee\/en\/#\/schema\/logo\/image\/"}}]}},"_links":{"self":[{"href":"https:\/\/bellfire.ee\/en\/wp-json\/wp\/v2\/product\/50844","targetHints":{"allow":["GET"]}}],"collection":[{"href":"https:\/\/bellfire.ee\/en\/wp-json\/wp\/v2\/product"}],"about":[{"href":"https:\/\/bellfire.ee\/en\/wp-json\/wp\/v2\/types\/product"}],"wp:featuredmedia":[{"embeddable":true,"href":"https:\/\/bellfire.ee\/en\/wp-json\/wp\/v2\/media\/62314"}],"wp:attachment":[{"href":"https:\/\/bellfire.ee\/en\/wp-json\/wp\/v2\/media?parent=50844"}],"wp:term":[{"taxonomy":"wpc-attribute-group","embeddable":true,"href":"https:\/\/bellfire.ee\/en\/wp-json\/wp\/v2\/wpc-attribute-group?post=50844"},{"taxonomy":"product_brand","embeddable":true,"href":"https:\/\/bellfire.ee\/en\/wp-json\/wp\/v2\/product_brand?post=50844"},{"taxonomy":"product_cat","embeddable":true,"href":"https:\/\/bellfire.ee\/en\/wp-json\/wp\/v2\/product_cat?post=50844"},{"taxonomy":"product_tag","embeddable":true,"href":"https:\/\/bellfire.ee\/en\/wp-json\/wp\/v2\/product_tag?post=50844"}],"curies":[{"name":"wp","href":"https:\/\/api.w.org\/{rel}","templated":true}]}}