{"id":50831,"date":"2024-06-19T14:11:00","date_gmt":"2024-06-19T14:11:00","guid":{"rendered":"https:\/\/bellfire.ee\/uncategorized\/lyon\/"},"modified":"2024-11-29T08:56:27","modified_gmt":"2024-11-29T08:56:27","slug":"lyon","status":"publish","type":"product","link":"https:\/\/bellfire.ee\/en\/living-room\/sofas\/lyon\/","title":{"rendered":"Lyon"},"content":{"rendered":"<p>The timelessly elegant design of the Lyon sofa offers visual appeal from every angle. A robust multi-layer seat cushion provides durability, balanced by the comfort of a soft, springy back cushion and a streamlined armrest. The sofa\u2019s appearance is enhanced by tall legs, available in metal or wood, which add a sense of lightness.<\/p>\n<p><img decoding=\"async\" class=\"wp-image-55800 alignleft\" src=\"https:\/\/bellfire.ee\/wp-content\/uploads\/2024\/06\/Easy-clean-300x269.jpg\" alt=\"\" width=\"156\" height=\"140\" \/><\/p>\n<p>&nbsp;<\/p>\n<p>The Storm fabric is durable and soft. Thanks to Easy Clean technology, stains can be removed from the fabric using only water, without the need for chemical cleaning agents.<\/p>\n<p>You can explore the full fabric selection at our showroom at<a href=\"https:\/\/maps.app.goo.gl\/XBV4Jfc3hBLzarq16\"> Riia 142, Tartu<\/a>.<\/p>\n<p><strong>Please note that the actual color may vary from what appears on the screen. We recommend checking the colors in our showroom.<\/strong><\/p>\n","protected":false},"excerpt":{"rendered":"<p>The timelessly elegant design of the Lyon sofa offers visual appeal from every angle. A robust multi-layer seat cushion provides durability, balanced by the comfort of a soft, springy back cushion and a streamlined armrest. The sofa\u2019s appearance is enhanced by tall legs, available in metal or wood, which add a sense of lightness.<\/p>\n<p><img decoding=\"async\" class=\"wp-image-55800 alignleft\" src=\"https:\/\/bellfire.ee\/wp-content\/uploads\/2024\/06\/Easy-clean-300x269.jpg\" alt=\"\" width=\"156\" height=\"140\" \/><\/p>\n<p>&nbsp;<\/p>\n<p>The Storm fabric is durable and soft. Thanks to Easy Clean technology, stains can be removed from the fabric using only water, without the need for chemical cleaning agents.<\/p>\n<p>You can explore the full fabric selection at our showroom at<a href=\"https:\/\/maps.app.goo.gl\/XBV4Jfc3hBLzarq16\"> Riia 142, Tartu<\/a>.<\/p>\n<p><strong>Please note that the actual color may vary from what appears on the screen. We recommend checking the colors in our showroom.<\/strong><\/p>\n","protected":false},"featured_media":44798,"template":"","meta":{"_acf_changed":false},"wpc-attribute-group":[],"product_brand":[],"product_cat":[983,984],"product_tag":[],"class_list":{"0":"post-50831","1":"product","2":"type-product","3":"status-publish","4":"has-post-thumbnail","6":"product_cat-living-room","7":"product_cat-sofas","8":"pa_e-poe-kangavalik-storm-09-en","9":"pa_e-poe-kangavalik-storm-59-en","10":"pa_e-poe-kangavalik-storm-70-en","11":"pa_e-poe-kangavalik-storm-72-en","12":"pa_e-poe-kangavalik-storm-97-en-2","13":"pa_e-poe-kangavalik-storm-99-en-2","15":"first","16":"instock","17":"taxable","18":"shipping-taxable","19":"purchasable","20":"product-type-variable","21":"add-to-wishlist-after_add_to_cart"},"acf":[],"yoast_head":"<!-- This site is optimized with the Yoast SEO plugin v26.1 - https:\/\/yoast.com\/wordpress\/plugins\/seo\/ -->\n<title>Lyon - Bellfire<\/title>\n<meta name=\"robots\" content=\"index, follow, max-snippet:-1, max-image-preview:large, max-video-preview:-1\" \/>\n<link rel=\"canonical\" href=\"https:\/\/bellfire.ee\/en\/living-room\/sofas\/lyon\/\" \/>\n<meta property=\"og:locale\" content=\"en_US\" \/>\n<meta property=\"og:type\" content=\"article\" \/>\n<meta property=\"og:title\" content=\"Lyon - Bellfire\" \/>\n<meta property=\"og:description\" content=\"The timelessly elegant design of the Lyon sofa offers visual appeal from every angle. A robust multi-layer seat cushion provides durability, balanced by the comfort of a soft, springy back cushion and a streamlined armrest. The sofa\u2019s appearance is enhanced by tall legs, available in metal or wood, which add a sense of lightness.    &nbsp;  The Storm fabric is durable and soft. Thanks to Easy Clean technology, stains can be removed from the fabric using only water, without the need for chemical cleaning agents.  You can explore the full fabric selection at our showroom at Riia 142, Tartu.  Please note that the actual color may vary from what appears on the screen. We recommend checking the colors in our showroom.\" \/>\n<meta property=\"og:url\" content=\"https:\/\/bellfire.ee\/en\/living-room\/sofas\/lyon\/\" \/>\n<meta property=\"og:site_name\" content=\"Bellfire\" \/>\n<meta property=\"article:modified_time\" content=\"2024-11-29T08:56:27+00:00\" \/>\n<meta property=\"og:image\" content=\"https:\/\/bellfire.ee\/wp-content\/uploads\/2024\/10\/Lyon-Storm-70-front.jpg\" \/>\n\t<meta property=\"og:image:width\" content=\"2100\" \/>\n\t<meta property=\"og:image:height\" content=\"1181\" \/>\n\t<meta property=\"og:image:type\" content=\"image\/jpeg\" \/>\n<meta name=\"twitter:card\" content=\"summary_large_image\" \/>\n<meta name=\"twitter:label1\" content=\"Est. reading time\" \/>\n\t<meta name=\"twitter:data1\" content=\"2 minutes\" \/>\n<script type=\"application\/ld+json\" class=\"yoast-schema-graph\">{\"@context\":\"https:\/\/schema.org\",\"@graph\":[{\"@type\":\"WebPage\",\"@id\":\"https:\/\/bellfire.ee\/en\/living-room\/sofas\/lyon\/\",\"url\":\"https:\/\/bellfire.ee\/en\/living-room\/sofas\/lyon\/\",\"name\":\"Lyon - Bellfire\",\"isPartOf\":{\"@id\":\"https:\/\/bellfire.ee\/en\/#website\"},\"primaryImageOfPage\":{\"@id\":\"https:\/\/bellfire.ee\/en\/living-room\/sofas\/lyon\/#primaryimage\"},\"image\":{\"@id\":\"https:\/\/bellfire.ee\/en\/living-room\/sofas\/lyon\/#primaryimage\"},\"thumbnailUrl\":\"https:\/\/bellfire.ee\/wp-content\/uploads\/2024\/10\/Lyon-Storm-70-front.jpg\",\"datePublished\":\"2024-06-19T14:11:00+00:00\",\"dateModified\":\"2024-11-29T08:56:27+00:00\",\"breadcrumb\":{\"@id\":\"https:\/\/bellfire.ee\/en\/living-room\/sofas\/lyon\/#breadcrumb\"},\"inLanguage\":\"en-US\",\"potentialAction\":[{\"@type\":\"ReadAction\",\"target\":[\"https:\/\/bellfire.ee\/en\/living-room\/sofas\/lyon\/\"]}]},{\"@type\":\"ImageObject\",\"inLanguage\":\"en-US\",\"@id\":\"https:\/\/bellfire.ee\/en\/living-room\/sofas\/lyon\/#primaryimage\",\"url\":\"https:\/\/bellfire.ee\/wp-content\/uploads\/2024\/10\/Lyon-Storm-70-front.jpg\",\"contentUrl\":\"https:\/\/bellfire.ee\/wp-content\/uploads\/2024\/10\/Lyon-Storm-70-front.jpg\",\"width\":2100,\"height\":1181},{\"@type\":\"BreadcrumbList\",\"@id\":\"https:\/\/bellfire.ee\/en\/living-room\/sofas\/lyon\/#breadcrumb\",\"itemListElement\":[{\"@type\":\"ListItem\",\"position\":1,\"name\":\"Avaleht\",\"item\":\"https:\/\/bellfire.ee\/en\/\"},{\"@type\":\"ListItem\",\"position\":2,\"name\":\"Furniture\",\"item\":\"https:\/\/bellfire.ee\/en\/furniture\/\"},{\"@type\":\"ListItem\",\"position\":3,\"name\":\"Lyon\"}]},{\"@type\":\"WebSite\",\"@id\":\"https:\/\/bellfire.ee\/en\/#website\",\"url\":\"https:\/\/bellfire.ee\/en\/\",\"name\":\"Bellfire\",\"description\":\"Disainm\u00f6\u00f6bel Sinu koju Eesti pehme m\u00f6\u00f6bli tootjal\",\"publisher\":{\"@id\":\"https:\/\/bellfire.ee\/en\/#organization\"},\"potentialAction\":[{\"@type\":\"SearchAction\",\"target\":{\"@type\":\"EntryPoint\",\"urlTemplate\":\"https:\/\/bellfire.ee\/en\/?s={search_term_string}\"},\"query-input\":{\"@type\":\"PropertyValueSpecification\",\"valueRequired\":true,\"valueName\":\"search_term_string\"}}],\"inLanguage\":\"en-US\"},{\"@type\":\"Organization\",\"@id\":\"https:\/\/bellfire.ee\/en\/#organization\",\"name\":\"Bellfire\",\"url\":\"https:\/\/bellfire.ee\/en\/\",\"logo\":{\"@type\":\"ImageObject\",\"inLanguage\":\"en-US\",\"@id\":\"https:\/\/bellfire.ee\/en\/#\/schema\/logo\/image\/\",\"url\":\"https:\/\/bellfire.ee\/wp-content\/uploads\/2024\/10\/Site-logo.svg\",\"contentUrl\":\"https:\/\/bellfire.ee\/wp-content\/uploads\/2024\/10\/Site-logo.svg\",\"width\":55,\"height\":64,\"caption\":\"Bellfire\"},\"image\":{\"@id\":\"https:\/\/bellfire.ee\/en\/#\/schema\/logo\/image\/\"}}]}<\/script>\n<!-- \/ Yoast SEO plugin. -->","yoast_head_json":{"title":"Lyon - Bellfire","robots":{"index":"index","follow":"follow","max-snippet":"max-snippet:-1","max-image-preview":"max-image-preview:large","max-video-preview":"max-video-preview:-1"},"canonical":"https:\/\/bellfire.ee\/en\/living-room\/sofas\/lyon\/","og_locale":"en_US","og_type":"article","og_title":"Lyon - Bellfire","og_description":"The timelessly elegant design of the Lyon sofa offers visual appeal from every angle. A robust multi-layer seat cushion provides durability, balanced by the comfort of a soft, springy back cushion and a streamlined armrest. The sofa\u2019s appearance is enhanced by tall legs, available in metal or wood, which add a sense of lightness.    &nbsp;  The Storm fabric is durable and soft. Thanks to Easy Clean technology, stains can be removed from the fabric using only water, without the need for chemical cleaning agents.  You can explore the full fabric selection at our showroom at Riia 142, Tartu.  Please note that the actual color may vary from what appears on the screen. We recommend checking the colors in our showroom.","og_url":"https:\/\/bellfire.ee\/en\/living-room\/sofas\/lyon\/","og_site_name":"Bellfire","article_modified_time":"2024-11-29T08:56:27+00:00","og_image":[{"width":2100,"height":1181,"url":"https:\/\/bellfire.ee\/wp-content\/uploads\/2024\/10\/Lyon-Storm-70-front.jpg","type":"image\/jpeg"}],"twitter_card":"summary_large_image","twitter_misc":{"Est. reading time":"2 minutes"},"schema":{"@context":"https:\/\/schema.org","@graph":[{"@type":"WebPage","@id":"https:\/\/bellfire.ee\/en\/living-room\/sofas\/lyon\/","url":"https:\/\/bellfire.ee\/en\/living-room\/sofas\/lyon\/","name":"Lyon - Bellfire","isPartOf":{"@id":"https:\/\/bellfire.ee\/en\/#website"},"primaryImageOfPage":{"@id":"https:\/\/bellfire.ee\/en\/living-room\/sofas\/lyon\/#primaryimage"},"image":{"@id":"https:\/\/bellfire.ee\/en\/living-room\/sofas\/lyon\/#primaryimage"},"thumbnailUrl":"https:\/\/bellfire.ee\/wp-content\/uploads\/2024\/10\/Lyon-Storm-70-front.jpg","datePublished":"2024-06-19T14:11:00+00:00","dateModified":"2024-11-29T08:56:27+00:00","breadcrumb":{"@id":"https:\/\/bellfire.ee\/en\/living-room\/sofas\/lyon\/#breadcrumb"},"inLanguage":"en-US","potentialAction":[{"@type":"ReadAction","target":["https:\/\/bellfire.ee\/en\/living-room\/sofas\/lyon\/"]}]},{"@type":"ImageObject","inLanguage":"en-US","@id":"https:\/\/bellfire.ee\/en\/living-room\/sofas\/lyon\/#primaryimage","url":"https:\/\/bellfire.ee\/wp-content\/uploads\/2024\/10\/Lyon-Storm-70-front.jpg","contentUrl":"https:\/\/bellfire.ee\/wp-content\/uploads\/2024\/10\/Lyon-Storm-70-front.jpg","width":2100,"height":1181},{"@type":"BreadcrumbList","@id":"https:\/\/bellfire.ee\/en\/living-room\/sofas\/lyon\/#breadcrumb","itemListElement":[{"@type":"ListItem","position":1,"name":"Avaleht","item":"https:\/\/bellfire.ee\/en\/"},{"@type":"ListItem","position":2,"name":"Furniture","item":"https:\/\/bellfire.ee\/en\/furniture\/"},{"@type":"ListItem","position":3,"name":"Lyon"}]},{"@type":"WebSite","@id":"https:\/\/bellfire.ee\/en\/#website","url":"https:\/\/bellfire.ee\/en\/","name":"Bellfire","description":"Disainm\u00f6\u00f6bel Sinu koju Eesti pehme m\u00f6\u00f6bli tootjal","publisher":{"@id":"https:\/\/bellfire.ee\/en\/#organization"},"potentialAction":[{"@type":"SearchAction","target":{"@type":"EntryPoint","urlTemplate":"https:\/\/bellfire.ee\/en\/?s={search_term_string}"},"query-input":{"@type":"PropertyValueSpecification","valueRequired":true,"valueName":"search_term_string"}}],"inLanguage":"en-US"},{"@type":"Organization","@id":"https:\/\/bellfire.ee\/en\/#organization","name":"Bellfire","url":"https:\/\/bellfire.ee\/en\/","logo":{"@type":"ImageObject","inLanguage":"en-US","@id":"https:\/\/bellfire.ee\/en\/#\/schema\/logo\/image\/","url":"https:\/\/bellfire.ee\/wp-content\/uploads\/2024\/10\/Site-logo.svg","contentUrl":"https:\/\/bellfire.ee\/wp-content\/uploads\/2024\/10\/Site-logo.svg","width":55,"height":64,"caption":"Bellfire"},"image":{"@id":"https:\/\/bellfire.ee\/en\/#\/schema\/logo\/image\/"}}]}},"_links":{"self":[{"href":"https:\/\/bellfire.ee\/en\/wp-json\/wp\/v2\/product\/50831","targetHints":{"allow":["GET"]}}],"collection":[{"href":"https:\/\/bellfire.ee\/en\/wp-json\/wp\/v2\/product"}],"about":[{"href":"https:\/\/bellfire.ee\/en\/wp-json\/wp\/v2\/types\/product"}],"wp:featuredmedia":[{"embeddable":true,"href":"https:\/\/bellfire.ee\/en\/wp-json\/wp\/v2\/media\/44798"}],"wp:attachment":[{"href":"https:\/\/bellfire.ee\/en\/wp-json\/wp\/v2\/media?parent=50831"}],"wp:term":[{"taxonomy":"wpc-attribute-group","embeddable":true,"href":"https:\/\/bellfire.ee\/en\/wp-json\/wp\/v2\/wpc-attribute-group?post=50831"},{"taxonomy":"product_brand","embeddable":true,"href":"https:\/\/bellfire.ee\/en\/wp-json\/wp\/v2\/product_brand?post=50831"},{"taxonomy":"product_cat","embeddable":true,"href":"https:\/\/bellfire.ee\/en\/wp-json\/wp\/v2\/product_cat?post=50831"},{"taxonomy":"product_tag","embeddable":true,"href":"https:\/\/bellfire.ee\/en\/wp-json\/wp\/v2\/product_tag?post=50831"}],"curies":[{"name":"wp","href":"https:\/\/api.w.org\/{rel}","templated":true}]}}