{"id":49589,"date":"2024-10-16T13:24:26","date_gmt":"2024-10-16T13:24:26","guid":{"rendered":"https:\/\/bellfire.ee\/business\/"},"modified":"2025-01-16T14:46:36","modified_gmt":"2025-01-16T14:46:36","slug":"business","status":"publish","type":"page","link":"https:\/\/bellfire.ee\/en\/business\/","title":{"rendered":"Business"},"content":{"rendered":"\t\t<div data-elementor-type=\"wp-page\" data-elementor-id=\"49589\" class=\"elementor elementor-49589 elementor-24989\" data-elementor-post-type=\"page\">\n\t\t\t\t<div class=\"elementor-element elementor-element-1fbbd103 e-flex e-con-boxed e-con e-parent\" data-id=\"1fbbd103\" data-element_type=\"container\">\n\t\t\t\t\t<div class=\"e-con-inner\">\n\t\t\t\t<div class=\"elementor-element elementor-element-7d85b30d elementor-widget elementor-widget-heading\" data-id=\"7d85b30d\" data-element_type=\"widget\" data-widget_type=\"heading.default\">\n\t\t\t\t<div class=\"elementor-widget-container\">\n\t\t\t\t\t<h1 class=\"elementor-heading-title elementor-size-default\">Business<\/h1>\t\t\t\t<\/div>\n\t\t\t\t<\/div>\n\t\t\t\t<div class=\"elementor-element elementor-element-600a90b3 elementor-widget elementor-widget-text-editor\" data-id=\"600a90b3\" data-element_type=\"widget\" data-widget_type=\"text-editor.default\">\n\t\t\t\t<div class=\"elementor-widget-container\">\n\t\t\t\t\t\t\t\t\t<p>The dedicated Bellfire team is focused on creating outstanding furniture to furnish homes, hotels, office buildings, real estate developments, public institutions, and offices. Our product portfolio includes a wide range of high-quality products that cater to both classic Scandinavian style and contemporary interior design trends. With extensive experience, we offer custom-made furniture with the best price-to-quality ratio and create personalized interior solutions for businesses of all sizes. Bellfire provides reliable delivery solutions and flexible cooperation terms to ensure the desired outcome for your business. Working with us means quality, personalized communication, and the creation of innovative solutions.<\/p><p>Check out our products in our e-catalogue and for a personalised quote, please contact <a href=\"mailto:raivo@bellfire.ee\">raivo@bellfire.ee<\/a>.<\/p>\t\t\t\t\t\t\t\t<\/div>\n\t\t\t\t<\/div>\n\t\t<div class=\"elementor-element elementor-element-46f8bc7 e-con-full e-flex e-con e-child\" data-id=\"46f8bc7\" data-element_type=\"container\">\n\t\t\t\t<div class=\"elementor-element elementor-element-e14cb08 elementor-widget__width-initial elementor-widget elementor-widget-button\" data-id=\"e14cb08\" data-element_type=\"widget\" data-widget_type=\"button.default\">\n\t\t\t\t<div class=\"elementor-widget-container\">\n\t\t\t\t\t\t\t\t\t<div class=\"elementor-button-wrapper\">\n\t\t\t\t\t<a class=\"elementor-button elementor-button-link elementor-size-sm\" href=\"https:\/\/bellfire.ee\/en\/business\/product-catalogue\/\">\n\t\t\t\t\t\t<span class=\"elementor-button-content-wrapper\">\n\t\t\t\t\t\t\t\t\t<span class=\"elementor-button-text\">Product catalouge<\/span>\n\t\t\t\t\t<\/span>\n\t\t\t\t\t<\/a>\n\t\t\t\t<\/div>\n\t\t\t\t\t\t\t\t<\/div>\n\t\t\t\t<\/div>\n\t\t\t\t<div class=\"elementor-element elementor-element-514426a elementor-widget__width-initial elementor-widget elementor-widget-button\" data-id=\"514426a\" data-element_type=\"widget\" data-widget_type=\"button.default\">\n\t\t\t\t<div class=\"elementor-widget-container\">\n\t\t\t\t\t\t\t\t\t<div class=\"elementor-button-wrapper\">\n\t\t\t\t\t<a class=\"elementor-button elementor-button-link elementor-size-sm\" href=\"https:\/\/bellfire.ee\/en\/business\/enquiry-form\/\">\n\t\t\t\t\t\t<span class=\"elementor-button-content-wrapper\">\n\t\t\t\t\t\t\t\t\t<span class=\"elementor-button-text\">Enquiry form<\/span>\n\t\t\t\t\t<\/span>\n\t\t\t\t\t<\/a>\n\t\t\t\t<\/div>\n\t\t\t\t\t\t\t\t<\/div>\n\t\t\t\t<\/div>\n\t\t\t\t<\/div>\n\t\t\t\t\t<\/div>\n\t\t\t\t<\/div>\n\t\t<div class=\"elementor-element elementor-element-79a6183 e-flex e-con-boxed e-con e-parent\" data-id=\"79a6183\" data-element_type=\"container\">\n\t\t\t\t\t<div class=\"e-con-inner\">\n\t\t\t\t<div class=\"elementor-element elementor-element-5ab5235 elementor-widget elementor-widget-gallery\" data-id=\"5ab5235\" data-element_type=\"widget\" data-settings=\"{&quot;gallery_layout&quot;:&quot;masonry&quot;,&quot;columns&quot;:3,&quot;overlay_description&quot;:&quot;caption&quot;,&quot;image_hover_animation&quot;:&quot;grow&quot;,&quot;columns_mobile&quot;:2,&quot;lazyload&quot;:&quot;yes&quot;,&quot;columns_tablet&quot;:2,&quot;gap&quot;:{&quot;unit&quot;:&quot;px&quot;,&quot;size&quot;:10,&quot;sizes&quot;:[]},&quot;gap_laptop&quot;:{&quot;unit&quot;:&quot;px&quot;,&quot;size&quot;:10,&quot;sizes&quot;:[]},&quot;gap_tablet_extra&quot;:{&quot;unit&quot;:&quot;px&quot;,&quot;size&quot;:10,&quot;sizes&quot;:[]},&quot;gap_tablet&quot;:{&quot;unit&quot;:&quot;px&quot;,&quot;size&quot;:10,&quot;sizes&quot;:[]},&quot;gap_mobile&quot;:{&quot;unit&quot;:&quot;px&quot;,&quot;size&quot;:10,&quot;sizes&quot;:[]},&quot;link_to&quot;:&quot;file&quot;,&quot;overlay_background&quot;:&quot;yes&quot;,&quot;content_hover_animation&quot;:&quot;fade-in&quot;}\" data-widget_type=\"gallery.default\">\n\t\t\t\t<div class=\"elementor-widget-container\">\n\t\t\t\t\t\t\t<div class=\"elementor-gallery__container\">\n\t\t\t\t\t\t\t<a class=\"e-gallery-item elementor-gallery-item elementor-animated-content\" href=\"https:\/\/bellfire.ee\/wp-content\/uploads\/2024\/10\/Ateena-set-Kaarikul.webp\" data-elementor-open-lightbox=\"yes\" data-elementor-lightbox-slideshow=\"5ab5235\" data-elementor-lightbox-title=\"Plaza sofas and poufs at K\u00e4\u00e4riku Sports Center\" data-e-action-hash=\"#elementor-action%3Aaction%3Dlightbox%26settings%3DeyJpZCI6MjYyMzcsInVybCI6Imh0dHBzOlwvXC9iZWxsZmlyZS5lZVwvd3AtY29udGVudFwvdXBsb2Fkc1wvMjAyNFwvMTBcL0F0ZWVuYS1zZXQtS2FhcmlrdWwud2VicCIsInNsaWRlc2hvdyI6IjVhYjUyMzUifQ%3D%3D\">\n\t\t\t\t\t<div class=\"e-gallery-image elementor-gallery-item__image\" data-thumbnail=\"https:\/\/bellfire.ee\/wp-content\/uploads\/2024\/10\/Ateena-set-Kaarikul.webp\" data-width=\"1920\" data-height=\"1080\" aria-label=\"\" role=\"img\" ><\/div>\n\t\t\t\t\t\t\t\t\t\t\t<div class=\"elementor-gallery-item__overlay\"><\/div>\n\t\t\t\t\t\t\t\t\t\t\t\t\t\t\t<div class=\"elementor-gallery-item__content\">\n\t\t\t\t\t\t\t\t\t\t\t\t\t\t<div class=\"elementor-gallery-item__description\">\n\t\t\t\t\t\t\t\t\t\t\t\t\t\t\t\t\t\tPlaza sofas and poufs at K\u00e4\u00e4riku Sports Center\t\t\t\t\t\t\t\t<\/div>\n\t\t\t\t\t\t\t\t\t\t\t\t<\/div>\n\t\t\t\t\t\t\t\t\t<\/a>\n\t\t\t\t\t\t\t<a class=\"e-gallery-item elementor-gallery-item elementor-animated-content\" href=\"https:\/\/bellfire.ee\/wp-content\/uploads\/2024\/10\/Passiflora_diivan_Uus-Volta_Tallinn.webp\" data-elementor-open-lightbox=\"yes\" data-elementor-lightbox-slideshow=\"5ab5235\" data-elementor-lightbox-title=\"6m sofa in Passiflora lounge, Uus-Volta, Tallinn\" data-e-action-hash=\"#elementor-action%3Aaction%3Dlightbox%26settings%3DeyJpZCI6MjYyNDEsInVybCI6Imh0dHBzOlwvXC9iZWxsZmlyZS5lZVwvd3AtY29udGVudFwvdXBsb2Fkc1wvMjAyNFwvMTBcL1Bhc3NpZmxvcmFfZGlpdmFuX1V1cy1Wb2x0YV9UYWxsaW5uLndlYnAiLCJzbGlkZXNob3ciOiI1YWI1MjM1In0%3D\">\n\t\t\t\t\t<div class=\"e-gallery-image elementor-gallery-item__image\" data-thumbnail=\"https:\/\/bellfire.ee\/wp-content\/uploads\/2024\/10\/Passiflora_diivan_Uus-Volta_Tallinn.webp\" data-width=\"1920\" data-height=\"1080\" aria-label=\"\" role=\"img\" ><\/div>\n\t\t\t\t\t\t\t\t\t\t\t<div class=\"elementor-gallery-item__overlay\"><\/div>\n\t\t\t\t\t\t\t\t\t\t\t\t\t\t\t<div class=\"elementor-gallery-item__content\">\n\t\t\t\t\t\t\t\t\t\t\t\t\t\t<div class=\"elementor-gallery-item__description\">\n\t\t\t\t\t\t\t\t\t\t\t\t\t\t\t\t\t\t6m sofa in Passiflora lounge, Uus-Volta, Tallinn\t\t\t\t\t\t\t\t<\/div>\n\t\t\t\t\t\t\t\t\t\t\t\t<\/div>\n\t\t\t\t\t\t\t\t\t<\/a>\n\t\t\t\t\t\t\t<a class=\"e-gallery-item elementor-gallery-item elementor-animated-content\" href=\"https:\/\/bellfire.ee\/wp-content\/uploads\/2024\/10\/Poolkuu_tumbad_Kaarikul.webp\" data-elementor-open-lightbox=\"yes\" data-elementor-lightbox-slideshow=\"5ab5235\" data-elementor-lightbox-title=\"Semi-circle poufs at K\u00e4\u00e4riku Sports Center\" data-e-action-hash=\"#elementor-action%3Aaction%3Dlightbox%26settings%3DeyJpZCI6MjYyNDUsInVybCI6Imh0dHBzOlwvXC9iZWxsZmlyZS5lZVwvd3AtY29udGVudFwvdXBsb2Fkc1wvMjAyNFwvMTBcL1Bvb2xrdXVfdHVtYmFkX0thYXJpa3VsLndlYnAiLCJzbGlkZXNob3ciOiI1YWI1MjM1In0%3D\">\n\t\t\t\t\t<div class=\"e-gallery-image elementor-gallery-item__image\" data-thumbnail=\"https:\/\/bellfire.ee\/wp-content\/uploads\/2024\/10\/Poolkuu_tumbad_Kaarikul.webp\" data-width=\"1920\" data-height=\"1080\" aria-label=\"\" role=\"img\" ><\/div>\n\t\t\t\t\t\t\t\t\t\t\t<div class=\"elementor-gallery-item__overlay\"><\/div>\n\t\t\t\t\t\t\t\t\t\t\t\t\t\t\t<div class=\"elementor-gallery-item__content\">\n\t\t\t\t\t\t\t\t\t\t\t\t\t\t<div class=\"elementor-gallery-item__description\">\n\t\t\t\t\t\t\t\t\t\t\t\t\t\t\t\t\t\tSemi-circle poufs at K\u00e4\u00e4riku Sports Center\t\t\t\t\t\t\t\t<\/div>\n\t\t\t\t\t\t\t\t\t\t\t\t<\/div>\n\t\t\t\t\t\t\t\t\t<\/a>\n\t\t\t\t\t\t\t<a class=\"e-gallery-item elementor-gallery-item elementor-animated-content\" href=\"https:\/\/bellfire.ee\/wp-content\/uploads\/2024\/10\/Tumbad_Kaarikul.webp\" data-elementor-open-lightbox=\"yes\" data-elementor-lightbox-slideshow=\"5ab5235\" data-elementor-lightbox-title=\"Poufs at K\u00e4\u00e4riku Sports Center\" data-e-action-hash=\"#elementor-action%3Aaction%3Dlightbox%26settings%3DeyJpZCI6MjYyNDksInVybCI6Imh0dHBzOlwvXC9iZWxsZmlyZS5lZVwvd3AtY29udGVudFwvdXBsb2Fkc1wvMjAyNFwvMTBcL1R1bWJhZF9LYWFyaWt1bC53ZWJwIiwic2xpZGVzaG93IjoiNWFiNTIzNSJ9\">\n\t\t\t\t\t<div class=\"e-gallery-image elementor-gallery-item__image\" data-thumbnail=\"https:\/\/bellfire.ee\/wp-content\/uploads\/2024\/10\/Tumbad_Kaarikul.webp\" data-width=\"1920\" data-height=\"1536\" aria-label=\"\" role=\"img\" ><\/div>\n\t\t\t\t\t\t\t\t\t\t\t<div class=\"elementor-gallery-item__overlay\"><\/div>\n\t\t\t\t\t\t\t\t\t\t\t\t\t\t\t<div class=\"elementor-gallery-item__content\">\n\t\t\t\t\t\t\t\t\t\t\t\t\t\t<div class=\"elementor-gallery-item__description\">\n\t\t\t\t\t\t\t\t\t\t\t\t\t\t\t\t\t\tPoufs at K\u00e4\u00e4riku Sports Center\t\t\t\t\t\t\t\t<\/div>\n\t\t\t\t\t\t\t\t\t\t\t\t<\/div>\n\t\t\t\t\t\t\t\t\t<\/a>\n\t\t\t\t\t\t\t<a class=\"e-gallery-item elementor-gallery-item elementor-animated-content\" href=\"https:\/\/bellfire.ee\/wp-content\/uploads\/2024\/10\/Uliopilaselamu_Iirimaal-ardee2.webp\" data-elementor-open-lightbox=\"yes\" data-elementor-lightbox-slideshow=\"5ab5235\" data-elementor-lightbox-title=\"Student dormitory in Ireland\" data-e-action-hash=\"#elementor-action%3Aaction%3Dlightbox%26settings%3DeyJpZCI6MjYyNTMsInVybCI6Imh0dHBzOlwvXC9iZWxsZmlyZS5lZVwvd3AtY29udGVudFwvdXBsb2Fkc1wvMjAyNFwvMTBcL1VsaW9waWxhc2VsYW11X0lpcmltYWFsLWFyZGVlMi53ZWJwIiwic2xpZGVzaG93IjoiNWFiNTIzNSJ9\">\n\t\t\t\t\t<div class=\"e-gallery-image elementor-gallery-item__image\" data-thumbnail=\"https:\/\/bellfire.ee\/wp-content\/uploads\/2024\/10\/Uliopilaselamu_Iirimaal-ardee2.webp\" data-width=\"2016\" data-height=\"1512\" aria-label=\"\" role=\"img\" ><\/div>\n\t\t\t\t\t\t\t\t\t\t\t<div class=\"elementor-gallery-item__overlay\"><\/div>\n\t\t\t\t\t\t\t\t\t\t\t\t\t\t\t<div class=\"elementor-gallery-item__content\">\n\t\t\t\t\t\t\t\t\t\t\t\t\t\t<div class=\"elementor-gallery-item__description\">\n\t\t\t\t\t\t\t\t\t\t\t\t\t\t\t\t\t\tStudent dormitory in Ireland\t\t\t\t\t\t\t\t<\/div>\n\t\t\t\t\t\t\t\t\t\t\t\t<\/div>\n\t\t\t\t\t\t\t\t\t<\/a>\n\t\t\t\t\t<\/div>\n\t\t\t\t\t<\/div>\n\t\t\t\t<\/div>\n\t\t\t\t\t<\/div>\n\t\t\t\t<\/div>\n\t\t\t\t<\/div>\n\t\t","protected":false},"excerpt":{"rendered":"<p>Business The dedicated Bellfire team is focused on creating outstanding furniture to furnish homes, hotels, office buildings, real estate developments, public institutions, and offices. Our product portfolio includes a wide range of high-quality products that cater to both classic Scandinavian style and contemporary interior design trends. With extensive experience, we offer custom-made furniture with the [&hellip;]<\/p>\n","protected":false},"author":1,"featured_media":0,"parent":0,"menu_order":0,"comment_status":"closed","ping_status":"closed","template":"","meta":{"_acf_changed":false,"footnotes":""},"class_list":["post-49589","page","type-page","status-publish","hentry"],"acf":[],"yoast_head":"<!-- This site is optimized with the Yoast SEO plugin v26.1 - https:\/\/yoast.com\/wordpress\/plugins\/seo\/ -->\n<title>Business - Bellfire<\/title>\n<meta name=\"robots\" content=\"index, follow, max-snippet:-1, max-image-preview:large, max-video-preview:-1\" \/>\n<link rel=\"canonical\" href=\"https:\/\/bellfire.ee\/en\/business\/\" \/>\n<meta property=\"og:locale\" content=\"en_US\" \/>\n<meta property=\"og:type\" content=\"article\" \/>\n<meta property=\"og:title\" content=\"Business - Bellfire\" \/>\n<meta property=\"og:description\" content=\"Business The dedicated Bellfire team is focused on creating outstanding furniture to furnish homes, hotels, office buildings, real estate developments, public institutions, and offices. Our product portfolio includes a wide range of high-quality products that cater to both classic Scandinavian style and contemporary interior design trends. With extensive experience, we offer custom-made furniture with the [&hellip;]\" \/>\n<meta property=\"og:url\" content=\"https:\/\/bellfire.ee\/en\/business\/\" \/>\n<meta property=\"og:site_name\" content=\"Bellfire\" \/>\n<meta property=\"article:modified_time\" content=\"2025-01-16T14:46:36+00:00\" \/>\n<meta name=\"twitter:card\" content=\"summary_large_image\" \/>\n<meta name=\"twitter:label1\" content=\"Est. reading time\" \/>\n\t<meta name=\"twitter:data1\" content=\"1 minute\" \/>\n<script type=\"application\/ld+json\" class=\"yoast-schema-graph\">{\"@context\":\"https:\/\/schema.org\",\"@graph\":[{\"@type\":\"WebPage\",\"@id\":\"https:\/\/bellfire.ee\/en\/business\/\",\"url\":\"https:\/\/bellfire.ee\/en\/business\/\",\"name\":\"Business - Bellfire\",\"isPartOf\":{\"@id\":\"https:\/\/bellfire.ee\/en\/#website\"},\"datePublished\":\"2024-10-16T13:24:26+00:00\",\"dateModified\":\"2025-01-16T14:46:36+00:00\",\"breadcrumb\":{\"@id\":\"https:\/\/bellfire.ee\/en\/business\/#breadcrumb\"},\"inLanguage\":\"en-US\",\"potentialAction\":[{\"@type\":\"ReadAction\",\"target\":[\"https:\/\/bellfire.ee\/en\/business\/\"]}]},{\"@type\":\"BreadcrumbList\",\"@id\":\"https:\/\/bellfire.ee\/en\/business\/#breadcrumb\",\"itemListElement\":[{\"@type\":\"ListItem\",\"position\":1,\"name\":\"Avaleht\",\"item\":\"https:\/\/bellfire.ee\/en\/\"},{\"@type\":\"ListItem\",\"position\":2,\"name\":\"Business\"}]},{\"@type\":\"WebSite\",\"@id\":\"https:\/\/bellfire.ee\/en\/#website\",\"url\":\"https:\/\/bellfire.ee\/en\/\",\"name\":\"Bellfire\",\"description\":\"Disainm\u00f6\u00f6bel Sinu koju Eesti pehme m\u00f6\u00f6bli tootjal\",\"publisher\":{\"@id\":\"https:\/\/bellfire.ee\/en\/#organization\"},\"potentialAction\":[{\"@type\":\"SearchAction\",\"target\":{\"@type\":\"EntryPoint\",\"urlTemplate\":\"https:\/\/bellfire.ee\/en\/?s={search_term_string}\"},\"query-input\":{\"@type\":\"PropertyValueSpecification\",\"valueRequired\":true,\"valueName\":\"search_term_string\"}}],\"inLanguage\":\"en-US\"},{\"@type\":\"Organization\",\"@id\":\"https:\/\/bellfire.ee\/en\/#organization\",\"name\":\"Bellfire\",\"url\":\"https:\/\/bellfire.ee\/en\/\",\"logo\":{\"@type\":\"ImageObject\",\"inLanguage\":\"en-US\",\"@id\":\"https:\/\/bellfire.ee\/en\/#\/schema\/logo\/image\/\",\"url\":\"https:\/\/bellfire.ee\/wp-content\/uploads\/2024\/10\/Site-logo.svg\",\"contentUrl\":\"https:\/\/bellfire.ee\/wp-content\/uploads\/2024\/10\/Site-logo.svg\",\"width\":55,\"height\":64,\"caption\":\"Bellfire\"},\"image\":{\"@id\":\"https:\/\/bellfire.ee\/en\/#\/schema\/logo\/image\/\"}}]}<\/script>\n<!-- \/ Yoast SEO plugin. -->","yoast_head_json":{"title":"Business - Bellfire","robots":{"index":"index","follow":"follow","max-snippet":"max-snippet:-1","max-image-preview":"max-image-preview:large","max-video-preview":"max-video-preview:-1"},"canonical":"https:\/\/bellfire.ee\/en\/business\/","og_locale":"en_US","og_type":"article","og_title":"Business - Bellfire","og_description":"Business The dedicated Bellfire team is focused on creating outstanding furniture to furnish homes, hotels, office buildings, real estate developments, public institutions, and offices. Our product portfolio includes a wide range of high-quality products that cater to both classic Scandinavian style and contemporary interior design trends. With extensive experience, we offer custom-made furniture with the [&hellip;]","og_url":"https:\/\/bellfire.ee\/en\/business\/","og_site_name":"Bellfire","article_modified_time":"2025-01-16T14:46:36+00:00","twitter_card":"summary_large_image","twitter_misc":{"Est. reading time":"1 minute"},"schema":{"@context":"https:\/\/schema.org","@graph":[{"@type":"WebPage","@id":"https:\/\/bellfire.ee\/en\/business\/","url":"https:\/\/bellfire.ee\/en\/business\/","name":"Business - Bellfire","isPartOf":{"@id":"https:\/\/bellfire.ee\/en\/#website"},"datePublished":"2024-10-16T13:24:26+00:00","dateModified":"2025-01-16T14:46:36+00:00","breadcrumb":{"@id":"https:\/\/bellfire.ee\/en\/business\/#breadcrumb"},"inLanguage":"en-US","potentialAction":[{"@type":"ReadAction","target":["https:\/\/bellfire.ee\/en\/business\/"]}]},{"@type":"BreadcrumbList","@id":"https:\/\/bellfire.ee\/en\/business\/#breadcrumb","itemListElement":[{"@type":"ListItem","position":1,"name":"Avaleht","item":"https:\/\/bellfire.ee\/en\/"},{"@type":"ListItem","position":2,"name":"Business"}]},{"@type":"WebSite","@id":"https:\/\/bellfire.ee\/en\/#website","url":"https:\/\/bellfire.ee\/en\/","name":"Bellfire","description":"Disainm\u00f6\u00f6bel Sinu koju Eesti pehme m\u00f6\u00f6bli tootjal","publisher":{"@id":"https:\/\/bellfire.ee\/en\/#organization"},"potentialAction":[{"@type":"SearchAction","target":{"@type":"EntryPoint","urlTemplate":"https:\/\/bellfire.ee\/en\/?s={search_term_string}"},"query-input":{"@type":"PropertyValueSpecification","valueRequired":true,"valueName":"search_term_string"}}],"inLanguage":"en-US"},{"@type":"Organization","@id":"https:\/\/bellfire.ee\/en\/#organization","name":"Bellfire","url":"https:\/\/bellfire.ee\/en\/","logo":{"@type":"ImageObject","inLanguage":"en-US","@id":"https:\/\/bellfire.ee\/en\/#\/schema\/logo\/image\/","url":"https:\/\/bellfire.ee\/wp-content\/uploads\/2024\/10\/Site-logo.svg","contentUrl":"https:\/\/bellfire.ee\/wp-content\/uploads\/2024\/10\/Site-logo.svg","width":55,"height":64,"caption":"Bellfire"},"image":{"@id":"https:\/\/bellfire.ee\/en\/#\/schema\/logo\/image\/"}}]}},"_links":{"self":[{"href":"https:\/\/bellfire.ee\/en\/wp-json\/wp\/v2\/pages\/49589","targetHints":{"allow":["GET"]}}],"collection":[{"href":"https:\/\/bellfire.ee\/en\/wp-json\/wp\/v2\/pages"}],"about":[{"href":"https:\/\/bellfire.ee\/en\/wp-json\/wp\/v2\/types\/page"}],"author":[{"embeddable":true,"href":"https:\/\/bellfire.ee\/en\/wp-json\/wp\/v2\/users\/1"}],"replies":[{"embeddable":true,"href":"https:\/\/bellfire.ee\/en\/wp-json\/wp\/v2\/comments?post=49589"}],"version-history":[{"count":16,"href":"https:\/\/bellfire.ee\/en\/wp-json\/wp\/v2\/pages\/49589\/revisions"}],"predecessor-version":[{"id":55869,"href":"https:\/\/bellfire.ee\/en\/wp-json\/wp\/v2\/pages\/49589\/revisions\/55869"}],"wp:attachment":[{"href":"https:\/\/bellfire.ee\/en\/wp-json\/wp\/v2\/media?parent=49589"}],"curies":[{"name":"wp","href":"https:\/\/api.w.org\/{rel}","templated":true}]}}