{"id":49585,"date":"2024-10-21T12:22:48","date_gmt":"2024-10-21T12:22:48","guid":{"rendered":"https:\/\/bellfire.ee\/white-label\/"},"modified":"2024-12-02T11:38:28","modified_gmt":"2024-12-02T11:38:28","slug":"white-label","status":"publish","type":"page","link":"https:\/\/bellfire.ee\/en\/white-label\/","title":{"rendered":"White label"},"content":{"rendered":"\t\t<div data-elementor-type=\"wp-page\" data-elementor-id=\"49585\" class=\"elementor elementor-49585 elementor-26689\" data-elementor-post-type=\"page\">\n\t\t\t\t<div class=\"elementor-element elementor-element-5ad5a83 e-flex e-con-boxed e-con e-parent\" data-id=\"5ad5a83\" data-element_type=\"container\">\n\t\t\t\t\t<div class=\"e-con-inner\">\n\t\t<div class=\"elementor-element elementor-element-d9723e9 e-con-full e-flex e-con e-child\" data-id=\"d9723e9\" data-element_type=\"container\">\n\t\t\t\t<div class=\"elementor-element elementor-element-0f26a11 elementor-widget__width-initial elementor-widget elementor-widget-heading\" data-id=\"0f26a11\" data-element_type=\"widget\" data-widget_type=\"heading.default\">\n\t\t\t\t<div class=\"elementor-widget-container\">\n\t\t\t\t\t<h1 class=\"elementor-heading-title elementor-size-default\">White label<\/h1>\t\t\t\t<\/div>\n\t\t\t\t<\/div>\n\t\t\t\t<div class=\"elementor-element elementor-element-a8bb8a4 elementor-widget elementor-widget-heading\" data-id=\"a8bb8a4\" data-element_type=\"widget\" data-widget_type=\"heading.default\">\n\t\t\t\t<div class=\"elementor-widget-container\">\n\t\t\t\t\t<h4 class=\"elementor-heading-title elementor-size-default\">Design by you, execution by us<\/h4>\t\t\t\t<\/div>\n\t\t\t\t<\/div>\n\t\t\t\t<div class=\"elementor-element elementor-element-b17fa33 elementor-widget elementor-widget-text-editor\" data-id=\"b17fa33\" data-element_type=\"widget\" data-widget_type=\"text-editor.default\">\n\t\t\t\t<div class=\"elementor-widget-container\">\n\t\t\t\t\t\t\t\t\t<p>We are ready to create a white-label line of upholstered furniture according to your vision for you to market under your own brand. We offer flexible collaboration, quality products, and reliable partnerships. You specify the preferred materials and quality requirements and we will create a matching line of sofas, beds, armchairs, or ottomans. We also offer our existing catalogue products without branding so you can market them under your own brand. Our three factories employ more than one hundred people, with an average monthly output of 1,760 sofas.<\/p>\n<p>We have extensive experience in producing modern furniture with the best price to quality ratio. We are committed to providing flexible ordering and logistics, so that you could focus on what matters most to you: furniture design, marketing, customer service, and sales. The fact that the majority of our products goes to homes in Finland and Sweden is another testament to our reliability. Since 2005, we have partnered with several well-known brands, such as Sotka and Asko. As a result of our synergistic co-operation, our factories produce more than 60,000 seats per year.<\/p>\n<p><strong>For project quotes, please send an e-mail to <a href=\"mailto:raivo@bellfire.ee\">raivo@bellfire.ee<\/a>.<\/strong><\/p>\n\t\t\t\t\t\t\t\t<\/div>\n\t\t\t\t<\/div>\n\t\t\t\t<\/div>\n\t\t\t\t\t<\/div>\n\t\t\t\t<\/div>\n\t\t\t\t<\/div>\n\t\t","protected":false},"excerpt":{"rendered":"<p>White label Design by you, execution by us We are ready to create a white-label line of upholstered furniture according to your vision for you to market under your own brand. We offer flexible collaboration, quality products, and reliable partnerships. You specify the preferred materials and quality requirements and we will create a matching line [&hellip;]<\/p>\n","protected":false},"author":1,"featured_media":0,"parent":0,"menu_order":0,"comment_status":"closed","ping_status":"closed","template":"","meta":{"_acf_changed":false,"footnotes":""},"class_list":["post-49585","page","type-page","status-publish","hentry"],"acf":[],"yoast_head":"<!-- This site is optimized with the Yoast SEO plugin v26.1 - https:\/\/yoast.com\/wordpress\/plugins\/seo\/ -->\n<title>White label - Bellfire<\/title>\n<meta name=\"robots\" content=\"index, follow, max-snippet:-1, max-image-preview:large, max-video-preview:-1\" \/>\n<link rel=\"canonical\" href=\"https:\/\/bellfire.ee\/en\/white-label\/\" \/>\n<meta property=\"og:locale\" content=\"en_US\" \/>\n<meta property=\"og:type\" content=\"article\" \/>\n<meta property=\"og:title\" content=\"White label - Bellfire\" \/>\n<meta property=\"og:description\" content=\"White label Design by you, execution by us We are ready to create a white-label line of upholstered furniture according to your vision for you to market under your own brand. We offer flexible collaboration, quality products, and reliable partnerships. You specify the preferred materials and quality requirements and we will create a matching line [&hellip;]\" \/>\n<meta property=\"og:url\" content=\"https:\/\/bellfire.ee\/en\/white-label\/\" \/>\n<meta property=\"og:site_name\" content=\"Bellfire\" \/>\n<meta property=\"article:modified_time\" content=\"2024-12-02T11:38:28+00:00\" \/>\n<meta name=\"twitter:card\" content=\"summary_large_image\" \/>\n<meta name=\"twitter:label1\" content=\"Est. reading time\" \/>\n\t<meta name=\"twitter:data1\" content=\"2 minutes\" \/>\n<script type=\"application\/ld+json\" class=\"yoast-schema-graph\">{\"@context\":\"https:\/\/schema.org\",\"@graph\":[{\"@type\":\"WebPage\",\"@id\":\"https:\/\/bellfire.ee\/en\/white-label\/\",\"url\":\"https:\/\/bellfire.ee\/en\/white-label\/\",\"name\":\"White label - Bellfire\",\"isPartOf\":{\"@id\":\"https:\/\/bellfire.ee\/en\/#website\"},\"datePublished\":\"2024-10-21T12:22:48+00:00\",\"dateModified\":\"2024-12-02T11:38:28+00:00\",\"breadcrumb\":{\"@id\":\"https:\/\/bellfire.ee\/en\/white-label\/#breadcrumb\"},\"inLanguage\":\"en-US\",\"potentialAction\":[{\"@type\":\"ReadAction\",\"target\":[\"https:\/\/bellfire.ee\/en\/white-label\/\"]}]},{\"@type\":\"BreadcrumbList\",\"@id\":\"https:\/\/bellfire.ee\/en\/white-label\/#breadcrumb\",\"itemListElement\":[{\"@type\":\"ListItem\",\"position\":1,\"name\":\"Avaleht\",\"item\":\"https:\/\/bellfire.ee\/en\/\"},{\"@type\":\"ListItem\",\"position\":2,\"name\":\"White label\"}]},{\"@type\":\"WebSite\",\"@id\":\"https:\/\/bellfire.ee\/en\/#website\",\"url\":\"https:\/\/bellfire.ee\/en\/\",\"name\":\"Bellfire\",\"description\":\"Disainm\u00f6\u00f6bel Sinu koju Eesti pehme m\u00f6\u00f6bli tootjal\",\"publisher\":{\"@id\":\"https:\/\/bellfire.ee\/en\/#organization\"},\"potentialAction\":[{\"@type\":\"SearchAction\",\"target\":{\"@type\":\"EntryPoint\",\"urlTemplate\":\"https:\/\/bellfire.ee\/en\/?s={search_term_string}\"},\"query-input\":{\"@type\":\"PropertyValueSpecification\",\"valueRequired\":true,\"valueName\":\"search_term_string\"}}],\"inLanguage\":\"en-US\"},{\"@type\":\"Organization\",\"@id\":\"https:\/\/bellfire.ee\/en\/#organization\",\"name\":\"Bellfire\",\"url\":\"https:\/\/bellfire.ee\/en\/\",\"logo\":{\"@type\":\"ImageObject\",\"inLanguage\":\"en-US\",\"@id\":\"https:\/\/bellfire.ee\/en\/#\/schema\/logo\/image\/\",\"url\":\"https:\/\/bellfire.ee\/wp-content\/uploads\/2024\/10\/Site-logo.svg\",\"contentUrl\":\"https:\/\/bellfire.ee\/wp-content\/uploads\/2024\/10\/Site-logo.svg\",\"width\":55,\"height\":64,\"caption\":\"Bellfire\"},\"image\":{\"@id\":\"https:\/\/bellfire.ee\/en\/#\/schema\/logo\/image\/\"}}]}<\/script>\n<!-- \/ Yoast SEO plugin. -->","yoast_head_json":{"title":"White label - Bellfire","robots":{"index":"index","follow":"follow","max-snippet":"max-snippet:-1","max-image-preview":"max-image-preview:large","max-video-preview":"max-video-preview:-1"},"canonical":"https:\/\/bellfire.ee\/en\/white-label\/","og_locale":"en_US","og_type":"article","og_title":"White label - Bellfire","og_description":"White label Design by you, execution by us We are ready to create a white-label line of upholstered furniture according to your vision for you to market under your own brand. We offer flexible collaboration, quality products, and reliable partnerships. You specify the preferred materials and quality requirements and we will create a matching line [&hellip;]","og_url":"https:\/\/bellfire.ee\/en\/white-label\/","og_site_name":"Bellfire","article_modified_time":"2024-12-02T11:38:28+00:00","twitter_card":"summary_large_image","twitter_misc":{"Est. reading time":"2 minutes"},"schema":{"@context":"https:\/\/schema.org","@graph":[{"@type":"WebPage","@id":"https:\/\/bellfire.ee\/en\/white-label\/","url":"https:\/\/bellfire.ee\/en\/white-label\/","name":"White label - Bellfire","isPartOf":{"@id":"https:\/\/bellfire.ee\/en\/#website"},"datePublished":"2024-10-21T12:22:48+00:00","dateModified":"2024-12-02T11:38:28+00:00","breadcrumb":{"@id":"https:\/\/bellfire.ee\/en\/white-label\/#breadcrumb"},"inLanguage":"en-US","potentialAction":[{"@type":"ReadAction","target":["https:\/\/bellfire.ee\/en\/white-label\/"]}]},{"@type":"BreadcrumbList","@id":"https:\/\/bellfire.ee\/en\/white-label\/#breadcrumb","itemListElement":[{"@type":"ListItem","position":1,"name":"Avaleht","item":"https:\/\/bellfire.ee\/en\/"},{"@type":"ListItem","position":2,"name":"White label"}]},{"@type":"WebSite","@id":"https:\/\/bellfire.ee\/en\/#website","url":"https:\/\/bellfire.ee\/en\/","name":"Bellfire","description":"Disainm\u00f6\u00f6bel Sinu koju Eesti pehme m\u00f6\u00f6bli tootjal","publisher":{"@id":"https:\/\/bellfire.ee\/en\/#organization"},"potentialAction":[{"@type":"SearchAction","target":{"@type":"EntryPoint","urlTemplate":"https:\/\/bellfire.ee\/en\/?s={search_term_string}"},"query-input":{"@type":"PropertyValueSpecification","valueRequired":true,"valueName":"search_term_string"}}],"inLanguage":"en-US"},{"@type":"Organization","@id":"https:\/\/bellfire.ee\/en\/#organization","name":"Bellfire","url":"https:\/\/bellfire.ee\/en\/","logo":{"@type":"ImageObject","inLanguage":"en-US","@id":"https:\/\/bellfire.ee\/en\/#\/schema\/logo\/image\/","url":"https:\/\/bellfire.ee\/wp-content\/uploads\/2024\/10\/Site-logo.svg","contentUrl":"https:\/\/bellfire.ee\/wp-content\/uploads\/2024\/10\/Site-logo.svg","width":55,"height":64,"caption":"Bellfire"},"image":{"@id":"https:\/\/bellfire.ee\/en\/#\/schema\/logo\/image\/"}}]}},"_links":{"self":[{"href":"https:\/\/bellfire.ee\/en\/wp-json\/wp\/v2\/pages\/49585","targetHints":{"allow":["GET"]}}],"collection":[{"href":"https:\/\/bellfire.ee\/en\/wp-json\/wp\/v2\/pages"}],"about":[{"href":"https:\/\/bellfire.ee\/en\/wp-json\/wp\/v2\/types\/page"}],"author":[{"embeddable":true,"href":"https:\/\/bellfire.ee\/en\/wp-json\/wp\/v2\/users\/1"}],"replies":[{"embeddable":true,"href":"https:\/\/bellfire.ee\/en\/wp-json\/wp\/v2\/comments?post=49585"}],"version-history":[{"count":3,"href":"https:\/\/bellfire.ee\/en\/wp-json\/wp\/v2\/pages\/49585\/revisions"}],"predecessor-version":[{"id":49588,"href":"https:\/\/bellfire.ee\/en\/wp-json\/wp\/v2\/pages\/49585\/revisions\/49588"}],"wp:attachment":[{"href":"https:\/\/bellfire.ee\/en\/wp-json\/wp\/v2\/media?parent=49585"}],"curies":[{"name":"wp","href":"https:\/\/api.w.org\/{rel}","templated":true}]}}