{"id":49562,"date":"2024-10-16T13:17:22","date_gmt":"2024-10-16T13:17:22","guid":{"rendered":"https:\/\/bellfire.ee\/user-manual\/"},"modified":"2024-12-02T11:38:23","modified_gmt":"2024-12-02T11:38:23","slug":"user-manual","status":"publish","type":"page","link":"https:\/\/bellfire.ee\/en\/user-manual\/","title":{"rendered":"User manual"},"content":{"rendered":"\t\t<div data-elementor-type=\"wp-page\" data-elementor-id=\"49562\" class=\"elementor elementor-49562 elementor-24954\" data-elementor-post-type=\"page\">\n\t\t\t\t<div class=\"elementor-element elementor-element-ea9d4c7 e-flex e-con-boxed e-con e-parent\" data-id=\"ea9d4c7\" data-element_type=\"container\">\n\t\t\t\t\t<div class=\"e-con-inner\">\n\t\t<div class=\"elementor-element elementor-element-6891ddd e-con-full e-flex e-con e-child\" data-id=\"6891ddd\" data-element_type=\"container\">\n\t\t\t\t<div class=\"elementor-element elementor-element-5b5009b elementor-widget__width-initial elementor-widget elementor-widget-heading\" data-id=\"5b5009b\" data-element_type=\"widget\" data-widget_type=\"heading.default\">\n\t\t\t\t<div class=\"elementor-widget-container\">\n\t\t\t\t\t<h1 class=\"elementor-heading-title elementor-size-default\">User manual<\/h1>\t\t\t\t<\/div>\n\t\t\t\t<\/div>\n\t\t\t\t<div class=\"elementor-element elementor-element-82dde01 elementor-widget elementor-widget-heading\" data-id=\"82dde01\" data-element_type=\"widget\" data-widget_type=\"heading.default\">\n\t\t\t\t<div class=\"elementor-widget-container\">\n\t\t\t\t\t<h4 class=\"elementor-heading-title elementor-size-default\">Care and User Manual<\/h4>\t\t\t\t<\/div>\n\t\t\t\t<\/div>\n\t\t\t\t<div class=\"elementor-element elementor-element-40a7522 elementor-widget elementor-widget-text-editor\" data-id=\"40a7522\" data-element_type=\"widget\" data-widget_type=\"text-editor.default\">\n\t\t\t\t<div class=\"elementor-widget-container\">\n\t\t\t\t\t\t\t\t\t<p>Dear customer, please read this guide carefully and follow the instructions provided herein on how to use and care for your sofa. This helps to ensure a lasting aesthetic appearance and long service life for the product. Bell\ufb01re shall not be liable for any defects in the product resulting from improper installation, use, and\/or maintenance thereof.<\/p>\n\t\t\t\t\t\t\t\t<\/div>\n\t\t\t\t<\/div>\n\t\t\t\t<div class=\"elementor-element elementor-element-99e588b elementor-widget elementor-widget-heading\" data-id=\"99e588b\" data-element_type=\"widget\" data-widget_type=\"heading.default\">\n\t\t\t\t<div class=\"elementor-widget-container\">\n\t\t\t\t\t<h4 class=\"elementor-heading-title elementor-size-default\">Care instructions for upholstery fabrics<\/h4>\t\t\t\t<\/div>\n\t\t\t\t<\/div>\n\t\t\t\t<div class=\"elementor-element elementor-element-4caf892 elementor-widget elementor-widget-text-editor\" data-id=\"4caf892\" data-element_type=\"widget\" data-widget_type=\"text-editor.default\">\n\t\t\t\t<div class=\"elementor-widget-container\">\n\t\t\t\t\t\t\t\t\t<p>Only use cleaning agents and care methods that are suitable for upholstery fabrics. Avoid using bleaching agents, rubbing, and excessive water on coloured fabrics. Clean the sofa regularly with a vacuum cleaner using gentle suction and a special furniture-cleaning nozzle. Cleaning agents should first be tested on a small hidden section of fabric, such as the bottom edge of a pillow or the bottom of the sofa. Bear in mind that upholstery fabric may naturally stretch a little over time, which can lead to slight wrinkling, depending on the intensity of use and the type of the fabric.<\/p>\n<p><strong>When washing upholstery fabrics<\/strong>, refer to the relevant fabric care instructions. After washing, it is recommended to place the covers back on the sofa while still damp, in order to prevent them from losing their correct shape during drying. Please note that excessive washing and vacuuming, as well as synthetic blankets and seat covers, promote the generation of static electricity, which can result in pilling.<\/p>\n\t\t\t\t\t\t\t\t<\/div>\n\t\t\t\t<\/div>\n\t\t\t\t<div class=\"elementor-element elementor-element-c7d1b42 elementor-widget elementor-widget-heading\" data-id=\"c7d1b42\" data-element_type=\"widget\" data-widget_type=\"heading.default\">\n\t\t\t\t<div class=\"elementor-widget-container\">\n\t\t\t\t\t<h4 class=\"elementor-heading-title elementor-size-default\">Fading and ambient temperature<\/h4>\t\t\t\t<\/div>\n\t\t\t\t<\/div>\n\t\t\t\t<div class=\"elementor-element elementor-element-96a04e3 elementor-widget elementor-widget-text-editor\" data-id=\"96a04e3\" data-element_type=\"widget\" data-widget_type=\"text-editor.default\">\n\t\t\t\t<div class=\"elementor-widget-container\">\n\t\t\t\t\t\t\t\t\t<p>Exposure to direct sunlight can cause the fabric to fade, i.e. the colour and quality of the fabric to degrade over time. Upholstered furniture should be stored in a dry and warm location where the ambient temperature does not fall below 10 \u00b0C and the relative humidity is from 40\u201360%. Excessive moisture or cold can damage the product.<\/p>\n\t\t\t\t\t\t\t\t<\/div>\n\t\t\t\t<\/div>\n\t\t\t\t<div class=\"elementor-element elementor-element-5055120 elementor-widget elementor-widget-heading\" data-id=\"5055120\" data-element_type=\"widget\" data-widget_type=\"heading.default\">\n\t\t\t\t<div class=\"elementor-widget-container\">\n\t\t\t\t\t<h4 class=\"elementor-heading-title elementor-size-default\">Care instructions for feather pillows<\/h4>\t\t\t\t<\/div>\n\t\t\t\t<\/div>\n\t\t\t\t<div class=\"elementor-element elementor-element-dd432f4 elementor-widget elementor-widget-text-editor\" data-id=\"dd432f4\" data-element_type=\"widget\" data-widget_type=\"text-editor.default\">\n\t\t\t\t<div class=\"elementor-widget-container\">\n\t\t\t\t\t\t\t\t\t<p>Feather pillows need regular fluffing to maintain their fluffiness and shape. We recommend fluffing seat cushions once a week and back cushions once a month. For the best results, remove the cover from the pillows and take out the foam insert during fluffing. We also recommend reversing the foam insert in the feather pillows from time to time: this helps to maintain the attractive shape of the pillows. Additionally, it helps reduce the sagging of the filler material in sections that are subjected to more wear from sitting than others.<\/p>\n<p><strong>Bear in mind, however, that a slightly irregular shape is a natural feature of feather pillows, not a defect.<\/strong><\/p>\n\t\t\t\t\t\t\t\t<\/div>\n\t\t\t\t<\/div>\n\t\t\t\t<div class=\"elementor-element elementor-element-4ee1d79 elementor-widget elementor-widget-heading\" data-id=\"4ee1d79\" data-element_type=\"widget\" data-widget_type=\"heading.default\">\n\t\t\t\t<div class=\"elementor-widget-container\">\n\t\t\t\t\t<h4 class=\"elementor-heading-title elementor-size-default\">Also note that:<\/h4>\t\t\t\t<\/div>\n\t\t\t\t<\/div>\n\t\t\t\t<div class=\"elementor-element elementor-element-a131753 elementor-widget elementor-widget-text-editor\" data-id=\"a131753\" data-element_type=\"widget\" data-widget_type=\"text-editor.default\">\n\t\t\t\t<div class=\"elementor-widget-container\">\n\t\t\t\t\t\t\t\t\t<p>furniture is often upholstered using various filler materials, such as foam, batting, and feathers. Over time and with intense use, these filler materials can shift, change shape, and become deformed under the cover material of the sofa. These changes are not considered as resulting from defective workmanship, as upholstered furniture can never be expected to retain its shape fully.<\/p>\n<p><strong>Care instructions for metal mechanisms<\/strong><\/p>\n<p>The metal mechanisms of sofa beds and beds should be lubricated 1 to 2 times a year by applying general-purpose lubricating oil.<\/p>\n<p><strong>Relocating your furniture<\/strong><\/p>\n<p>We recommend relocating your furniture by lifting, as dragging can cause the feet of the item of furniture to become deformed and damage the floor. Lift the frame by supporting it from below. In addition, it is recommended to install protective felt pads under the feet of your sofa\/armchair to avoid scratching the floor.<\/p>\n<p><strong>Sofa backrests and armrests<\/strong><\/p>\n<p>The backrests and armrests of the sofa are not intended for sitting. In some models, the softer foam inserts in the armrests can start to sag over time, degrading the original appearance of the sofa and causing the fabric to become creased. In the worst cases, the backrest or armrest can even break due to how the frame is constructed.<\/p>\n<p><strong>Bed mechanisms of sofa beds<\/strong><\/p>\n<p>The bed mechanisms of sofa beds are intended for the use of the sofa as a temporary bed, not as a permanent bed. Since sitting on the edge of an open sofa bed can cause the mechanism to bend, an open sofa bed should also not be used for sitting or jumped upon. Jumping around is also advised against for regular sofas and armchairs.<\/p>\n<p><strong>Pets<\/strong><\/p>\n<p>Pets can unwittingly scratch or soil the fabrics of upholstered furniture, and the saliva and other secretions of pets can be corrosive to furniture materials.<\/p>\n<p><strong>Excessive loads<\/strong><\/p>\n<p>Do not use the sofa as a surface on which to store heavy items: constant excessive loads can damage the cover fabric and cushioning. Please also take care not to overload the furniture by seating more than one person on a single seat.<\/p>\n<p><strong>Transport<\/strong><\/p>\n<p>The product should be transported in a vehicle where it is protected against crushing, falling, scratching, etc. When lifting the product, please make sure that you have sufficient help available. Any damage caused during transport of the product by the customer is not covered by the warranty.<\/p>\n\t\t\t\t\t\t\t\t<\/div>\n\t\t\t\t<\/div>\n\t\t\t\t<div class=\"elementor-element elementor-element-2f46ef5 elementor-widget elementor-widget-heading\" data-id=\"2f46ef5\" data-element_type=\"widget\" data-widget_type=\"heading.default\">\n\t\t\t\t<div class=\"elementor-widget-container\">\n\t\t\t\t\t<h4 class=\"elementor-heading-title elementor-size-default\">Other considerations<\/h4>\t\t\t\t<\/div>\n\t\t\t\t<\/div>\n\t\t\t\t<div class=\"elementor-element elementor-element-2bdd7b7 elementor-widget elementor-widget-text-editor\" data-id=\"2bdd7b7\" data-element_type=\"widget\" data-widget_type=\"text-editor.default\">\n\t\t\t\t<div class=\"elementor-widget-container\">\n\t\t\t\t\t\t\t\t\t<p>Product dimensions may differ from those specified by +\/-2 cm, as our products are handmade.<\/p>\n<p>If you would like to have the cover material replaced with a new one or order a replacement pillow insert or new feet for your furniture, please do not hesitate to contact us!<\/p>\n\t\t\t\t\t\t\t\t<\/div>\n\t\t\t\t<\/div>\n\t\t\t\t<\/div>\n\t\t\t\t\t<\/div>\n\t\t\t\t<\/div>\n\t\t\t\t<\/div>\n\t\t","protected":false},"excerpt":{"rendered":"<p>User manual Care and User Manual Dear customer, please read this guide carefully and follow the instructions provided herein on how to use and care for your sofa. This helps to ensure a lasting aesthetic appearance and long service life for the product. Bell\ufb01re shall not be liable for any defects in the product resulting [&hellip;]<\/p>\n","protected":false},"author":1,"featured_media":0,"parent":0,"menu_order":0,"comment_status":"closed","ping_status":"closed","template":"","meta":{"_acf_changed":false,"footnotes":""},"class_list":["post-49562","page","type-page","status-publish","hentry"],"acf":[],"yoast_head":"<!-- This site is optimized with the Yoast SEO plugin v26.1 - https:\/\/yoast.com\/wordpress\/plugins\/seo\/ -->\n<title>User manual - Bellfire<\/title>\n<meta name=\"robots\" content=\"index, follow, max-snippet:-1, max-image-preview:large, max-video-preview:-1\" \/>\n<link rel=\"canonical\" href=\"https:\/\/bellfire.ee\/en\/user-manual\/\" \/>\n<meta property=\"og:locale\" content=\"en_US\" \/>\n<meta property=\"og:type\" content=\"article\" \/>\n<meta property=\"og:title\" content=\"User manual - Bellfire\" \/>\n<meta property=\"og:description\" content=\"User manual Care and User Manual Dear customer, please read this guide carefully and follow the instructions provided herein on how to use and care for your sofa. This helps to ensure a lasting aesthetic appearance and long service life for the product. Bell\ufb01re shall not be liable for any defects in the product resulting [&hellip;]\" \/>\n<meta property=\"og:url\" content=\"https:\/\/bellfire.ee\/en\/user-manual\/\" \/>\n<meta property=\"og:site_name\" content=\"Bellfire\" \/>\n<meta property=\"article:modified_time\" content=\"2024-12-02T11:38:23+00:00\" \/>\n<meta name=\"twitter:card\" content=\"summary_large_image\" \/>\n<meta name=\"twitter:label1\" content=\"Est. reading time\" \/>\n\t<meta name=\"twitter:data1\" content=\"5 minutes\" \/>\n<script type=\"application\/ld+json\" class=\"yoast-schema-graph\">{\"@context\":\"https:\/\/schema.org\",\"@graph\":[{\"@type\":\"WebPage\",\"@id\":\"https:\/\/bellfire.ee\/en\/user-manual\/\",\"url\":\"https:\/\/bellfire.ee\/en\/user-manual\/\",\"name\":\"User manual - Bellfire\",\"isPartOf\":{\"@id\":\"https:\/\/bellfire.ee\/en\/#website\"},\"datePublished\":\"2024-10-16T13:17:22+00:00\",\"dateModified\":\"2024-12-02T11:38:23+00:00\",\"breadcrumb\":{\"@id\":\"https:\/\/bellfire.ee\/en\/user-manual\/#breadcrumb\"},\"inLanguage\":\"en-US\",\"potentialAction\":[{\"@type\":\"ReadAction\",\"target\":[\"https:\/\/bellfire.ee\/en\/user-manual\/\"]}]},{\"@type\":\"BreadcrumbList\",\"@id\":\"https:\/\/bellfire.ee\/en\/user-manual\/#breadcrumb\",\"itemListElement\":[{\"@type\":\"ListItem\",\"position\":1,\"name\":\"Avaleht\",\"item\":\"https:\/\/bellfire.ee\/en\/\"},{\"@type\":\"ListItem\",\"position\":2,\"name\":\"User manual\"}]},{\"@type\":\"WebSite\",\"@id\":\"https:\/\/bellfire.ee\/en\/#website\",\"url\":\"https:\/\/bellfire.ee\/en\/\",\"name\":\"Bellfire\",\"description\":\"Disainm\u00f6\u00f6bel Sinu koju Eesti pehme m\u00f6\u00f6bli tootjal\",\"publisher\":{\"@id\":\"https:\/\/bellfire.ee\/en\/#organization\"},\"potentialAction\":[{\"@type\":\"SearchAction\",\"target\":{\"@type\":\"EntryPoint\",\"urlTemplate\":\"https:\/\/bellfire.ee\/en\/?s={search_term_string}\"},\"query-input\":{\"@type\":\"PropertyValueSpecification\",\"valueRequired\":true,\"valueName\":\"search_term_string\"}}],\"inLanguage\":\"en-US\"},{\"@type\":\"Organization\",\"@id\":\"https:\/\/bellfire.ee\/en\/#organization\",\"name\":\"Bellfire\",\"url\":\"https:\/\/bellfire.ee\/en\/\",\"logo\":{\"@type\":\"ImageObject\",\"inLanguage\":\"en-US\",\"@id\":\"https:\/\/bellfire.ee\/en\/#\/schema\/logo\/image\/\",\"url\":\"https:\/\/bellfire.ee\/wp-content\/uploads\/2024\/10\/Site-logo.svg\",\"contentUrl\":\"https:\/\/bellfire.ee\/wp-content\/uploads\/2024\/10\/Site-logo.svg\",\"width\":55,\"height\":64,\"caption\":\"Bellfire\"},\"image\":{\"@id\":\"https:\/\/bellfire.ee\/en\/#\/schema\/logo\/image\/\"}}]}<\/script>\n<!-- \/ Yoast SEO plugin. -->","yoast_head_json":{"title":"User manual - Bellfire","robots":{"index":"index","follow":"follow","max-snippet":"max-snippet:-1","max-image-preview":"max-image-preview:large","max-video-preview":"max-video-preview:-1"},"canonical":"https:\/\/bellfire.ee\/en\/user-manual\/","og_locale":"en_US","og_type":"article","og_title":"User manual - Bellfire","og_description":"User manual Care and User Manual Dear customer, please read this guide carefully and follow the instructions provided herein on how to use and care for your sofa. This helps to ensure a lasting aesthetic appearance and long service life for the product. Bell\ufb01re shall not be liable for any defects in the product resulting [&hellip;]","og_url":"https:\/\/bellfire.ee\/en\/user-manual\/","og_site_name":"Bellfire","article_modified_time":"2024-12-02T11:38:23+00:00","twitter_card":"summary_large_image","twitter_misc":{"Est. reading time":"5 minutes"},"schema":{"@context":"https:\/\/schema.org","@graph":[{"@type":"WebPage","@id":"https:\/\/bellfire.ee\/en\/user-manual\/","url":"https:\/\/bellfire.ee\/en\/user-manual\/","name":"User manual - Bellfire","isPartOf":{"@id":"https:\/\/bellfire.ee\/en\/#website"},"datePublished":"2024-10-16T13:17:22+00:00","dateModified":"2024-12-02T11:38:23+00:00","breadcrumb":{"@id":"https:\/\/bellfire.ee\/en\/user-manual\/#breadcrumb"},"inLanguage":"en-US","potentialAction":[{"@type":"ReadAction","target":["https:\/\/bellfire.ee\/en\/user-manual\/"]}]},{"@type":"BreadcrumbList","@id":"https:\/\/bellfire.ee\/en\/user-manual\/#breadcrumb","itemListElement":[{"@type":"ListItem","position":1,"name":"Avaleht","item":"https:\/\/bellfire.ee\/en\/"},{"@type":"ListItem","position":2,"name":"User manual"}]},{"@type":"WebSite","@id":"https:\/\/bellfire.ee\/en\/#website","url":"https:\/\/bellfire.ee\/en\/","name":"Bellfire","description":"Disainm\u00f6\u00f6bel Sinu koju Eesti pehme m\u00f6\u00f6bli tootjal","publisher":{"@id":"https:\/\/bellfire.ee\/en\/#organization"},"potentialAction":[{"@type":"SearchAction","target":{"@type":"EntryPoint","urlTemplate":"https:\/\/bellfire.ee\/en\/?s={search_term_string}"},"query-input":{"@type":"PropertyValueSpecification","valueRequired":true,"valueName":"search_term_string"}}],"inLanguage":"en-US"},{"@type":"Organization","@id":"https:\/\/bellfire.ee\/en\/#organization","name":"Bellfire","url":"https:\/\/bellfire.ee\/en\/","logo":{"@type":"ImageObject","inLanguage":"en-US","@id":"https:\/\/bellfire.ee\/en\/#\/schema\/logo\/image\/","url":"https:\/\/bellfire.ee\/wp-content\/uploads\/2024\/10\/Site-logo.svg","contentUrl":"https:\/\/bellfire.ee\/wp-content\/uploads\/2024\/10\/Site-logo.svg","width":55,"height":64,"caption":"Bellfire"},"image":{"@id":"https:\/\/bellfire.ee\/en\/#\/schema\/logo\/image\/"}}]}},"_links":{"self":[{"href":"https:\/\/bellfire.ee\/en\/wp-json\/wp\/v2\/pages\/49562","targetHints":{"allow":["GET"]}}],"collection":[{"href":"https:\/\/bellfire.ee\/en\/wp-json\/wp\/v2\/pages"}],"about":[{"href":"https:\/\/bellfire.ee\/en\/wp-json\/wp\/v2\/types\/page"}],"author":[{"embeddable":true,"href":"https:\/\/bellfire.ee\/en\/wp-json\/wp\/v2\/users\/1"}],"replies":[{"embeddable":true,"href":"https:\/\/bellfire.ee\/en\/wp-json\/wp\/v2\/comments?post=49562"}],"version-history":[{"count":1,"href":"https:\/\/bellfire.ee\/en\/wp-json\/wp\/v2\/pages\/49562\/revisions"}],"predecessor-version":[{"id":49563,"href":"https:\/\/bellfire.ee\/en\/wp-json\/wp\/v2\/pages\/49562\/revisions\/49563"}],"wp:attachment":[{"href":"https:\/\/bellfire.ee\/en\/wp-json\/wp\/v2\/media?parent=49562"}],"curies":[{"name":"wp","href":"https:\/\/api.w.org\/{rel}","templated":true}]}}