{"id":49537,"date":"2024-09-17T11:29:36","date_gmt":"2024-09-17T11:29:36","guid":{"rendered":"https:\/\/bellfire.ee\/privacy-policy\/"},"modified":"2024-12-02T11:38:12","modified_gmt":"2024-12-02T11:38:12","slug":"privacy-policy","status":"publish","type":"page","link":"https:\/\/bellfire.ee\/en\/privacy-policy\/","title":{"rendered":"Privacy Policy"},"content":{"rendered":"\t\t<div data-elementor-type=\"wp-page\" data-elementor-id=\"49537\" class=\"elementor elementor-49537 elementor-3\" data-elementor-post-type=\"page\">\n\t\t\t\t<div class=\"elementor-element elementor-element-8f49dd6 e-flex e-con-boxed e-con e-parent\" data-id=\"8f49dd6\" data-element_type=\"container\">\n\t\t\t\t\t<div class=\"e-con-inner\">\n\t\t<div class=\"elementor-element elementor-element-d4bb40d e-con-full e-flex e-con e-child\" data-id=\"d4bb40d\" data-element_type=\"container\">\n\t\t\t\t<div class=\"elementor-element elementor-element-1aa1834 elementor-widget__width-initial elementor-widget elementor-widget-heading\" data-id=\"1aa1834\" data-element_type=\"widget\" data-widget_type=\"heading.default\">\n\t\t\t\t<div class=\"elementor-widget-container\">\n\t\t\t\t\t<h1 class=\"elementor-heading-title elementor-size-default\">Privacy Policy<\/h1>\t\t\t\t<\/div>\n\t\t\t\t<\/div>\n\t\t\t\t<div class=\"elementor-element elementor-element-50a5a4f elementor-widget elementor-widget-text-editor\" data-id=\"50a5a4f\" data-element_type=\"widget\" data-widget_type=\"text-editor.default\">\n\t\t\t\t<div class=\"elementor-widget-container\">\n\t\t\t\t\t\t\t\t\t<p>We have written this Privacy Policy to explain what information we collect about Users and for what purposes we use it. We do our best to make our views easy to understand and understandable.<\/p>\n\t\t\t\t\t\t\t\t<\/div>\n\t\t\t\t<\/div>\n\t\t\t\t<div class=\"elementor-element elementor-element-4c83c45 elementor-widget elementor-widget-heading\" data-id=\"4c83c45\" data-element_type=\"widget\" data-widget_type=\"heading.default\">\n\t\t\t\t<div class=\"elementor-widget-container\">\n\t\t\t\t\t<h4 class=\"elementor-heading-title elementor-size-default\">We use the following methods to collect information:<\/h4>\t\t\t\t<\/div>\n\t\t\t\t<\/div>\n\t\t\t\t<div class=\"elementor-element elementor-element-a3b9393 elementor-widget elementor-widget-text-editor\" data-id=\"a3b9393\" data-element_type=\"widget\" data-widget_type=\"text-editor.default\">\n\t\t\t\t<div class=\"elementor-widget-container\">\n\t\t\t\t\t\t\t\t\t<p>If you share your information with us or authorise us to collect it using the bellfire.ee website, you will be asked for your permission as a User to use the information about you. When we use information about you to collect personal information about you, we will provide you with the right to use that information:<\/p><ul><li>First name<\/li><li>Last name<\/li><li>Phone number<\/li><li>E-mail address<\/li><\/ul><p>When using the service, the website also collects technical information through cookies.<\/p>\t\t\t\t\t\t\t\t<\/div>\n\t\t\t\t<\/div>\n\t\t\t\t<div class=\"elementor-element elementor-element-d3dafd5 elementor-widget elementor-widget-heading\" data-id=\"d3dafd5\" data-element_type=\"widget\" data-widget_type=\"heading.default\">\n\t\t\t\t<div class=\"elementor-widget-container\">\n\t\t\t\t\t<h4 class=\"elementor-heading-title elementor-size-default\">We use the following methods to collect information:<\/h4>\t\t\t\t<\/div>\n\t\t\t\t<\/div>\n\t\t\t\t<div class=\"elementor-element elementor-element-50c4ff8 elementor-widget elementor-widget-text-editor\" data-id=\"50c4ff8\" data-element_type=\"widget\" data-widget_type=\"text-editor.default\">\n\t\t\t\t<div class=\"elementor-widget-container\">\n\t\t\t\t\t\t\t\t\t<p>We compile and store User cookies in order to make the online shop more user-friendly. A cookie is a small text file that is sent to and stored on the User&#8217;s computer by the websites that the User visits. The cookie is stored in the file directory of the User&#8217;s browser. In case the User has visited a website before, the browser reads the cookie and sends the corresponding information to the element that originally stored the cookie. The removal of cookies is browser-based and is done through the browser settings. For more information on how cookies are applied, please visit <a href=\"http:\/\/www.aboutcookies.org\/\" target=\"_blank\" rel=\"noreferrer noopener\" aria-label=\" (avatakse uues sakis)\">www.aboutcookies.org<\/a><\/p>\n\t\t\t\t\t\t\t\t<\/div>\n\t\t\t\t<\/div>\n\t\t\t\t<div class=\"elementor-element elementor-element-90b2739 elementor-widget elementor-widget-heading\" data-id=\"90b2739\" data-element_type=\"widget\" data-widget_type=\"heading.default\">\n\t\t\t\t<div class=\"elementor-widget-container\">\n\t\t\t\t\t<h4 class=\"elementor-heading-title elementor-size-default\">What we use cookies for<\/h4>\t\t\t\t<\/div>\n\t\t\t\t<\/div>\n\t\t\t\t<div class=\"elementor-element elementor-element-487a8d1 elementor-widget elementor-widget-text-editor\" data-id=\"487a8d1\" data-element_type=\"widget\" data-widget_type=\"text-editor.default\">\n\t\t\t\t<div class=\"elementor-widget-container\">\n\t\t\t\t\t\t\t\t\t<p>Google Analytics &#8211; User data is stored for the purpose of collecting usage statistics. In addition, the IP address of the User is stored in the Google Analytics dataset. These statistics allow us to gain insight into the behaviour of Users, to highlight shortcomings of the website and to make the web more personalised and user-friendly in the long term.<\/p>\n\t\t\t\t\t\t\t\t<\/div>\n\t\t\t\t<\/div>\n\t\t\t\t<div class=\"elementor-element elementor-element-8517e75 elementor-widget elementor-widget-heading\" data-id=\"8517e75\" data-element_type=\"widget\" data-widget_type=\"heading.default\">\n\t\t\t\t<div class=\"elementor-widget-container\">\n\t\t\t\t\t<h4 class=\"elementor-heading-title elementor-size-default\">What we do with the information we collect<\/h4>\t\t\t\t<\/div>\n\t\t\t\t<\/div>\n\t\t\t\t<div class=\"elementor-element elementor-element-464feff elementor-widget elementor-widget-text-editor\" data-id=\"464feff\" data-element_type=\"widget\" data-widget_type=\"text-editor.default\">\n\t\t\t\t<div class=\"elementor-widget-container\">\n\t\t\t\t\t\t\t\t\t<p>We use the information we collect to provide the service. Accordingly, we do not collect information about Users that is not necessary to provide the service. Information relating to the User will be available on an as-needed basis:<\/p>\n<p><strong>For the User<br \/>\n<\/strong><strong>To the body administering the Website<br \/>\nTo the contracting bodies<\/strong><\/p>\n<p>All affiliated partners share similar principles with us and hold and use User Personal Information on the same principles. In order to protect the interests of the User, the processing of personal data between the different parties is only carried out on a contractual basis.<\/p>\n<p>When collecting statistical data, we consider the User&#8217;s interest in obtaining a more user-friendly service and in the smooth operation of the website. Statistical data allow us to analyse the patterns of Users&#8217; behaviour when using the web service, allowing us to see which content pages are most frequently used and where Users encounter deficiencies.<\/p>\n\t\t\t\t\t\t\t\t<\/div>\n\t\t\t\t<\/div>\n\t\t\t\t<div class=\"elementor-element elementor-element-6c14bfc elementor-widget elementor-widget-heading\" data-id=\"6c14bfc\" data-element_type=\"widget\" data-widget_type=\"heading.default\">\n\t\t\t\t<div class=\"elementor-widget-container\">\n\t\t\t\t\t<h4 class=\"elementor-heading-title elementor-size-default\">Direct marketing communications<\/h4>\t\t\t\t<\/div>\n\t\t\t\t<\/div>\n\t\t\t\t<div class=\"elementor-element elementor-element-f5442ae elementor-widget elementor-widget-text-editor\" data-id=\"f5442ae\" data-element_type=\"widget\" data-widget_type=\"text-editor.default\">\n\t\t\t\t<div class=\"elementor-widget-container\">\n\t\t\t\t\t\t\t\t\t<p>If there is interest, we will send the User newsletters about new products, services and conditions. To receive newsletters, the User must give their consent. If the User no longer wishes to receive direct marketing communications, he\/she should select the appropriate opt-out link at the bottom of the e-mail or send a request to <a href=\"mailto:bellfire@bellfire.ee\">bellfire@bellfire.ee<\/a>.<\/p>\n<p>Where personal data are processed for direct marketing purposes, the User has the right to object at any time to the processing of his\/her personal data, both initially and subsequently, by informing Customer Support at <a href=\"mailto:bellfire@bellfire.ee\">bellfire@bellfire.ee<\/a>.<\/p>\n\t\t\t\t\t\t\t\t<\/div>\n\t\t\t\t<\/div>\n\t\t\t\t<div class=\"elementor-element elementor-element-513d584 elementor-widget elementor-widget-heading\" data-id=\"513d584\" data-element_type=\"widget\" data-widget_type=\"heading.default\">\n\t\t\t\t<div class=\"elementor-widget-container\">\n\t\t\t\t\t<h4 class=\"elementor-heading-title elementor-size-default\">How and when we share data<\/h4>\t\t\t\t<\/div>\n\t\t\t\t<\/div>\n\t\t\t\t<div class=\"elementor-element elementor-element-73f64d6 elementor-widget elementor-widget-text-editor\" data-id=\"73f64d6\" data-element_type=\"widget\" data-widget_type=\"text-editor.default\">\n\t\t\t\t<div class=\"elementor-widget-container\">\n\t\t\t\t\t\t\t\t\t<p>Skanton is an international service provider. By using our services, you agree that your data may be used for the purposes of providing services outside your home country.<\/p>\n<p>Information relating to the User will be available only to the User and to the body administering the website on an exceptional basis.<\/p>\n<p>Skanton will share User information with official authorities if there are reasonable grounds to believe that the User&#8217;s conduct is maliciously intended to harm the Company or other Users.<\/p>\n<p>In other cases, we will only transfer personal data to third parties if we have the consent of the person whose data is being transferred.<\/p>\n\t\t\t\t\t\t\t\t<\/div>\n\t\t\t\t<\/div>\n\t\t\t\t<div class=\"elementor-element elementor-element-7251bf2 elementor-widget elementor-widget-heading\" data-id=\"7251bf2\" data-element_type=\"widget\" data-widget_type=\"heading.default\">\n\t\t\t\t<div class=\"elementor-widget-container\">\n\t\t\t\t\t<h4 class=\"elementor-heading-title elementor-size-default\">How long we keep User Information<\/h4>\t\t\t\t<\/div>\n\t\t\t\t<\/div>\n\t\t\t\t<div class=\"elementor-element elementor-element-21fef16 elementor-widget elementor-widget-text-editor\" data-id=\"21fef16\" data-element_type=\"widget\" data-widget_type=\"text-editor.default\">\n\t\t\t\t<div class=\"elementor-widget-container\">\n\t\t\t\t\t\t\t\t\t<p>The data will be actively used in the best interests of the Client and for the period necessary to fulfil the purpose for which the service is provided. There is no time limit on the period for which data may be retained in the interest of the customer. Data deletion is in the form of a written request from the customer, sent to <a href=\"mailto:bellfire@bellfire.ee\">bellfire@bellfire.ee<\/a>. We will implement a data deletion process on all linked systems, including our and our partners&#8217; backup copies.<\/p>\n\t\t\t\t\t\t\t\t<\/div>\n\t\t\t\t<\/div>\n\t\t\t\t<div class=\"elementor-element elementor-element-8350fc8 elementor-widget elementor-widget-heading\" data-id=\"8350fc8\" data-element_type=\"widget\" data-widget_type=\"heading.default\">\n\t\t\t\t<div class=\"elementor-widget-container\">\n\t\t\t\t\t<h4 class=\"elementor-heading-title elementor-size-default\">Your rights as a User with respect to the management of your data<\/h4>\t\t\t\t<\/div>\n\t\t\t\t<\/div>\n\t\t\t\t<div class=\"elementor-element elementor-element-d610235 elementor-widget elementor-widget-text-editor\" data-id=\"d610235\" data-element_type=\"widget\" data-widget_type=\"text-editor.default\">\n\t\t\t\t<div class=\"elementor-widget-container\">\n\t\t\t\t\t\t\t\t\t<p>As a Customer, you have the right to access your personal data at any time by submitting a request to bellfire@bellfire.ee . Access to personal data is not possible where such right is restricted by law.<\/p>\n<p>You have the right to withdraw your consent to the processing of your personal data at any time, unless the processing of your personal data without your consent is permitted by law. Withdrawal of consent does not affect the lawfulness of the processing of the data that was carried out on the basis of consent prior to the withdrawal.<\/p>\n<p>If you find that your personal data is not being processed in accordance with the terms of the contract or the law, you have the right to request Skanton to stop processing and accessing your personal data and to delete the data collected. You can do so by contacting Skanton at bellfire@bellfire.ee or by contacting the Data Protection Inspectorate at www.aki.ee.<\/p>\n\t\t\t\t\t\t\t\t<\/div>\n\t\t\t\t<\/div>\n\t\t\t\t<div class=\"elementor-element elementor-element-63f32d9 elementor-widget elementor-widget-heading\" data-id=\"63f32d9\" data-element_type=\"widget\" data-widget_type=\"heading.default\">\n\t\t\t\t<div class=\"elementor-widget-container\">\n\t\t\t\t\t<h4 class=\"elementor-heading-title elementor-size-default\">How to contact us<\/h4>\t\t\t\t<\/div>\n\t\t\t\t<\/div>\n\t\t\t\t<div class=\"elementor-element elementor-element-aed02b9 elementor-widget elementor-widget-text-editor\" data-id=\"aed02b9\" data-element_type=\"widget\" data-widget_type=\"text-editor.default\">\n\t\t\t\t<div class=\"elementor-widget-container\">\n\t\t\t\t\t\t\t\t\t<p>For any questions related to the privacy policy, you are welcome to contact us:<\/p>\n<p><strong><a href=\"mailto:bellfire@bellfire.ee\">bellfire@bellfire.ee<\/a><\/strong><br \/>\n<strong><a href=\"tel:+3726412412\">+372 641 2412<\/a><\/strong><\/p>\n\t\t\t\t\t\t\t\t<\/div>\n\t\t\t\t<\/div>\n\t\t\t\t<\/div>\n\t\t\t\t\t<\/div>\n\t\t\t\t<\/div>\n\t\t\t\t<\/div>\n\t\t","protected":false},"excerpt":{"rendered":"<p>Privacy Policy We have written this Privacy Policy to explain what information we collect about Users and for what purposes we use it. We do our best to make our views easy to understand and understandable. We use the following methods to collect information: If you share your information with us or authorise us to [&hellip;]<\/p>\n","protected":false},"author":1,"featured_media":0,"parent":0,"menu_order":0,"comment_status":"closed","ping_status":"open","template":"","meta":{"_acf_changed":false,"footnotes":""},"class_list":["post-49537","page","type-page","status-publish","hentry"],"acf":[],"yoast_head":"<!-- This site is optimized with the Yoast SEO plugin v26.1 - https:\/\/yoast.com\/wordpress\/plugins\/seo\/ -->\n<title>Privacy Policy - Bellfire<\/title>\n<meta name=\"robots\" content=\"index, follow, max-snippet:-1, max-image-preview:large, max-video-preview:-1\" \/>\n<link rel=\"canonical\" href=\"https:\/\/bellfire.ee\/en\/privacy-policy\/\" \/>\n<meta property=\"og:locale\" content=\"en_US\" \/>\n<meta property=\"og:type\" content=\"article\" \/>\n<meta property=\"og:title\" content=\"Privacy Policy - Bellfire\" \/>\n<meta property=\"og:description\" content=\"Privacy Policy We have written this Privacy Policy to explain what information we collect about Users and for what purposes we use it. We do our best to make our views easy to understand and understandable. We use the following methods to collect information: If you share your information with us or authorise us to [&hellip;]\" \/>\n<meta property=\"og:url\" content=\"https:\/\/bellfire.ee\/en\/privacy-policy\/\" \/>\n<meta property=\"og:site_name\" content=\"Bellfire\" \/>\n<meta property=\"article:modified_time\" content=\"2024-12-02T11:38:12+00:00\" \/>\n<meta name=\"twitter:card\" content=\"summary_large_image\" \/>\n<meta name=\"twitter:label1\" content=\"Est. reading time\" \/>\n\t<meta name=\"twitter:data1\" content=\"6 minutes\" \/>\n<script type=\"application\/ld+json\" class=\"yoast-schema-graph\">{\"@context\":\"https:\/\/schema.org\",\"@graph\":[{\"@type\":\"WebPage\",\"@id\":\"https:\/\/bellfire.ee\/en\/privacy-policy\/\",\"url\":\"https:\/\/bellfire.ee\/en\/privacy-policy\/\",\"name\":\"Privacy Policy - Bellfire\",\"isPartOf\":{\"@id\":\"https:\/\/bellfire.ee\/en\/#website\"},\"datePublished\":\"2024-09-17T11:29:36+00:00\",\"dateModified\":\"2024-12-02T11:38:12+00:00\",\"breadcrumb\":{\"@id\":\"https:\/\/bellfire.ee\/en\/privacy-policy\/#breadcrumb\"},\"inLanguage\":\"en-US\",\"potentialAction\":[{\"@type\":\"ReadAction\",\"target\":[\"https:\/\/bellfire.ee\/en\/privacy-policy\/\"]}]},{\"@type\":\"BreadcrumbList\",\"@id\":\"https:\/\/bellfire.ee\/en\/privacy-policy\/#breadcrumb\",\"itemListElement\":[{\"@type\":\"ListItem\",\"position\":1,\"name\":\"Avaleht\",\"item\":\"https:\/\/bellfire.ee\/en\/\"},{\"@type\":\"ListItem\",\"position\":2,\"name\":\"Privacy Policy\"}]},{\"@type\":\"WebSite\",\"@id\":\"https:\/\/bellfire.ee\/en\/#website\",\"url\":\"https:\/\/bellfire.ee\/en\/\",\"name\":\"Bellfire\",\"description\":\"Disainm\u00f6\u00f6bel Sinu koju Eesti pehme m\u00f6\u00f6bli tootjal\",\"publisher\":{\"@id\":\"https:\/\/bellfire.ee\/en\/#organization\"},\"potentialAction\":[{\"@type\":\"SearchAction\",\"target\":{\"@type\":\"EntryPoint\",\"urlTemplate\":\"https:\/\/bellfire.ee\/en\/?s={search_term_string}\"},\"query-input\":{\"@type\":\"PropertyValueSpecification\",\"valueRequired\":true,\"valueName\":\"search_term_string\"}}],\"inLanguage\":\"en-US\"},{\"@type\":\"Organization\",\"@id\":\"https:\/\/bellfire.ee\/en\/#organization\",\"name\":\"Bellfire\",\"url\":\"https:\/\/bellfire.ee\/en\/\",\"logo\":{\"@type\":\"ImageObject\",\"inLanguage\":\"en-US\",\"@id\":\"https:\/\/bellfire.ee\/en\/#\/schema\/logo\/image\/\",\"url\":\"https:\/\/bellfire.ee\/wp-content\/uploads\/2024\/10\/Site-logo.svg\",\"contentUrl\":\"https:\/\/bellfire.ee\/wp-content\/uploads\/2024\/10\/Site-logo.svg\",\"width\":55,\"height\":64,\"caption\":\"Bellfire\"},\"image\":{\"@id\":\"https:\/\/bellfire.ee\/en\/#\/schema\/logo\/image\/\"}}]}<\/script>\n<!-- \/ Yoast SEO plugin. -->","yoast_head_json":{"title":"Privacy Policy - Bellfire","robots":{"index":"index","follow":"follow","max-snippet":"max-snippet:-1","max-image-preview":"max-image-preview:large","max-video-preview":"max-video-preview:-1"},"canonical":"https:\/\/bellfire.ee\/en\/privacy-policy\/","og_locale":"en_US","og_type":"article","og_title":"Privacy Policy - Bellfire","og_description":"Privacy Policy We have written this Privacy Policy to explain what information we collect about Users and for what purposes we use it. We do our best to make our views easy to understand and understandable. We use the following methods to collect information: If you share your information with us or authorise us to [&hellip;]","og_url":"https:\/\/bellfire.ee\/en\/privacy-policy\/","og_site_name":"Bellfire","article_modified_time":"2024-12-02T11:38:12+00:00","twitter_card":"summary_large_image","twitter_misc":{"Est. reading time":"6 minutes"},"schema":{"@context":"https:\/\/schema.org","@graph":[{"@type":"WebPage","@id":"https:\/\/bellfire.ee\/en\/privacy-policy\/","url":"https:\/\/bellfire.ee\/en\/privacy-policy\/","name":"Privacy Policy - Bellfire","isPartOf":{"@id":"https:\/\/bellfire.ee\/en\/#website"},"datePublished":"2024-09-17T11:29:36+00:00","dateModified":"2024-12-02T11:38:12+00:00","breadcrumb":{"@id":"https:\/\/bellfire.ee\/en\/privacy-policy\/#breadcrumb"},"inLanguage":"en-US","potentialAction":[{"@type":"ReadAction","target":["https:\/\/bellfire.ee\/en\/privacy-policy\/"]}]},{"@type":"BreadcrumbList","@id":"https:\/\/bellfire.ee\/en\/privacy-policy\/#breadcrumb","itemListElement":[{"@type":"ListItem","position":1,"name":"Avaleht","item":"https:\/\/bellfire.ee\/en\/"},{"@type":"ListItem","position":2,"name":"Privacy Policy"}]},{"@type":"WebSite","@id":"https:\/\/bellfire.ee\/en\/#website","url":"https:\/\/bellfire.ee\/en\/","name":"Bellfire","description":"Disainm\u00f6\u00f6bel Sinu koju Eesti pehme m\u00f6\u00f6bli tootjal","publisher":{"@id":"https:\/\/bellfire.ee\/en\/#organization"},"potentialAction":[{"@type":"SearchAction","target":{"@type":"EntryPoint","urlTemplate":"https:\/\/bellfire.ee\/en\/?s={search_term_string}"},"query-input":{"@type":"PropertyValueSpecification","valueRequired":true,"valueName":"search_term_string"}}],"inLanguage":"en-US"},{"@type":"Organization","@id":"https:\/\/bellfire.ee\/en\/#organization","name":"Bellfire","url":"https:\/\/bellfire.ee\/en\/","logo":{"@type":"ImageObject","inLanguage":"en-US","@id":"https:\/\/bellfire.ee\/en\/#\/schema\/logo\/image\/","url":"https:\/\/bellfire.ee\/wp-content\/uploads\/2024\/10\/Site-logo.svg","contentUrl":"https:\/\/bellfire.ee\/wp-content\/uploads\/2024\/10\/Site-logo.svg","width":55,"height":64,"caption":"Bellfire"},"image":{"@id":"https:\/\/bellfire.ee\/en\/#\/schema\/logo\/image\/"}}]}},"_links":{"self":[{"href":"https:\/\/bellfire.ee\/en\/wp-json\/wp\/v2\/pages\/49537","targetHints":{"allow":["GET"]}}],"collection":[{"href":"https:\/\/bellfire.ee\/en\/wp-json\/wp\/v2\/pages"}],"about":[{"href":"https:\/\/bellfire.ee\/en\/wp-json\/wp\/v2\/types\/page"}],"author":[{"embeddable":true,"href":"https:\/\/bellfire.ee\/en\/wp-json\/wp\/v2\/users\/1"}],"replies":[{"embeddable":true,"href":"https:\/\/bellfire.ee\/en\/wp-json\/wp\/v2\/comments?post=49537"}],"version-history":[{"count":16,"href":"https:\/\/bellfire.ee\/en\/wp-json\/wp\/v2\/pages\/49537\/revisions"}],"predecessor-version":[{"id":49553,"href":"https:\/\/bellfire.ee\/en\/wp-json\/wp\/v2\/pages\/49537\/revisions\/49553"}],"wp:attachment":[{"href":"https:\/\/bellfire.ee\/en\/wp-json\/wp\/v2\/media?parent=49537"}],"curies":[{"name":"wp","href":"https:\/\/api.w.org\/{rel}","templated":true}]}}